{"id":22341,"date":"2026-04-17T00:07:15","date_gmt":"2026-04-16T22:07:15","guid":{"rendered":"https:\/\/promoelectrofrance.com\/?post_type=product&#038;p=22341"},"modified":"2026-04-17T00:10:02","modified_gmt":"2026-04-16T22:10:02","slug":"cuisiniere-induction-valberg-ic-60-4mc-x-343c","status":"publish","type":"product","link":"https:\/\/promoelectrofrance.com\/?product=cuisiniere-induction-valberg-ic-60-4mc-x-343c","title":{"rendered":"Cuisini\u00e8re induction VALBERG IC 60 4MC X 343C"},"content":{"rendered":"<table>\n<thead>\n<tr>\n<th><strong>Caract\u00e9ristique<\/strong><\/th>\n<th><strong>D\u00e9tail<\/strong><\/th>\n<\/tr>\n<\/thead>\n<tbody>\n<tr>\n<td><strong>Marque<\/strong><\/td>\n<td>VALBERG<\/td>\n<\/tr>\n<tr>\n<td><strong>Mode de cuisson<\/strong><\/td>\n<td>Induction<\/td>\n<\/tr>\n<tr>\n<td><strong>Nombre de foyers<\/strong><\/td>\n<td>4<\/td>\n<\/tr>\n<tr>\n<td><strong>Type de foyer<\/strong><\/td>\n<td>Induction<\/td>\n<\/tr>\n<tr>\n<td><strong>Allumage<\/strong><\/td>\n<td>Manettes<\/td>\n<\/tr>\n<tr>\n<td><strong>Puissance totale foyers<\/strong><\/td>\n<td>7\u202f000 W<\/td>\n<\/tr>\n<tr>\n<td><strong>Type de four<\/strong><\/td>\n<td>Chaleur tournante<\/td>\n<\/tr>\n<tr>\n<td><strong>Capacit\u00e9 du four<\/strong><\/td>\n<td>70 L<\/td>\n<\/tr>\n<tr>\n<td><strong>Puissance four<\/strong><\/td>\n<td>3\u202f000 W<\/td>\n<\/tr>\n<tr>\n<td><strong>Nettoyage four<\/strong><\/td>\n<td>Catalyse<\/td>\n<\/tr>\n<tr>\n<td><strong>Porte froide<\/strong><\/td>\n<td>Non<\/td>\n<\/tr>\n<tr>\n<td><strong>Classe \u00e9nerg\u00e9tique<\/strong><\/td>\n<td>A<\/td>\n<\/tr>\n<tr>\n<td><strong>S\u00e9curit\u00e9s<\/strong><\/td>\n<td>T\u00e9moins de chaleur r\u00e9siduelle, Anti-surchauffe<\/td>\n<\/tr>\n<tr>\n<td><strong>Connexion \u00e0 plusieurs phases<\/strong><\/td>\n<td>1 phase<\/td>\n<\/tr>\n<tr>\n<td><strong>C\u00e2ble \u00e9lectrique fourni<\/strong><\/td>\n<td>Oui (sans prise)<\/td>\n<\/tr>\n<tr>\n<td><strong>Dimensions produit (H x L x P)<\/strong><\/td>\n<td>85 x 59,5 x 60 cm<\/td>\n<\/tr>\n<tr>\n<td><strong>Dimensions colis (H x L x P)<\/strong><\/td>\n<td>92 x 70 x 64 cm<\/td>\n<\/tr>\n<tr>\n<td><strong>Poids brut<\/strong><\/td>\n<td>58,5 kg<\/td>\n<\/tr>\n<tr>\n<td><strong>Coloris<\/strong><\/td>\n<td>Inox<\/td>\n<\/tr>\n<\/tbody>\n<\/table>\n","protected":false},"excerpt":{"rendered":"<p>Caract\u00e9ristique D\u00e9tail Marque VALBERG Mode de cuisson Induction Nombre de foyers 4 Type de foyer Induction Allumage Manettes Puissance totale foyers 7\u202f000 W Type de four Chaleur tournante Capacit\u00e9 du four 70 L Puissance four 3\u202f000 W Nettoyage four Catalyse Porte froide Non Classe \u00e9nerg\u00e9tique A S\u00e9curit\u00e9s T\u00e9moins de chaleur r\u00e9siduelle, Anti-surchauffe Connexion \u00e0 plusieurs [&hellip;]<\/p>\n","protected":false},"featured_media":22435,"comment_status":"open","ping_status":"closed","template":"","meta":[],"product_brand":[212],"product_cat":[243,209],"product_tag":[],"class_list":{"0":"post-22341","1":"product","2":"type-product","3":"status-publish","4":"has-post-thumbnail","6":"product_brand-valberg","7":"product_cat-cuisiniere","8":"product_cat-electromenager","11":"first","12":"instock","13":"sale","14":"shipping-taxable","15":"purchasable","16":"product-type-simple"},"yoast_head":"<!-- This site is optimized with the Yoast SEO plugin v27.3 - https:\/\/yoast.com\/product\/yoast-seo-wordpress\/ -->\n<title>Cuisini\u00e8re induction VALBERG IC 60 4MC X 343C - Promo Electro France<\/title>\n<meta name=\"robots\" content=\"index, follow, max-snippet:-1, max-image-preview:large, max-video-preview:-1\" \/>\n<link rel=\"canonical\" href=\"https:\/\/promoelectrofrance.com\/?product=cuisiniere-induction-valberg-ic-60-4mc-x-343c\" \/>\n<meta property=\"og:locale\" content=\"fr_FR\" \/>\n<meta property=\"og:type\" content=\"article\" \/>\n<meta property=\"og:title\" content=\"Cuisini\u00e8re induction VALBERG IC 60 4MC X 343C - Promo Electro France\" \/>\n<meta property=\"og:description\" content=\"Caract\u00e9ristique D\u00e9tail Marque VALBERG Mode de cuisson Induction Nombre de foyers 4 Type de foyer Induction Allumage Manettes Puissance totale foyers 7\u202f000 W Type de four Chaleur tournante Capacit\u00e9 du four 70 L Puissance four 3\u202f000 W Nettoyage four Catalyse Porte froide Non Classe \u00e9nerg\u00e9tique A S\u00e9curit\u00e9s T\u00e9moins de chaleur r\u00e9siduelle, Anti-surchauffe Connexion \u00e0 plusieurs [&hellip;]\" \/>\n<meta property=\"og:url\" content=\"https:\/\/promoelectrofrance.com\/?product=cuisiniere-induction-valberg-ic-60-4mc-x-343c\" \/>\n<meta property=\"og:site_name\" content=\"Promo Electro France\" \/>\n<meta property=\"article:modified_time\" content=\"2026-04-16T22:10:02+00:00\" \/>\n<meta name=\"twitter:card\" content=\"summary_large_image\" \/>\n<script type=\"application\/ld+json\" class=\"yoast-schema-graph\">{\"@context\":\"https:\\\/\\\/schema.org\",\"@graph\":[{\"@type\":\"WebPage\",\"@id\":\"https:\\\/\\\/promoelectrofrance.com\\\/?product=cuisiniere-induction-valberg-ic-60-4mc-x-343c\",\"url\":\"https:\\\/\\\/promoelectrofrance.com\\\/?product=cuisiniere-induction-valberg-ic-60-4mc-x-343c\",\"name\":\"Cuisini\u00e8re induction VALBERG IC 60 4MC X 343C - Promo Electro France\",\"isPartOf\":{\"@id\":\"https:\\\/\\\/promoelectrofrance.com\\\/#website\"},\"primaryImageOfPage\":{\"@id\":\"https:\\\/\\\/promoelectrofrance.com\\\/?product=cuisiniere-induction-valberg-ic-60-4mc-x-343c#primaryimage\"},\"image\":{\"@id\":\"https:\\\/\\\/promoelectrofrance.com\\\/?product=cuisiniere-induction-valberg-ic-60-4mc-x-343c#primaryimage\"},\"thumbnailUrl\":\"https:\\\/\\\/promoelectrofrance.com\\\/wp-content\\\/uploads\\\/2026\\\/04\\\/Cuisiniere-induction-VALBERG-IC-60-4MC-X-343C-1.jpeg\",\"datePublished\":\"2026-04-16T22:07:15+00:00\",\"dateModified\":\"2026-04-16T22:10:02+00:00\",\"breadcrumb\":{\"@id\":\"https:\\\/\\\/promoelectrofrance.com\\\/?product=cuisiniere-induction-valberg-ic-60-4mc-x-343c#breadcrumb\"},\"inLanguage\":\"fr-FR\",\"potentialAction\":[{\"@type\":\"ReadAction\",\"target\":[\"https:\\\/\\\/promoelectrofrance.com\\\/?product=cuisiniere-induction-valberg-ic-60-4mc-x-343c\"]}]},{\"@type\":\"ImageObject\",\"inLanguage\":\"fr-FR\",\"@id\":\"https:\\\/\\\/promoelectrofrance.com\\\/?product=cuisiniere-induction-valberg-ic-60-4mc-x-343c#primaryimage\",\"url\":\"https:\\\/\\\/promoelectrofrance.com\\\/wp-content\\\/uploads\\\/2026\\\/04\\\/Cuisiniere-induction-VALBERG-IC-60-4MC-X-343C-1.jpeg\",\"contentUrl\":\"https:\\\/\\\/promoelectrofrance.com\\\/wp-content\\\/uploads\\\/2026\\\/04\\\/Cuisiniere-induction-VALBERG-IC-60-4MC-X-343C-1.jpeg\",\"width\":700,\"height\":700},{\"@type\":\"BreadcrumbList\",\"@id\":\"https:\\\/\\\/promoelectrofrance.com\\\/?product=cuisiniere-induction-valberg-ic-60-4mc-x-343c#breadcrumb\",\"itemListElement\":[{\"@type\":\"ListItem\",\"position\":1,\"name\":\"Accueil\",\"item\":\"https:\\\/\\\/promoelectrofrance.com\\\/\"},{\"@type\":\"ListItem\",\"position\":2,\"name\":\"Boutique\",\"item\":\"https:\\\/\\\/promoelectrofrance.com\\\/?page_id=8\"},{\"@type\":\"ListItem\",\"position\":3,\"name\":\"Cuisini\u00e8re induction VALBERG IC 60 4MC X 343C\"}]},{\"@type\":\"WebSite\",\"@id\":\"https:\\\/\\\/promoelectrofrance.com\\\/#website\",\"url\":\"https:\\\/\\\/promoelectrofrance.com\\\/\",\"name\":\"Promo Electro France\",\"description\":\"\",\"potentialAction\":[{\"@type\":\"SearchAction\",\"target\":{\"@type\":\"EntryPoint\",\"urlTemplate\":\"https:\\\/\\\/promoelectrofrance.com\\\/?s={search_term_string}\"},\"query-input\":{\"@type\":\"PropertyValueSpecification\",\"valueRequired\":true,\"valueName\":\"search_term_string\"}}],\"inLanguage\":\"fr-FR\"}]}<\/script>\n<!-- \/ Yoast SEO plugin. -->","yoast_head_json":{"title":"Cuisini\u00e8re induction VALBERG IC 60 4MC X 343C - Promo Electro France","robots":{"index":"index","follow":"follow","max-snippet":"max-snippet:-1","max-image-preview":"max-image-preview:large","max-video-preview":"max-video-preview:-1"},"canonical":"https:\/\/promoelectrofrance.com\/?product=cuisiniere-induction-valberg-ic-60-4mc-x-343c","og_locale":"fr_FR","og_type":"article","og_title":"Cuisini\u00e8re induction VALBERG IC 60 4MC X 343C - Promo Electro France","og_description":"Caract\u00e9ristique D\u00e9tail Marque VALBERG Mode de cuisson Induction Nombre de foyers 4 Type de foyer Induction Allumage Manettes Puissance totale foyers 7\u202f000 W Type de four Chaleur tournante Capacit\u00e9 du four 70 L Puissance four 3\u202f000 W Nettoyage four Catalyse Porte froide Non Classe \u00e9nerg\u00e9tique A S\u00e9curit\u00e9s T\u00e9moins de chaleur r\u00e9siduelle, Anti-surchauffe Connexion \u00e0 plusieurs [&hellip;]","og_url":"https:\/\/promoelectrofrance.com\/?product=cuisiniere-induction-valberg-ic-60-4mc-x-343c","og_site_name":"Promo Electro France","article_modified_time":"2026-04-16T22:10:02+00:00","twitter_card":"summary_large_image","schema":{"@context":"https:\/\/schema.org","@graph":[{"@type":"WebPage","@id":"https:\/\/promoelectrofrance.com\/?product=cuisiniere-induction-valberg-ic-60-4mc-x-343c","url":"https:\/\/promoelectrofrance.com\/?product=cuisiniere-induction-valberg-ic-60-4mc-x-343c","name":"Cuisini\u00e8re induction VALBERG IC 60 4MC X 343C - Promo Electro France","isPartOf":{"@id":"https:\/\/promoelectrofrance.com\/#website"},"primaryImageOfPage":{"@id":"https:\/\/promoelectrofrance.com\/?product=cuisiniere-induction-valberg-ic-60-4mc-x-343c#primaryimage"},"image":{"@id":"https:\/\/promoelectrofrance.com\/?product=cuisiniere-induction-valberg-ic-60-4mc-x-343c#primaryimage"},"thumbnailUrl":"https:\/\/promoelectrofrance.com\/wp-content\/uploads\/2026\/04\/Cuisiniere-induction-VALBERG-IC-60-4MC-X-343C-1.jpeg","datePublished":"2026-04-16T22:07:15+00:00","dateModified":"2026-04-16T22:10:02+00:00","breadcrumb":{"@id":"https:\/\/promoelectrofrance.com\/?product=cuisiniere-induction-valberg-ic-60-4mc-x-343c#breadcrumb"},"inLanguage":"fr-FR","potentialAction":[{"@type":"ReadAction","target":["https:\/\/promoelectrofrance.com\/?product=cuisiniere-induction-valberg-ic-60-4mc-x-343c"]}]},{"@type":"ImageObject","inLanguage":"fr-FR","@id":"https:\/\/promoelectrofrance.com\/?product=cuisiniere-induction-valberg-ic-60-4mc-x-343c#primaryimage","url":"https:\/\/promoelectrofrance.com\/wp-content\/uploads\/2026\/04\/Cuisiniere-induction-VALBERG-IC-60-4MC-X-343C-1.jpeg","contentUrl":"https:\/\/promoelectrofrance.com\/wp-content\/uploads\/2026\/04\/Cuisiniere-induction-VALBERG-IC-60-4MC-X-343C-1.jpeg","width":700,"height":700},{"@type":"BreadcrumbList","@id":"https:\/\/promoelectrofrance.com\/?product=cuisiniere-induction-valberg-ic-60-4mc-x-343c#breadcrumb","itemListElement":[{"@type":"ListItem","position":1,"name":"Accueil","item":"https:\/\/promoelectrofrance.com\/"},{"@type":"ListItem","position":2,"name":"Boutique","item":"https:\/\/promoelectrofrance.com\/?page_id=8"},{"@type":"ListItem","position":3,"name":"Cuisini\u00e8re induction VALBERG IC 60 4MC X 343C"}]},{"@type":"WebSite","@id":"https:\/\/promoelectrofrance.com\/#website","url":"https:\/\/promoelectrofrance.com\/","name":"Promo Electro France","description":"","potentialAction":[{"@type":"SearchAction","target":{"@type":"EntryPoint","urlTemplate":"https:\/\/promoelectrofrance.com\/?s={search_term_string}"},"query-input":{"@type":"PropertyValueSpecification","valueRequired":true,"valueName":"search_term_string"}}],"inLanguage":"fr-FR"}]}},"_links":{"self":[{"href":"https:\/\/promoelectrofrance.com\/index.php?rest_route=\/wp\/v2\/product\/22341","targetHints":{"allow":["GET"]}}],"collection":[{"href":"https:\/\/promoelectrofrance.com\/index.php?rest_route=\/wp\/v2\/product"}],"about":[{"href":"https:\/\/promoelectrofrance.com\/index.php?rest_route=\/wp\/v2\/types\/product"}],"replies":[{"embeddable":true,"href":"https:\/\/promoelectrofrance.com\/index.php?rest_route=%2Fwp%2Fv2%2Fcomments&post=22341"}],"version-history":[{"count":0,"href":"https:\/\/promoelectrofrance.com\/index.php?rest_route=\/wp\/v2\/product\/22341\/revisions"}],"wp:featuredmedia":[{"embeddable":true,"href":"https:\/\/promoelectrofrance.com\/index.php?rest_route=\/wp\/v2\/media\/22435"}],"wp:attachment":[{"href":"https:\/\/promoelectrofrance.com\/index.php?rest_route=%2Fwp%2Fv2%2Fmedia&parent=22341"}],"wp:term":[{"taxonomy":"product_brand","embeddable":true,"href":"https:\/\/promoelectrofrance.com\/index.php?rest_route=%2Fwp%2Fv2%2Fproduct_brand&post=22341"},{"taxonomy":"product_cat","embeddable":true,"href":"https:\/\/promoelectrofrance.com\/index.php?rest_route=%2Fwp%2Fv2%2Fproduct_cat&post=22341"},{"taxonomy":"product_tag","embeddable":true,"href":"https:\/\/promoelectrofrance.com\/index.php?rest_route=%2Fwp%2Fv2%2Fproduct_tag&post=22341"}],"curies":[{"name":"wp","href":"https:\/\/api.w.org\/{rel}","templated":true}]}}