{"id":22338,"date":"2026-04-17T00:07:13","date_gmt":"2026-04-16T22:07:13","guid":{"rendered":"https:\/\/promoelectrofrance.com\/?post_type=product&#038;p=22338"},"modified":"2026-04-17T00:09:51","modified_gmt":"2026-04-16T22:09:51","slug":"cuisiniere-vitroceramique-vc-6060-4cm-w701t","status":"publish","type":"product","link":"https:\/\/promoelectrofrance.com\/?product=cuisiniere-vitroceramique-vc-6060-4cm-w701t","title":{"rendered":"Cuisini\u00e8re vitroc\u00e9ramique VC 6060 4CM W701T"},"content":{"rendered":"<table>\n<thead>\n<tr>\n<th><strong>Caract\u00e9ristique<\/strong><\/th>\n<th><strong>D\u00e9tail<\/strong><\/th>\n<\/tr>\n<\/thead>\n<tbody>\n<tr>\n<td><strong>Marque<\/strong><\/td>\n<td>VALBERG<\/td>\n<\/tr>\n<tr>\n<td><strong>Mode de cuisson<\/strong><\/td>\n<td>Vitroc\u00e9ramique<\/td>\n<\/tr>\n<tr>\n<td><strong>Nombre de foyers<\/strong><\/td>\n<td>4<\/td>\n<\/tr>\n<tr>\n<td><strong>Type de foyer<\/strong><\/td>\n<td>Radiants<\/td>\n<\/tr>\n<tr>\n<td><strong>Allumage<\/strong><\/td>\n<td>Manettes<\/td>\n<\/tr>\n<tr>\n<td><strong>Puissance totale foyers<\/strong><\/td>\n<td>5\u202f800 W<\/td>\n<\/tr>\n<tr>\n<td><strong>Type de four<\/strong><\/td>\n<td>\u00c9lectrique convection naturelle<\/td>\n<\/tr>\n<tr>\n<td><strong>Capacit\u00e9 du four<\/strong><\/td>\n<td>72 L<\/td>\n<\/tr>\n<tr>\n<td><strong>Puissance four<\/strong><\/td>\n<td>2\u202f300 W<\/td>\n<\/tr>\n<tr>\n<td><strong>Nettoyage four<\/strong><\/td>\n<td>Manuel<\/td>\n<\/tr>\n<tr>\n<td><strong>Classe \u00e9nerg\u00e9tique<\/strong><\/td>\n<td>A<\/td>\n<\/tr>\n<tr>\n<td><strong>S\u00e9curit\u00e9s<\/strong><\/td>\n<td>T\u00e9moins de chaleur r\u00e9siduelle, T\u00e9moins de mise sous tension des foyers<\/td>\n<\/tr>\n<tr>\n<td><strong>C\u00e2ble \u00e9lectrique fourni<\/strong><\/td>\n<td>Oui (sans prise)<\/td>\n<\/tr>\n<tr>\n<td><strong>Dimensions produit (H x L x P)<\/strong><\/td>\n<td>85 x 60 x 60 cm<\/td>\n<\/tr>\n<tr>\n<td><strong>Dimensions colis (H x L x P)<\/strong><\/td>\n<td>88 x 58,5 x 60,5 cm<\/td>\n<\/tr>\n<tr>\n<td><strong>Poids brut<\/strong><\/td>\n<td>41,75 kg<\/td>\n<\/tr>\n<tr>\n<td><strong>Coloris<\/strong><\/td>\n<td>Blanc<\/td>\n<\/tr>\n<\/tbody>\n<\/table>\n<p>Cuisini\u00e8re vitroc\u00e9ramique VC 6060 4CM W701T<\/p>\n<p><img fetchpriority=\"high\" class=\"alignnone size-medium wp-image-12399 lws-optimize-lazyload\"  alt=\"\" width=\"300\" height=\"300\" \/ data-src=\"https:\/\/best-electro-tech.com\/wp-content\/uploads\/2025\/11\/Cuisiniere-vitroceramique-VC-6060-4CM-W701T-300x300.jpeg\"> <img class=\"alignnone size-medium wp-image-12400 lws-optimize-lazyload\"  alt=\"\" width=\"300\" height=\"300\" \/ data-src=\"https:\/\/best-electro-tech.com\/wp-content\/uploads\/2025\/11\/Cuisiniere-vitroceramique-VC-6060-4CM-W701T-1-300x300.jpeg\"><\/p>\n<p>&nbsp;<\/p>\n<p>&nbsp;<\/p>\n","protected":false},"excerpt":{"rendered":"<p>\ud83d\udd25 <strong data-start=\"118\" data-end=\"151\">Plaque vitroc\u00e9ramique radiant<\/strong> \u2013 Mont\u00e9e en temp\u00e9rature rapide<br data-start=\"182\" data-end=\"185\" \/>\ud83c\udf73 <strong data-start=\"188\" data-end=\"229\">Compatible toutes casseroles &amp; po\u00eales<\/strong><br data-start=\"229\" data-end=\"232\" \/>\u2668\ufe0f <strong data-start=\"235\" data-end=\"265\">Four \u00e9lectrique polyvalent<\/strong> \u2013 P\u00e2tisserie, gratins, r\u00f4tis, pizzas\u2026<br data-start=\"303\" data-end=\"306\" \/>\ud83d\udccf <strong data-start=\"309\" data-end=\"333\">Convection naturelle<\/strong> \u2013 Cuisson traditionnelle simple<\/p>\n","protected":false},"featured_media":22425,"comment_status":"open","ping_status":"closed","template":"","meta":[],"product_brand":[],"product_cat":[243,209],"product_tag":[],"class_list":{"0":"post-22338","1":"product","2":"type-product","3":"status-publish","4":"has-post-thumbnail","6":"product_cat-cuisiniere","7":"product_cat-electromenager","10":"first","11":"instock","12":"sale","13":"shipping-taxable","14":"purchasable","15":"product-type-simple"},"yoast_head":"<!-- This site is optimized with the Yoast SEO plugin v27.3 - https:\/\/yoast.com\/product\/yoast-seo-wordpress\/ -->\n<title>Cuisini\u00e8re vitroc\u00e9ramique VC 6060 4CM W701T - Promo Electro France<\/title>\n<meta name=\"robots\" content=\"index, follow, max-snippet:-1, max-image-preview:large, max-video-preview:-1\" \/>\n<link rel=\"canonical\" href=\"https:\/\/promoelectrofrance.com\/?product=cuisiniere-vitroceramique-vc-6060-4cm-w701t\" \/>\n<meta property=\"og:locale\" content=\"fr_FR\" \/>\n<meta property=\"og:type\" content=\"article\" \/>\n<meta property=\"og:title\" content=\"Cuisini\u00e8re vitroc\u00e9ramique VC 6060 4CM W701T - Promo Electro France\" \/>\n<meta property=\"og:description\" content=\"\ud83d\udd25 Plaque vitroc\u00e9ramique radiant \u2013 Mont\u00e9e en temp\u00e9rature rapide\ud83c\udf73 Compatible toutes casseroles &amp; po\u00eales\u2668\ufe0f Four \u00e9lectrique polyvalent \u2013 P\u00e2tisserie, gratins, r\u00f4tis, pizzas\u2026\ud83d\udccf Convection naturelle \u2013 Cuisson traditionnelle simple\" \/>\n<meta property=\"og:url\" content=\"https:\/\/promoelectrofrance.com\/?product=cuisiniere-vitroceramique-vc-6060-4cm-w701t\" \/>\n<meta property=\"og:site_name\" content=\"Promo Electro France\" \/>\n<meta property=\"article:modified_time\" content=\"2026-04-16T22:09:51+00:00\" \/>\n<meta name=\"twitter:card\" content=\"summary_large_image\" \/>\n<meta name=\"twitter:label1\" content=\"Dur\u00e9e de lecture estim\u00e9e\" \/>\n\t<meta name=\"twitter:data1\" content=\"1 minute\" \/>\n<script type=\"application\/ld+json\" class=\"yoast-schema-graph\">{\"@context\":\"https:\\\/\\\/schema.org\",\"@graph\":[{\"@type\":\"WebPage\",\"@id\":\"https:\\\/\\\/promoelectrofrance.com\\\/?product=cuisiniere-vitroceramique-vc-6060-4cm-w701t\",\"url\":\"https:\\\/\\\/promoelectrofrance.com\\\/?product=cuisiniere-vitroceramique-vc-6060-4cm-w701t\",\"name\":\"Cuisini\u00e8re vitroc\u00e9ramique VC 6060 4CM W701T - Promo Electro France\",\"isPartOf\":{\"@id\":\"https:\\\/\\\/promoelectrofrance.com\\\/#website\"},\"primaryImageOfPage\":{\"@id\":\"https:\\\/\\\/promoelectrofrance.com\\\/?product=cuisiniere-vitroceramique-vc-6060-4cm-w701t#primaryimage\"},\"image\":{\"@id\":\"https:\\\/\\\/promoelectrofrance.com\\\/?product=cuisiniere-vitroceramique-vc-6060-4cm-w701t#primaryimage\"},\"thumbnailUrl\":\"https:\\\/\\\/promoelectrofrance.com\\\/wp-content\\\/uploads\\\/2026\\\/04\\\/Cuisiniere-vitroceramique-VC-6060-4CM-W701T-2.jpeg\",\"datePublished\":\"2026-04-16T22:07:13+00:00\",\"dateModified\":\"2026-04-16T22:09:51+00:00\",\"breadcrumb\":{\"@id\":\"https:\\\/\\\/promoelectrofrance.com\\\/?product=cuisiniere-vitroceramique-vc-6060-4cm-w701t#breadcrumb\"},\"inLanguage\":\"fr-FR\",\"potentialAction\":[{\"@type\":\"ReadAction\",\"target\":[\"https:\\\/\\\/promoelectrofrance.com\\\/?product=cuisiniere-vitroceramique-vc-6060-4cm-w701t\"]}]},{\"@type\":\"ImageObject\",\"inLanguage\":\"fr-FR\",\"@id\":\"https:\\\/\\\/promoelectrofrance.com\\\/?product=cuisiniere-vitroceramique-vc-6060-4cm-w701t#primaryimage\",\"url\":\"https:\\\/\\\/promoelectrofrance.com\\\/wp-content\\\/uploads\\\/2026\\\/04\\\/Cuisiniere-vitroceramique-VC-6060-4CM-W701T-2.jpeg\",\"contentUrl\":\"https:\\\/\\\/promoelectrofrance.com\\\/wp-content\\\/uploads\\\/2026\\\/04\\\/Cuisiniere-vitroceramique-VC-6060-4CM-W701T-2.jpeg\",\"width\":700,\"height\":700},{\"@type\":\"BreadcrumbList\",\"@id\":\"https:\\\/\\\/promoelectrofrance.com\\\/?product=cuisiniere-vitroceramique-vc-6060-4cm-w701t#breadcrumb\",\"itemListElement\":[{\"@type\":\"ListItem\",\"position\":1,\"name\":\"Accueil\",\"item\":\"https:\\\/\\\/promoelectrofrance.com\\\/\"},{\"@type\":\"ListItem\",\"position\":2,\"name\":\"Boutique\",\"item\":\"https:\\\/\\\/promoelectrofrance.com\\\/?page_id=8\"},{\"@type\":\"ListItem\",\"position\":3,\"name\":\"Cuisini\u00e8re vitroc\u00e9ramique VC 6060 4CM W701T\"}]},{\"@type\":\"WebSite\",\"@id\":\"https:\\\/\\\/promoelectrofrance.com\\\/#website\",\"url\":\"https:\\\/\\\/promoelectrofrance.com\\\/\",\"name\":\"Promo Electro France\",\"description\":\"\",\"potentialAction\":[{\"@type\":\"SearchAction\",\"target\":{\"@type\":\"EntryPoint\",\"urlTemplate\":\"https:\\\/\\\/promoelectrofrance.com\\\/?s={search_term_string}\"},\"query-input\":{\"@type\":\"PropertyValueSpecification\",\"valueRequired\":true,\"valueName\":\"search_term_string\"}}],\"inLanguage\":\"fr-FR\"}]}<\/script>\n<!-- \/ Yoast SEO plugin. -->","yoast_head_json":{"title":"Cuisini\u00e8re vitroc\u00e9ramique VC 6060 4CM W701T - Promo Electro France","robots":{"index":"index","follow":"follow","max-snippet":"max-snippet:-1","max-image-preview":"max-image-preview:large","max-video-preview":"max-video-preview:-1"},"canonical":"https:\/\/promoelectrofrance.com\/?product=cuisiniere-vitroceramique-vc-6060-4cm-w701t","og_locale":"fr_FR","og_type":"article","og_title":"Cuisini\u00e8re vitroc\u00e9ramique VC 6060 4CM W701T - Promo Electro France","og_description":"\ud83d\udd25 Plaque vitroc\u00e9ramique radiant \u2013 Mont\u00e9e en temp\u00e9rature rapide\ud83c\udf73 Compatible toutes casseroles &amp; po\u00eales\u2668\ufe0f Four \u00e9lectrique polyvalent \u2013 P\u00e2tisserie, gratins, r\u00f4tis, pizzas\u2026\ud83d\udccf Convection naturelle \u2013 Cuisson traditionnelle simple","og_url":"https:\/\/promoelectrofrance.com\/?product=cuisiniere-vitroceramique-vc-6060-4cm-w701t","og_site_name":"Promo Electro France","article_modified_time":"2026-04-16T22:09:51+00:00","twitter_card":"summary_large_image","twitter_misc":{"Dur\u00e9e de lecture estim\u00e9e":"1 minute"},"schema":{"@context":"https:\/\/schema.org","@graph":[{"@type":"WebPage","@id":"https:\/\/promoelectrofrance.com\/?product=cuisiniere-vitroceramique-vc-6060-4cm-w701t","url":"https:\/\/promoelectrofrance.com\/?product=cuisiniere-vitroceramique-vc-6060-4cm-w701t","name":"Cuisini\u00e8re vitroc\u00e9ramique VC 6060 4CM W701T - Promo Electro France","isPartOf":{"@id":"https:\/\/promoelectrofrance.com\/#website"},"primaryImageOfPage":{"@id":"https:\/\/promoelectrofrance.com\/?product=cuisiniere-vitroceramique-vc-6060-4cm-w701t#primaryimage"},"image":{"@id":"https:\/\/promoelectrofrance.com\/?product=cuisiniere-vitroceramique-vc-6060-4cm-w701t#primaryimage"},"thumbnailUrl":"https:\/\/promoelectrofrance.com\/wp-content\/uploads\/2026\/04\/Cuisiniere-vitroceramique-VC-6060-4CM-W701T-2.jpeg","datePublished":"2026-04-16T22:07:13+00:00","dateModified":"2026-04-16T22:09:51+00:00","breadcrumb":{"@id":"https:\/\/promoelectrofrance.com\/?product=cuisiniere-vitroceramique-vc-6060-4cm-w701t#breadcrumb"},"inLanguage":"fr-FR","potentialAction":[{"@type":"ReadAction","target":["https:\/\/promoelectrofrance.com\/?product=cuisiniere-vitroceramique-vc-6060-4cm-w701t"]}]},{"@type":"ImageObject","inLanguage":"fr-FR","@id":"https:\/\/promoelectrofrance.com\/?product=cuisiniere-vitroceramique-vc-6060-4cm-w701t#primaryimage","url":"https:\/\/promoelectrofrance.com\/wp-content\/uploads\/2026\/04\/Cuisiniere-vitroceramique-VC-6060-4CM-W701T-2.jpeg","contentUrl":"https:\/\/promoelectrofrance.com\/wp-content\/uploads\/2026\/04\/Cuisiniere-vitroceramique-VC-6060-4CM-W701T-2.jpeg","width":700,"height":700},{"@type":"BreadcrumbList","@id":"https:\/\/promoelectrofrance.com\/?product=cuisiniere-vitroceramique-vc-6060-4cm-w701t#breadcrumb","itemListElement":[{"@type":"ListItem","position":1,"name":"Accueil","item":"https:\/\/promoelectrofrance.com\/"},{"@type":"ListItem","position":2,"name":"Boutique","item":"https:\/\/promoelectrofrance.com\/?page_id=8"},{"@type":"ListItem","position":3,"name":"Cuisini\u00e8re vitroc\u00e9ramique VC 6060 4CM W701T"}]},{"@type":"WebSite","@id":"https:\/\/promoelectrofrance.com\/#website","url":"https:\/\/promoelectrofrance.com\/","name":"Promo Electro France","description":"","potentialAction":[{"@type":"SearchAction","target":{"@type":"EntryPoint","urlTemplate":"https:\/\/promoelectrofrance.com\/?s={search_term_string}"},"query-input":{"@type":"PropertyValueSpecification","valueRequired":true,"valueName":"search_term_string"}}],"inLanguage":"fr-FR"}]}},"_links":{"self":[{"href":"https:\/\/promoelectrofrance.com\/index.php?rest_route=\/wp\/v2\/product\/22338","targetHints":{"allow":["GET"]}}],"collection":[{"href":"https:\/\/promoelectrofrance.com\/index.php?rest_route=\/wp\/v2\/product"}],"about":[{"href":"https:\/\/promoelectrofrance.com\/index.php?rest_route=\/wp\/v2\/types\/product"}],"replies":[{"embeddable":true,"href":"https:\/\/promoelectrofrance.com\/index.php?rest_route=%2Fwp%2Fv2%2Fcomments&post=22338"}],"version-history":[{"count":0,"href":"https:\/\/promoelectrofrance.com\/index.php?rest_route=\/wp\/v2\/product\/22338\/revisions"}],"wp:featuredmedia":[{"embeddable":true,"href":"https:\/\/promoelectrofrance.com\/index.php?rest_route=\/wp\/v2\/media\/22425"}],"wp:attachment":[{"href":"https:\/\/promoelectrofrance.com\/index.php?rest_route=%2Fwp%2Fv2%2Fmedia&parent=22338"}],"wp:term":[{"taxonomy":"product_brand","embeddable":true,"href":"https:\/\/promoelectrofrance.com\/index.php?rest_route=%2Fwp%2Fv2%2Fproduct_brand&post=22338"},{"taxonomy":"product_cat","embeddable":true,"href":"https:\/\/promoelectrofrance.com\/index.php?rest_route=%2Fwp%2Fv2%2Fproduct_cat&post=22338"},{"taxonomy":"product_tag","embeddable":true,"href":"https:\/\/promoelectrofrance.com\/index.php?rest_route=%2Fwp%2Fv2%2Fproduct_tag&post=22338"}],"curies":[{"name":"wp","href":"https:\/\/api.w.org\/{rel}","templated":true}]}}