{"id":22312,"date":"2026-04-17T00:05:59","date_gmt":"2026-04-16T22:05:59","guid":{"rendered":"https:\/\/promoelectrofrance.com\/?post_type=product&#038;p=22312"},"modified":"2026-04-17T00:09:10","modified_gmt":"2026-04-16T22:09:10","slug":"pc-asus-desktop-v500mv-13620h044w-intel-core","status":"publish","type":"product","link":"https:\/\/promoelectrofrance.com\/?product=pc-asus-desktop-v500mv-13620h044w-intel-core","title":{"rendered":"PC Asus Desktop V500MV-13620H044W Intel\u00ae Core\u2122"},"content":{"rendered":"<h4>PC Asus Desktop V500MV-13620H044W Intel\u00ae Core\u2122<\/h4>\n<table>\n<thead>\n<tr>\n<th><strong>Caract\u00e9ristique<\/strong><\/th>\n<th><strong>D\u00e9tail<\/strong><\/th>\n<\/tr>\n<\/thead>\n<tbody>\n<tr>\n<td><strong>Marque du processeur<\/strong><\/td>\n<td>INTEL<\/td>\n<\/tr>\n<tr>\n<td><strong>Mod\u00e8le du processeur<\/strong><\/td>\n<td>Intel Core i7-13620H<\/td>\n<\/tr>\n<tr>\n<td><strong>Processeur<\/strong><\/td>\n<td>Intel\u00ae Core\u2122 i7-13620H<\/td>\n<\/tr>\n<tr>\n<td><strong>M\u00e9moire cache du processeur<\/strong><\/td>\n<td>24 MB<\/td>\n<\/tr>\n<tr>\n<td><strong>Fr\u00e9quence du processeur<\/strong><\/td>\n<td>2,4 GHz<\/td>\n<\/tr>\n<tr>\n<td><strong>RAM install\u00e9e<\/strong><\/td>\n<td>32 Go<\/td>\n<\/tr>\n<tr>\n<td><strong>Marque de la carte graphique<\/strong><\/td>\n<td>Intel<\/td>\n<\/tr>\n<tr>\n<td><strong>Mod\u00e8le de la carte graphique<\/strong><\/td>\n<td>Intel UHD Graphics<\/td>\n<\/tr>\n<tr>\n<td><strong>D\u00e9tail de la carte graphique<\/strong><\/td>\n<td>Intel UHD Graphics<\/td>\n<\/tr>\n<tr>\n<td><strong>Stockage total<\/strong><\/td>\n<td>1 To SSD<\/td>\n<\/tr>\n<tr>\n<td><strong>Capacit\u00e9 du disque SSD<\/strong><\/td>\n<td>1 To<\/td>\n<\/tr>\n<tr>\n<td><strong>Type de disque dur<\/strong><\/td>\n<td>SSD<\/td>\n<\/tr>\n<tr>\n<td><strong>M\u00e9moire maximale installable<\/strong><\/td>\n<td>64 Go<\/td>\n<\/tr>\n<tr>\n<td><strong>Type de m\u00e9moire vive install\u00e9e<\/strong><\/td>\n<td>DDR5<\/td>\n<\/tr>\n<tr>\n<td><strong>Lecteur \/ Graveur<\/strong><\/td>\n<td>Non<\/td>\n<\/tr>\n<tr>\n<td><strong>Lecteur de cartes m\u00e9moire<\/strong><\/td>\n<td>Oui (Lecteur de cartes 2 en 1 SD \/ MMC)<\/td>\n<\/tr>\n<tr>\n<td><strong>Communications sans fil<\/strong><\/td>\n<td>Bluetooth, Wifi 802.11 ax<\/td>\n<\/tr>\n<tr>\n<td><strong>Connectique<\/strong><\/td>\n<td>1 DisplayPort, 1 Ethernet RJ-45, 4 USB 2.0, 1 HDMI, 1 USB Type C, 3 USB 3.2<\/td>\n<\/tr>\n<tr>\n<td><strong>Coloris<\/strong><\/td>\n<td>Blanc<\/td>\n<\/tr>\n<tr>\n<td><strong>Syst\u00e8me d&#8217;exploitation<\/strong><\/td>\n<td>Windows 11 Home<\/td>\n<\/tr>\n<tr>\n<td><strong>Gamme<\/strong><\/td>\n<td>ASUS Desktop<\/td>\n<\/tr>\n<tr>\n<td><strong>PC Gamer<\/strong><\/td>\n<td>Non<\/td>\n<\/tr>\n<tr>\n<td><strong>Disponibilit\u00e9 des pi\u00e8ces d\u00e9tach\u00e9es<\/strong><\/td>\n<td>5 ANS<\/td>\n<\/tr>\n<tr>\n<td><strong>Dimensions<\/strong><\/td>\n<td>15.50 x 29.60 x 34.70 cm (6.10&#8243; x 11.65&#8243; x 13.66&#8243;)<\/td>\n<\/tr>\n<tr>\n<td><strong>PC personnalis\u00e9<\/strong><\/td>\n<td>Non<\/td>\n<\/tr>\n<tr>\n<td><strong>Hauteur du produit<\/strong><\/td>\n<td>15,5 cm<\/td>\n<\/tr>\n<tr>\n<td><strong>Largeur du produit<\/strong><\/td>\n<td>34,7 cm<\/td>\n<\/tr>\n<tr>\n<td><strong>Profondeur du produit<\/strong><\/td>\n<td>29,6 cm<\/td>\n<\/tr>\n<tr>\n<td><strong>Poids du produit<\/strong><\/td>\n<td>6 Kg<\/td>\n<\/tr>\n<tr>\n<td><strong>Origine de fabrication<\/strong><\/td>\n<td>Fabriqu\u00e9 hors Europe<\/td>\n<\/tr>\n<tr>\n<td><\/td>\n<td><\/td>\n<\/tr>\n<tr>\n<td><strong>EAN<\/strong><\/td>\n<td>4711387955697<\/td>\n<\/tr>\n<\/tbody>\n<\/table>\n<p><img fetchpriority=\"high\" class=\"alignnone size-medium wp-image-12439 lws-optimize-lazyload\"  alt=\"\" width=\"300\" height=\"300\" \/ data-src=\"https:\/\/best-electro-tech.com\/wp-content\/uploads\/2025\/11\/PC-Asus-Desktop-V500MV-13620H044W-Intel-Core-i7-32-Go-RAM-1-To-D-Blanc-5-300x300.jpg\"><\/p>\n","protected":false},"excerpt":{"rendered":"<ul>\n<li>\ud83d\udcbb <strong data-start=\"63\" data-end=\"86\">Processeur puissant<\/strong> : Intel Core i7-13620H (2,4 GHz)<\/li>\n<li>\u26a1 <strong data-start=\"124\" data-end=\"140\">M\u00e9moire vive<\/strong> : 32 Go DDR5<\/li>\n<li>\ud83d\udda5\ufe0f <strong data-start=\"160\" data-end=\"179\">Carte graphique<\/strong> : Intel UHD Graphics<\/li>\n<li>\ud83d\udcbe <strong data-start=\"206\" data-end=\"225\">Stockage rapide<\/strong> : 1 To SSD<\/li>\n<\/ul>\n","protected":false},"featured_media":22403,"comment_status":"open","ping_status":"closed","template":"","meta":[],"product_brand":[],"product_cat":[228,242],"product_tag":[],"class_list":{"0":"post-22312","1":"product","2":"type-product","3":"status-publish","4":"has-post-thumbnail","6":"product_cat-ordinateurs","7":"product_cat-unite-centrale","10":"first","11":"instock","12":"sale","13":"shipping-taxable","14":"purchasable","15":"product-type-simple"},"yoast_head":"<!-- This site is optimized with the Yoast SEO plugin v27.3 - https:\/\/yoast.com\/product\/yoast-seo-wordpress\/ -->\n<title>PC Asus Desktop V500MV-13620H044W Intel\u00ae Core\u2122 - Promo Electro France<\/title>\n<meta name=\"robots\" content=\"index, follow, max-snippet:-1, max-image-preview:large, max-video-preview:-1\" \/>\n<link rel=\"canonical\" href=\"https:\/\/promoelectrofrance.com\/?product=pc-asus-desktop-v500mv-13620h044w-intel-core\" \/>\n<meta property=\"og:locale\" content=\"fr_FR\" \/>\n<meta property=\"og:type\" content=\"article\" \/>\n<meta property=\"og:title\" content=\"PC Asus Desktop V500MV-13620H044W Intel\u00ae Core\u2122 - Promo Electro France\" \/>\n<meta property=\"og:description\" content=\"\ud83d\udcbb Processeur puissant : Intel Core i7-13620H (2,4 GHz)  \u26a1 M\u00e9moire vive : 32 Go DDR5  \ud83d\udda5\ufe0f Carte graphique : Intel UHD Graphics  \ud83d\udcbe Stockage rapide : 1 To SSD\" \/>\n<meta property=\"og:url\" content=\"https:\/\/promoelectrofrance.com\/?product=pc-asus-desktop-v500mv-13620h044w-intel-core\" \/>\n<meta property=\"og:site_name\" content=\"Promo Electro France\" \/>\n<meta property=\"article:modified_time\" content=\"2026-04-16T22:09:10+00:00\" \/>\n<meta name=\"twitter:card\" content=\"summary_large_image\" \/>\n<meta name=\"twitter:label1\" content=\"Dur\u00e9e de lecture estim\u00e9e\" \/>\n\t<meta name=\"twitter:data1\" content=\"1 minute\" \/>\n<script type=\"application\/ld+json\" class=\"yoast-schema-graph\">{\"@context\":\"https:\\\/\\\/schema.org\",\"@graph\":[{\"@type\":\"WebPage\",\"@id\":\"https:\\\/\\\/promoelectrofrance.com\\\/?product=pc-asus-desktop-v500mv-13620h044w-intel-core\",\"url\":\"https:\\\/\\\/promoelectrofrance.com\\\/?product=pc-asus-desktop-v500mv-13620h044w-intel-core\",\"name\":\"PC Asus Desktop V500MV-13620H044W Intel\u00ae Core\u2122 - Promo Electro France\",\"isPartOf\":{\"@id\":\"https:\\\/\\\/promoelectrofrance.com\\\/#website\"},\"primaryImageOfPage\":{\"@id\":\"https:\\\/\\\/promoelectrofrance.com\\\/?product=pc-asus-desktop-v500mv-13620h044w-intel-core#primaryimage\"},\"image\":{\"@id\":\"https:\\\/\\\/promoelectrofrance.com\\\/?product=pc-asus-desktop-v500mv-13620h044w-intel-core#primaryimage\"},\"thumbnailUrl\":\"https:\\\/\\\/promoelectrofrance.com\\\/wp-content\\\/uploads\\\/2026\\\/04\\\/PC-Asus-Desktop-V500MV-13620H044W-Intel-Core-i7-32-Go-RAM-1-To-D-Blanc-5.jpg\",\"datePublished\":\"2026-04-16T22:05:59+00:00\",\"dateModified\":\"2026-04-16T22:09:10+00:00\",\"breadcrumb\":{\"@id\":\"https:\\\/\\\/promoelectrofrance.com\\\/?product=pc-asus-desktop-v500mv-13620h044w-intel-core#breadcrumb\"},\"inLanguage\":\"fr-FR\",\"potentialAction\":[{\"@type\":\"ReadAction\",\"target\":[\"https:\\\/\\\/promoelectrofrance.com\\\/?product=pc-asus-desktop-v500mv-13620h044w-intel-core\"]}]},{\"@type\":\"ImageObject\",\"inLanguage\":\"fr-FR\",\"@id\":\"https:\\\/\\\/promoelectrofrance.com\\\/?product=pc-asus-desktop-v500mv-13620h044w-intel-core#primaryimage\",\"url\":\"https:\\\/\\\/promoelectrofrance.com\\\/wp-content\\\/uploads\\\/2026\\\/04\\\/PC-Asus-Desktop-V500MV-13620H044W-Intel-Core-i7-32-Go-RAM-1-To-D-Blanc-5.jpg\",\"contentUrl\":\"https:\\\/\\\/promoelectrofrance.com\\\/wp-content\\\/uploads\\\/2026\\\/04\\\/PC-Asus-Desktop-V500MV-13620H044W-Intel-Core-i7-32-Go-RAM-1-To-D-Blanc-5.jpg\",\"width\":1000,\"height\":1000},{\"@type\":\"BreadcrumbList\",\"@id\":\"https:\\\/\\\/promoelectrofrance.com\\\/?product=pc-asus-desktop-v500mv-13620h044w-intel-core#breadcrumb\",\"itemListElement\":[{\"@type\":\"ListItem\",\"position\":1,\"name\":\"Accueil\",\"item\":\"https:\\\/\\\/promoelectrofrance.com\\\/\"},{\"@type\":\"ListItem\",\"position\":2,\"name\":\"Boutique\",\"item\":\"https:\\\/\\\/promoelectrofrance.com\\\/?page_id=8\"},{\"@type\":\"ListItem\",\"position\":3,\"name\":\"PC Asus Desktop V500MV-13620H044W Intel\u00ae Core\u2122\"}]},{\"@type\":\"WebSite\",\"@id\":\"https:\\\/\\\/promoelectrofrance.com\\\/#website\",\"url\":\"https:\\\/\\\/promoelectrofrance.com\\\/\",\"name\":\"Promo Electro France\",\"description\":\"\",\"potentialAction\":[{\"@type\":\"SearchAction\",\"target\":{\"@type\":\"EntryPoint\",\"urlTemplate\":\"https:\\\/\\\/promoelectrofrance.com\\\/?s={search_term_string}\"},\"query-input\":{\"@type\":\"PropertyValueSpecification\",\"valueRequired\":true,\"valueName\":\"search_term_string\"}}],\"inLanguage\":\"fr-FR\"}]}<\/script>\n<!-- \/ Yoast SEO plugin. -->","yoast_head_json":{"title":"PC Asus Desktop V500MV-13620H044W Intel\u00ae Core\u2122 - Promo Electro France","robots":{"index":"index","follow":"follow","max-snippet":"max-snippet:-1","max-image-preview":"max-image-preview:large","max-video-preview":"max-video-preview:-1"},"canonical":"https:\/\/promoelectrofrance.com\/?product=pc-asus-desktop-v500mv-13620h044w-intel-core","og_locale":"fr_FR","og_type":"article","og_title":"PC Asus Desktop V500MV-13620H044W Intel\u00ae Core\u2122 - Promo Electro France","og_description":"\ud83d\udcbb Processeur puissant : Intel Core i7-13620H (2,4 GHz)  \u26a1 M\u00e9moire vive : 32 Go DDR5  \ud83d\udda5\ufe0f Carte graphique : Intel UHD Graphics  \ud83d\udcbe Stockage rapide : 1 To SSD","og_url":"https:\/\/promoelectrofrance.com\/?product=pc-asus-desktop-v500mv-13620h044w-intel-core","og_site_name":"Promo Electro France","article_modified_time":"2026-04-16T22:09:10+00:00","twitter_card":"summary_large_image","twitter_misc":{"Dur\u00e9e de lecture estim\u00e9e":"1 minute"},"schema":{"@context":"https:\/\/schema.org","@graph":[{"@type":"WebPage","@id":"https:\/\/promoelectrofrance.com\/?product=pc-asus-desktop-v500mv-13620h044w-intel-core","url":"https:\/\/promoelectrofrance.com\/?product=pc-asus-desktop-v500mv-13620h044w-intel-core","name":"PC Asus Desktop V500MV-13620H044W Intel\u00ae Core\u2122 - Promo Electro France","isPartOf":{"@id":"https:\/\/promoelectrofrance.com\/#website"},"primaryImageOfPage":{"@id":"https:\/\/promoelectrofrance.com\/?product=pc-asus-desktop-v500mv-13620h044w-intel-core#primaryimage"},"image":{"@id":"https:\/\/promoelectrofrance.com\/?product=pc-asus-desktop-v500mv-13620h044w-intel-core#primaryimage"},"thumbnailUrl":"https:\/\/promoelectrofrance.com\/wp-content\/uploads\/2026\/04\/PC-Asus-Desktop-V500MV-13620H044W-Intel-Core-i7-32-Go-RAM-1-To-D-Blanc-5.jpg","datePublished":"2026-04-16T22:05:59+00:00","dateModified":"2026-04-16T22:09:10+00:00","breadcrumb":{"@id":"https:\/\/promoelectrofrance.com\/?product=pc-asus-desktop-v500mv-13620h044w-intel-core#breadcrumb"},"inLanguage":"fr-FR","potentialAction":[{"@type":"ReadAction","target":["https:\/\/promoelectrofrance.com\/?product=pc-asus-desktop-v500mv-13620h044w-intel-core"]}]},{"@type":"ImageObject","inLanguage":"fr-FR","@id":"https:\/\/promoelectrofrance.com\/?product=pc-asus-desktop-v500mv-13620h044w-intel-core#primaryimage","url":"https:\/\/promoelectrofrance.com\/wp-content\/uploads\/2026\/04\/PC-Asus-Desktop-V500MV-13620H044W-Intel-Core-i7-32-Go-RAM-1-To-D-Blanc-5.jpg","contentUrl":"https:\/\/promoelectrofrance.com\/wp-content\/uploads\/2026\/04\/PC-Asus-Desktop-V500MV-13620H044W-Intel-Core-i7-32-Go-RAM-1-To-D-Blanc-5.jpg","width":1000,"height":1000},{"@type":"BreadcrumbList","@id":"https:\/\/promoelectrofrance.com\/?product=pc-asus-desktop-v500mv-13620h044w-intel-core#breadcrumb","itemListElement":[{"@type":"ListItem","position":1,"name":"Accueil","item":"https:\/\/promoelectrofrance.com\/"},{"@type":"ListItem","position":2,"name":"Boutique","item":"https:\/\/promoelectrofrance.com\/?page_id=8"},{"@type":"ListItem","position":3,"name":"PC Asus Desktop V500MV-13620H044W Intel\u00ae Core\u2122"}]},{"@type":"WebSite","@id":"https:\/\/promoelectrofrance.com\/#website","url":"https:\/\/promoelectrofrance.com\/","name":"Promo Electro France","description":"","potentialAction":[{"@type":"SearchAction","target":{"@type":"EntryPoint","urlTemplate":"https:\/\/promoelectrofrance.com\/?s={search_term_string}"},"query-input":{"@type":"PropertyValueSpecification","valueRequired":true,"valueName":"search_term_string"}}],"inLanguage":"fr-FR"}]}},"_links":{"self":[{"href":"https:\/\/promoelectrofrance.com\/index.php?rest_route=\/wp\/v2\/product\/22312","targetHints":{"allow":["GET"]}}],"collection":[{"href":"https:\/\/promoelectrofrance.com\/index.php?rest_route=\/wp\/v2\/product"}],"about":[{"href":"https:\/\/promoelectrofrance.com\/index.php?rest_route=\/wp\/v2\/types\/product"}],"replies":[{"embeddable":true,"href":"https:\/\/promoelectrofrance.com\/index.php?rest_route=%2Fwp%2Fv2%2Fcomments&post=22312"}],"version-history":[{"count":0,"href":"https:\/\/promoelectrofrance.com\/index.php?rest_route=\/wp\/v2\/product\/22312\/revisions"}],"wp:featuredmedia":[{"embeddable":true,"href":"https:\/\/promoelectrofrance.com\/index.php?rest_route=\/wp\/v2\/media\/22403"}],"wp:attachment":[{"href":"https:\/\/promoelectrofrance.com\/index.php?rest_route=%2Fwp%2Fv2%2Fmedia&parent=22312"}],"wp:term":[{"taxonomy":"product_brand","embeddable":true,"href":"https:\/\/promoelectrofrance.com\/index.php?rest_route=%2Fwp%2Fv2%2Fproduct_brand&post=22312"},{"taxonomy":"product_cat","embeddable":true,"href":"https:\/\/promoelectrofrance.com\/index.php?rest_route=%2Fwp%2Fv2%2Fproduct_cat&post=22312"},{"taxonomy":"product_tag","embeddable":true,"href":"https:\/\/promoelectrofrance.com\/index.php?rest_route=%2Fwp%2Fv2%2Fproduct_tag&post=22312"}],"curies":[{"name":"wp","href":"https:\/\/api.w.org\/{rel}","templated":true}]}}