{"id":22094,"date":"2026-04-17T00:00:41","date_gmt":"2026-04-16T22:00:41","guid":{"rendered":"https:\/\/promoelectrofrance.com\/?post_type=product&#038;p=22094"},"modified":"2026-04-17T00:03:56","modified_gmt":"2026-04-16T22:03:56","slug":"lave-linge-top-indesit","status":"publish","type":"product","link":"https:\/\/promoelectrofrance.com\/?product=lave-linge-top-indesit","title":{"rendered":"Lave linge top INDESIT"},"content":{"rendered":"<table>\n<thead>\n<tr>\n<th><strong>Cat\u00e9gorie<\/strong><\/th>\n<th><strong>Caract\u00e9ristiques<\/strong><\/th>\n<\/tr>\n<\/thead>\n<tbody>\n<tr>\n<td><strong>Coloris<\/strong><\/td>\n<td>Blanc<\/td>\n<\/tr>\n<tr>\n<td><strong>Type de pose<\/strong><\/td>\n<td>Pose libre<\/td>\n<\/tr>\n<tr>\n<td><strong>Capacit\u00e9 de lavage<\/strong><\/td>\n<td>5 kg<\/td>\n<\/tr>\n<tr>\n<td><strong>Vitesse d\u2019essorage<\/strong><\/td>\n<td>1000 tours\/min<\/td>\n<\/tr>\n<tr>\n<td><strong>Programmes de lavage<\/strong><\/td>\n<td>Turn&amp;Go (Coton &amp; Synth\u00e9tiques 30\u00b0 &#8211; 45&#8243;), Synth\u00e9tiques 40\u00b0, Coton 40\u00b0, Coton 60\u00b0, Coton 90\u00b0, Eco 40-60, 20\u00b0, RapidWash, Laine 20\u00b0, D\u00e9licat 30\u00b0, Mixte 45&#8242; 40\u00b0, Coton 30\u00b0, Synth\u00e9tiques 30\u00b0, Essorage + Vidange, Rin\u00e7age + Essorage<\/td>\n<\/tr>\n<tr>\n<td><strong>Dosage automatique<\/strong><\/td>\n<td>Non<\/td>\n<\/tr>\n<tr>\n<td><strong>Fonctionnalit\u00e9s de l\u2019appareil<\/strong><\/td>\n<td>D\u00e9part diff\u00e9r\u00e9 jusqu\u2019\u00e0 24 h, Programme rapide<\/td>\n<\/tr>\n<tr>\n<td><strong>Avantages produits<\/strong><\/td>\n<td>Format compact, id\u00e9al pour les petits espaces, vitesse d\u2019essorage rapide (1000 tr\/min), couleur blanche \u00e9l\u00e9gante<\/td>\n<\/tr>\n<tr>\n<td><strong>Niveau sonore<\/strong><\/td>\n<td>76 dB<\/td>\n<\/tr>\n<tr>\n<td><strong>Connect\u00e9<\/strong><\/td>\n<td>Non<\/td>\n<\/tr>\n<tr>\n<td><strong>Type de moteur<\/strong><\/td>\n<td>Universel<\/td>\n<\/tr>\n<tr>\n<td><strong>Qualit\u00e9 de lavage<\/strong><\/td>\n<td>A<\/td>\n<\/tr>\n<tr>\n<td><strong>Qualit\u00e9 d\u2019essorage<\/strong><\/td>\n<td>C<\/td>\n<\/tr>\n<tr>\n<td><strong>Bandeau de commande<\/strong><\/td>\n<td>Big Digit<\/td>\n<\/tr>\n<tr>\n<td><strong>S\u00e9curit\u00e9<\/strong><\/td>\n<td>Anti-mousse, Anti-balourd<\/td>\n<\/tr>\n<tr>\n<td><strong>Classe \u00e9nerg\u00e9tique<\/strong><\/td>\n<td>C<\/td>\n<\/tr>\n<tr>\n<td><strong>Cat\u00e9gorie de niveau sonore<\/strong><\/td>\n<td>B<\/td>\n<\/tr>\n<tr>\n<td><strong>Consommation d\u2019eau par cycle<\/strong><\/td>\n<td>40 litres<\/td>\n<\/tr>\n<tr>\n<td><strong>Consommation d\u2019\u00e9nergie par cycle<\/strong><\/td>\n<td>0,51 kWh<\/td>\n<\/tr>\n<tr>\n<td><strong>Consommation d\u2019eau sur 1 cycle \u00e9co &#8211; lavage<\/strong><\/td>\n<td>40 litres<\/td>\n<\/tr>\n<tr>\n<td><strong>Co\u00fbt estim\u00e9 d\u2019utilisation sur 100 cycles<\/strong><\/td>\n<td>29 \u20ac<\/td>\n<\/tr>\n<tr>\n<td><strong>Dimensions (HxLxP)<\/strong><\/td>\n<td>90 x 40 x 60 cm<\/td>\n<\/tr>\n<tr>\n<td><strong>Poids<\/strong><\/td>\n<td>53 kg<\/td>\n<\/tr>\n<tr>\n<td><strong>Origine de fabrication<\/strong><\/td>\n<td>Fabriqu\u00e9 en Europe<\/td>\n<\/tr>\n<tr>\n<td><strong>Disponibilit\u00e9 des pi\u00e8ces d\u00e9tach\u00e9es<\/strong><\/td>\n<td>12 ans<\/td>\n<\/tr>\n<tr>\n<td><strong>Garantie d\u2019origine<\/strong><\/td>\n<td>1 an<\/td>\n<\/tr>\n<tr>\n<td><\/td>\n<td><\/td>\n<\/tr>\n<tr>\n<td><\/td>\n<td><\/td>\n<\/tr>\n<\/tbody>\n<\/table>\n","protected":false},"excerpt":{"rendered":"<ul>\n<li data-start=\"1756\" data-end=\"1847\">\n<p data-start=\"1759\" data-end=\"1847\"><strong data-start=\"1759\" data-end=\"1782\">Compact et pratique<\/strong> \u2013 Parfait pour les petits espaces gr\u00e2ce \u00e0 sa largeur de 40 cm.<\/p>\n<\/li>\n<li data-start=\"1848\" data-end=\"1935\">\n<p data-start=\"1851\" data-end=\"1935\"><strong data-start=\"1851\" data-end=\"1873\">Efficace et rapide<\/strong> \u2013 Programme <strong data-start=\"1886\" data-end=\"1897\">Turn&amp;Go<\/strong> pour un lavage quotidien simplifi\u00e9.<\/p>\n<\/li>\n<li data-start=\"1936\" data-end=\"2021\">\n<p data-start=\"1939\" data-end=\"2021\"><strong data-start=\"1939\" data-end=\"1953\">\u00c9conomique<\/strong> \u2013 Faible consommation d\u2019eau (40 L) et d\u2019\u00e9nergie (0,51 kWh\/cycle).<\/p>\n<\/li>\n<li data-start=\"2022\" data-end=\"2095\">\n<p data-start=\"2025\" data-end=\"2095\"><strong data-start=\"2025\" data-end=\"2050\">Confort d\u2019utilisation<\/strong> \u2013 Fonction <strong data-start=\"2062\" data-end=\"2080\">d\u00e9part diff\u00e9r\u00e9<\/strong> jusqu\u2019\u00e0 24h.<\/p>\n<\/li>\n<li data-start=\"2096\" data-end=\"2183\">\n<p data-start=\"2099\" data-end=\"2183\"><strong data-start=\"2099\" data-end=\"2123\">Fiabilit\u00e9 europ\u00e9enne<\/strong> \u2013 Fabrication en Europe et <strong data-start=\"2151\" data-end=\"2180\">pi\u00e8ces disponibles 12 ans<\/strong>.<\/p>\n<\/li>\n<\/ul>\n","protected":false},"featured_media":22234,"comment_status":"open","ping_status":"closed","template":"","meta":[],"product_brand":[],"product_cat":[209,222,237],"product_tag":[],"class_list":{"0":"post-22094","1":"product","2":"type-product","3":"status-publish","4":"has-post-thumbnail","6":"product_cat-electromenager","7":"product_cat-lave-linge","8":"product_cat-lave-linge-top","11":"first","12":"instock","13":"shipping-taxable","14":"purchasable","15":"product-type-simple"},"yoast_head":"<!-- This site is optimized with the Yoast SEO plugin v27.3 - https:\/\/yoast.com\/product\/yoast-seo-wordpress\/ -->\n<title>Lave linge top INDESIT - Promo Electro France<\/title>\n<meta name=\"robots\" content=\"index, follow, max-snippet:-1, max-image-preview:large, max-video-preview:-1\" \/>\n<link rel=\"canonical\" href=\"https:\/\/promoelectrofrance.com\/?product=lave-linge-top-indesit\" \/>\n<meta property=\"og:locale\" content=\"fr_FR\" \/>\n<meta property=\"og:type\" content=\"article\" \/>\n<meta property=\"og:title\" content=\"Lave linge top INDESIT - Promo Electro France\" \/>\n<meta property=\"og:description\" content=\"Compact et pratique \u2013 Parfait pour les petits espaces gr\u00e2ce \u00e0 sa largeur de 40 cm.    Efficace et rapide \u2013 Programme Turn&amp;Go pour un lavage quotidien simplifi\u00e9.    \u00c9conomique \u2013 Faible consommation d\u2019eau (40 L) et d\u2019\u00e9nergie (0,51 kWh\/cycle).    Confort d\u2019utilisation \u2013 Fonction d\u00e9part diff\u00e9r\u00e9 jusqu\u2019\u00e0 24h.    Fiabilit\u00e9 europ\u00e9enne \u2013 Fabrication en Europe et pi\u00e8ces disponibles 12 ans.\" \/>\n<meta property=\"og:url\" content=\"https:\/\/promoelectrofrance.com\/?product=lave-linge-top-indesit\" \/>\n<meta property=\"og:site_name\" content=\"Promo Electro France\" \/>\n<meta property=\"article:modified_time\" content=\"2026-04-16T22:03:56+00:00\" \/>\n<meta name=\"twitter:card\" content=\"summary_large_image\" \/>\n<meta name=\"twitter:label1\" content=\"Dur\u00e9e de lecture estim\u00e9e\" \/>\n\t<meta name=\"twitter:data1\" content=\"1 minute\" \/>\n<script type=\"application\/ld+json\" class=\"yoast-schema-graph\">{\"@context\":\"https:\\\/\\\/schema.org\",\"@graph\":[{\"@type\":\"WebPage\",\"@id\":\"https:\\\/\\\/promoelectrofrance.com\\\/?product=lave-linge-top-indesit\",\"url\":\"https:\\\/\\\/promoelectrofrance.com\\\/?product=lave-linge-top-indesit\",\"name\":\"Lave linge top INDESIT - Promo Electro France\",\"isPartOf\":{\"@id\":\"https:\\\/\\\/promoelectrofrance.com\\\/#website\"},\"primaryImageOfPage\":{\"@id\":\"https:\\\/\\\/promoelectrofrance.com\\\/?product=lave-linge-top-indesit#primaryimage\"},\"image\":{\"@id\":\"https:\\\/\\\/promoelectrofrance.com\\\/?product=lave-linge-top-indesit#primaryimage\"},\"thumbnailUrl\":\"https:\\\/\\\/promoelectrofrance.com\\\/wp-content\\\/uploads\\\/2026\\\/04\\\/Lave-linge-top-INDESIT-2.jpg\",\"datePublished\":\"2026-04-16T22:00:41+00:00\",\"dateModified\":\"2026-04-16T22:03:56+00:00\",\"breadcrumb\":{\"@id\":\"https:\\\/\\\/promoelectrofrance.com\\\/?product=lave-linge-top-indesit#breadcrumb\"},\"inLanguage\":\"fr-FR\",\"potentialAction\":[{\"@type\":\"ReadAction\",\"target\":[\"https:\\\/\\\/promoelectrofrance.com\\\/?product=lave-linge-top-indesit\"]}]},{\"@type\":\"ImageObject\",\"inLanguage\":\"fr-FR\",\"@id\":\"https:\\\/\\\/promoelectrofrance.com\\\/?product=lave-linge-top-indesit#primaryimage\",\"url\":\"https:\\\/\\\/promoelectrofrance.com\\\/wp-content\\\/uploads\\\/2026\\\/04\\\/Lave-linge-top-INDESIT-2.jpg\",\"contentUrl\":\"https:\\\/\\\/promoelectrofrance.com\\\/wp-content\\\/uploads\\\/2026\\\/04\\\/Lave-linge-top-INDESIT-2.jpg\",\"width\":1000,\"height\":1000},{\"@type\":\"BreadcrumbList\",\"@id\":\"https:\\\/\\\/promoelectrofrance.com\\\/?product=lave-linge-top-indesit#breadcrumb\",\"itemListElement\":[{\"@type\":\"ListItem\",\"position\":1,\"name\":\"Accueil\",\"item\":\"https:\\\/\\\/promoelectrofrance.com\\\/\"},{\"@type\":\"ListItem\",\"position\":2,\"name\":\"Boutique\",\"item\":\"https:\\\/\\\/promoelectrofrance.com\\\/?page_id=8\"},{\"@type\":\"ListItem\",\"position\":3,\"name\":\"Lave linge top INDESIT\"}]},{\"@type\":\"WebSite\",\"@id\":\"https:\\\/\\\/promoelectrofrance.com\\\/#website\",\"url\":\"https:\\\/\\\/promoelectrofrance.com\\\/\",\"name\":\"Promo Electro France\",\"description\":\"\",\"potentialAction\":[{\"@type\":\"SearchAction\",\"target\":{\"@type\":\"EntryPoint\",\"urlTemplate\":\"https:\\\/\\\/promoelectrofrance.com\\\/?s={search_term_string}\"},\"query-input\":{\"@type\":\"PropertyValueSpecification\",\"valueRequired\":true,\"valueName\":\"search_term_string\"}}],\"inLanguage\":\"fr-FR\"}]}<\/script>\n<!-- \/ Yoast SEO plugin. -->","yoast_head_json":{"title":"Lave linge top INDESIT - Promo Electro France","robots":{"index":"index","follow":"follow","max-snippet":"max-snippet:-1","max-image-preview":"max-image-preview:large","max-video-preview":"max-video-preview:-1"},"canonical":"https:\/\/promoelectrofrance.com\/?product=lave-linge-top-indesit","og_locale":"fr_FR","og_type":"article","og_title":"Lave linge top INDESIT - Promo Electro France","og_description":"Compact et pratique \u2013 Parfait pour les petits espaces gr\u00e2ce \u00e0 sa largeur de 40 cm.    Efficace et rapide \u2013 Programme Turn&amp;Go pour un lavage quotidien simplifi\u00e9.    \u00c9conomique \u2013 Faible consommation d\u2019eau (40 L) et d\u2019\u00e9nergie (0,51 kWh\/cycle).    Confort d\u2019utilisation \u2013 Fonction d\u00e9part diff\u00e9r\u00e9 jusqu\u2019\u00e0 24h.    Fiabilit\u00e9 europ\u00e9enne \u2013 Fabrication en Europe et pi\u00e8ces disponibles 12 ans.","og_url":"https:\/\/promoelectrofrance.com\/?product=lave-linge-top-indesit","og_site_name":"Promo Electro France","article_modified_time":"2026-04-16T22:03:56+00:00","twitter_card":"summary_large_image","twitter_misc":{"Dur\u00e9e de lecture estim\u00e9e":"1 minute"},"schema":{"@context":"https:\/\/schema.org","@graph":[{"@type":"WebPage","@id":"https:\/\/promoelectrofrance.com\/?product=lave-linge-top-indesit","url":"https:\/\/promoelectrofrance.com\/?product=lave-linge-top-indesit","name":"Lave linge top INDESIT - Promo Electro France","isPartOf":{"@id":"https:\/\/promoelectrofrance.com\/#website"},"primaryImageOfPage":{"@id":"https:\/\/promoelectrofrance.com\/?product=lave-linge-top-indesit#primaryimage"},"image":{"@id":"https:\/\/promoelectrofrance.com\/?product=lave-linge-top-indesit#primaryimage"},"thumbnailUrl":"https:\/\/promoelectrofrance.com\/wp-content\/uploads\/2026\/04\/Lave-linge-top-INDESIT-2.jpg","datePublished":"2026-04-16T22:00:41+00:00","dateModified":"2026-04-16T22:03:56+00:00","breadcrumb":{"@id":"https:\/\/promoelectrofrance.com\/?product=lave-linge-top-indesit#breadcrumb"},"inLanguage":"fr-FR","potentialAction":[{"@type":"ReadAction","target":["https:\/\/promoelectrofrance.com\/?product=lave-linge-top-indesit"]}]},{"@type":"ImageObject","inLanguage":"fr-FR","@id":"https:\/\/promoelectrofrance.com\/?product=lave-linge-top-indesit#primaryimage","url":"https:\/\/promoelectrofrance.com\/wp-content\/uploads\/2026\/04\/Lave-linge-top-INDESIT-2.jpg","contentUrl":"https:\/\/promoelectrofrance.com\/wp-content\/uploads\/2026\/04\/Lave-linge-top-INDESIT-2.jpg","width":1000,"height":1000},{"@type":"BreadcrumbList","@id":"https:\/\/promoelectrofrance.com\/?product=lave-linge-top-indesit#breadcrumb","itemListElement":[{"@type":"ListItem","position":1,"name":"Accueil","item":"https:\/\/promoelectrofrance.com\/"},{"@type":"ListItem","position":2,"name":"Boutique","item":"https:\/\/promoelectrofrance.com\/?page_id=8"},{"@type":"ListItem","position":3,"name":"Lave linge top INDESIT"}]},{"@type":"WebSite","@id":"https:\/\/promoelectrofrance.com\/#website","url":"https:\/\/promoelectrofrance.com\/","name":"Promo Electro France","description":"","potentialAction":[{"@type":"SearchAction","target":{"@type":"EntryPoint","urlTemplate":"https:\/\/promoelectrofrance.com\/?s={search_term_string}"},"query-input":{"@type":"PropertyValueSpecification","valueRequired":true,"valueName":"search_term_string"}}],"inLanguage":"fr-FR"}]}},"_links":{"self":[{"href":"https:\/\/promoelectrofrance.com\/index.php?rest_route=\/wp\/v2\/product\/22094","targetHints":{"allow":["GET"]}}],"collection":[{"href":"https:\/\/promoelectrofrance.com\/index.php?rest_route=\/wp\/v2\/product"}],"about":[{"href":"https:\/\/promoelectrofrance.com\/index.php?rest_route=\/wp\/v2\/types\/product"}],"replies":[{"embeddable":true,"href":"https:\/\/promoelectrofrance.com\/index.php?rest_route=%2Fwp%2Fv2%2Fcomments&post=22094"}],"version-history":[{"count":0,"href":"https:\/\/promoelectrofrance.com\/index.php?rest_route=\/wp\/v2\/product\/22094\/revisions"}],"wp:featuredmedia":[{"embeddable":true,"href":"https:\/\/promoelectrofrance.com\/index.php?rest_route=\/wp\/v2\/media\/22234"}],"wp:attachment":[{"href":"https:\/\/promoelectrofrance.com\/index.php?rest_route=%2Fwp%2Fv2%2Fmedia&parent=22094"}],"wp:term":[{"taxonomy":"product_brand","embeddable":true,"href":"https:\/\/promoelectrofrance.com\/index.php?rest_route=%2Fwp%2Fv2%2Fproduct_brand&post=22094"},{"taxonomy":"product_cat","embeddable":true,"href":"https:\/\/promoelectrofrance.com\/index.php?rest_route=%2Fwp%2Fv2%2Fproduct_cat&post=22094"},{"taxonomy":"product_tag","embeddable":true,"href":"https:\/\/promoelectrofrance.com\/index.php?rest_route=%2Fwp%2Fv2%2Fproduct_tag&post=22094"}],"curies":[{"name":"wp","href":"https:\/\/api.w.org\/{rel}","templated":true}]}}