{"id":22093,"date":"2026-04-17T00:00:41","date_gmt":"2026-04-16T22:00:41","guid":{"rendered":"https:\/\/promoelectrofrance.com\/?post_type=product&#038;p=22093"},"modified":"2026-04-17T00:03:50","modified_gmt":"2026-04-16T22:03:50","slug":"lave-linge-top-aeg-ltr7c6151a","status":"publish","type":"product","link":"https:\/\/promoelectrofrance.com\/?product=lave-linge-top-aeg-ltr7c6151a","title":{"rendered":"Lave-linge Top AEG LTR7C6151A"},"content":{"rendered":"<table>\n<thead>\n<tr>\n<th><strong>Cat\u00e9gorie<\/strong><\/th>\n<th><strong>Caract\u00e9ristiques<\/strong><\/th>\n<\/tr>\n<\/thead>\n<tbody>\n<tr>\n<td><strong>Coloris<\/strong><\/td>\n<td>Blanc<\/td>\n<\/tr>\n<tr>\n<td><strong>Type de pose<\/strong><\/td>\n<td>Pose libre<\/td>\n<\/tr>\n<tr>\n<td><strong>Capacit\u00e9 de lavage<\/strong><\/td>\n<td>6 kg<\/td>\n<\/tr>\n<tr>\n<td><strong>Vitesse d\u2019essorage<\/strong><\/td>\n<td>1500 tours\/min<\/td>\n<\/tr>\n<tr>\n<td><strong>Programmes de lavage<\/strong><\/td>\n<td>Eco 40-60, Coton, Synth\u00e9tiques, D\u00e9licats, Laine\/Soie, Vapeur, 20 min &#8211; 3 kg, Outdoor, Duvet, Jeans, Anti-allergie<\/td>\n<\/tr>\n<tr>\n<td><strong>Dosage automatique<\/strong><\/td>\n<td>Non<\/td>\n<\/tr>\n<tr>\n<td><strong>Fonctionnalit\u00e9s de l\u2019appareil<\/strong><\/td>\n<td>D\u00e9part diff\u00e9r\u00e9, Fonction vapeur<\/td>\n<\/tr>\n<tr>\n<td><strong>Moteur<\/strong><\/td>\n<td>Inverter \u00e0 induction<\/td>\n<\/tr>\n<tr>\n<td><strong>Niveau sonore<\/strong><\/td>\n<td>79 dB<\/td>\n<\/tr>\n<tr>\n<td><strong>Caract\u00e9ristiques compl\u00e9mentaires<\/strong><\/td>\n<td>Technologie <strong>ProSteam<\/strong> : programmes vapeur pour d\u00e9froisser ou rafra\u00eechir les v\u00eatements secs afin de pr\u00e9server leur aspect neuf<\/td>\n<\/tr>\n<tr>\n<td><strong>Connect\u00e9<\/strong><\/td>\n<td>Non<\/td>\n<\/tr>\n<tr>\n<td><strong>Qualit\u00e9 de lavage<\/strong><\/td>\n<td>A<\/td>\n<\/tr>\n<tr>\n<td><strong>Qualit\u00e9 d\u2019essorage<\/strong><\/td>\n<td>B<\/td>\n<\/tr>\n<tr>\n<td><strong>Consommation d\u2019eau par cycle<\/strong><\/td>\n<td>43 litres<\/td>\n<\/tr>\n<tr>\n<td><strong>D\u00e9lai de d\u00e9part diff\u00e9r\u00e9<\/strong><\/td>\n<td>Jusqu\u2019\u00e0 20 heures<\/td>\n<\/tr>\n<tr>\n<td><strong>Bandeau de commande<\/strong><\/td>\n<td>\u00c9lectronique<\/td>\n<\/tr>\n<tr>\n<td><strong>Classe \u00e9nerg\u00e9tique<\/strong><\/td>\n<td>A<\/td>\n<\/tr>\n<tr>\n<td><strong>Cat\u00e9gorie de niveau sonore<\/strong><\/td>\n<td>C<\/td>\n<\/tr>\n<tr>\n<td><strong>Consommation d\u2019eau sur 1 cycle \u00e9co &#8211; lavage<\/strong><\/td>\n<td>43 litres<\/td>\n<\/tr>\n<tr>\n<td><strong>Dur\u00e9e du programme \u00e9co &#8211; lavage<\/strong><\/td>\n<td>195 minutes<\/td>\n<\/tr>\n<tr>\n<td><strong>Co\u00fbt estim\u00e9 d\u2019utilisation sur 100 cycles<\/strong><\/td>\n<td>29 \u20ac<\/td>\n<\/tr>\n<tr>\n<td><strong>Dimensions (HxLxP)<\/strong><\/td>\n<td>89 x 40 x 60 cm<\/td>\n<\/tr>\n<tr>\n<td><strong>Poids<\/strong><\/td>\n<td>57 kg<\/td>\n<\/tr>\n<tr>\n<td><strong>Origine de fabrication<\/strong><\/td>\n<td>Fabriqu\u00e9 en Europe<\/td>\n<\/tr>\n<tr>\n<td><strong>Disponibilit\u00e9 des pi\u00e8ces d\u00e9tach\u00e9es<\/strong><\/td>\n<td>15 ans<\/td>\n<\/tr>\n<tr>\n<td><strong>Code EPREL<\/strong><\/td>\n<td>1834132<\/td>\n<\/tr>\n<tr>\n<td><strong>Indice de durabilit\u00e9<\/strong><\/td>\n<td>8,4 \/10<\/td>\n<\/tr>\n<\/tbody>\n<\/table>\n","protected":false},"excerpt":{"rendered":"<h3 data-start=\"1657\" data-end=\"1691\">\ud83d\udca1 <strong data-start=\"1664\" data-end=\"1691\">Points forts du produit<\/strong><\/h3>\n<ol data-start=\"1693\" data-end=\"2196\">\n<li data-start=\"1693\" data-end=\"1807\">\n<p data-start=\"1696\" data-end=\"1807\"><strong data-start=\"1696\" data-end=\"1719\">Essorage performant<\/strong> \u2013 Jusqu\u2019\u00e0 <strong data-start=\"1730\" data-end=\"1751\">1500 tours\/minute<\/strong> pour un linge mieux essor\u00e9 et un s\u00e9chage plus rapide.<\/p>\n<\/li>\n<li data-start=\"1808\" data-end=\"1911\">\n<p data-start=\"1811\" data-end=\"1911\"><strong data-start=\"1811\" data-end=\"1842\">Technologie vapeur ProSteam<\/strong> \u2013 R\u00e9duit les plis et rafra\u00eechit les v\u00eatements sans lavage complet.<\/p>\n<\/li>\n<li data-start=\"1912\" data-end=\"2014\">\n<p data-start=\"1915\" data-end=\"2014\"><strong data-start=\"1915\" data-end=\"1940\">\u00c9conomique et durable<\/strong> \u2013 <strong data-start=\"1943\" data-end=\"1967\">Classe \u00e9nerg\u00e9tique A<\/strong> et moteur <strong data-start=\"1978\" data-end=\"1990\">Inverter<\/strong> fiable et silencieux.<\/p>\n<\/li>\n<li data-start=\"2015\" data-end=\"2112\">\n<p data-start=\"2018\" data-end=\"2112\"><strong data-start=\"2018\" data-end=\"2041\">Compact et pratique<\/strong> \u2013 Format <strong data-start=\"2051\" data-end=\"2058\">top<\/strong> de 40 cm de largeur, id\u00e9al pour les petits espaces.<\/p>\n<\/li>\n<li data-start=\"2113\" data-end=\"2196\">\n<p data-start=\"2116\" data-end=\"2196\"><strong data-start=\"2116\" data-end=\"2142\">Fabrication europ\u00e9enne<\/strong> \u2013 Gage de qualit\u00e9 et <strong data-start=\"2164\" data-end=\"2193\">pi\u00e8ces disponibles 15 ans<\/strong>.<\/p>\n<\/li>\n<\/ol>\n","protected":false},"featured_media":22228,"comment_status":"open","ping_status":"closed","template":"","meta":[],"product_brand":[],"product_cat":[209,222,237],"product_tag":[],"class_list":{"0":"post-22093","1":"product","2":"type-product","3":"status-publish","4":"has-post-thumbnail","6":"product_cat-electromenager","7":"product_cat-lave-linge","8":"product_cat-lave-linge-top","11":"first","12":"instock","13":"shipping-taxable","14":"purchasable","15":"product-type-simple"},"yoast_head":"<!-- This site is optimized with the Yoast SEO plugin v27.3 - https:\/\/yoast.com\/product\/yoast-seo-wordpress\/ -->\n<title>Lave-linge Top AEG LTR7C6151A - Promo Electro France<\/title>\n<meta name=\"robots\" content=\"index, follow, max-snippet:-1, max-image-preview:large, max-video-preview:-1\" \/>\n<link rel=\"canonical\" href=\"https:\/\/promoelectrofrance.com\/?product=lave-linge-top-aeg-ltr7c6151a\" \/>\n<meta property=\"og:locale\" content=\"fr_FR\" \/>\n<meta property=\"og:type\" content=\"article\" \/>\n<meta property=\"og:title\" content=\"Lave-linge Top AEG LTR7C6151A - Promo Electro France\" \/>\n<meta property=\"og:description\" content=\"\ud83d\udca1 Points forts du produit    Essorage performant \u2013 Jusqu\u2019\u00e0 1500 tours\/minute pour un linge mieux essor\u00e9 et un s\u00e9chage plus rapide.    Technologie vapeur ProSteam \u2013 R\u00e9duit les plis et rafra\u00eechit les v\u00eatements sans lavage complet.    \u00c9conomique et durable \u2013 Classe \u00e9nerg\u00e9tique A et moteur Inverter fiable et silencieux.    Compact et pratique \u2013 Format top de 40 cm de largeur, id\u00e9al pour les petits espaces.    Fabrication europ\u00e9enne \u2013 Gage de qualit\u00e9 et pi\u00e8ces disponibles 15 ans.\" \/>\n<meta property=\"og:url\" content=\"https:\/\/promoelectrofrance.com\/?product=lave-linge-top-aeg-ltr7c6151a\" \/>\n<meta property=\"og:site_name\" content=\"Promo Electro France\" \/>\n<meta property=\"article:modified_time\" content=\"2026-04-16T22:03:50+00:00\" \/>\n<meta name=\"twitter:card\" content=\"summary_large_image\" \/>\n<meta name=\"twitter:label1\" content=\"Dur\u00e9e de lecture estim\u00e9e\" \/>\n\t<meta name=\"twitter:data1\" content=\"1 minute\" \/>\n<script type=\"application\/ld+json\" class=\"yoast-schema-graph\">{\"@context\":\"https:\\\/\\\/schema.org\",\"@graph\":[{\"@type\":\"WebPage\",\"@id\":\"https:\\\/\\\/promoelectrofrance.com\\\/?product=lave-linge-top-aeg-ltr7c6151a\",\"url\":\"https:\\\/\\\/promoelectrofrance.com\\\/?product=lave-linge-top-aeg-ltr7c6151a\",\"name\":\"Lave-linge Top AEG LTR7C6151A - Promo Electro France\",\"isPartOf\":{\"@id\":\"https:\\\/\\\/promoelectrofrance.com\\\/#website\"},\"primaryImageOfPage\":{\"@id\":\"https:\\\/\\\/promoelectrofrance.com\\\/?product=lave-linge-top-aeg-ltr7c6151a#primaryimage\"},\"image\":{\"@id\":\"https:\\\/\\\/promoelectrofrance.com\\\/?product=lave-linge-top-aeg-ltr7c6151a#primaryimage\"},\"thumbnailUrl\":\"https:\\\/\\\/promoelectrofrance.com\\\/wp-content\\\/uploads\\\/2026\\\/04\\\/Lave-linge-Top-aeG-LTR7C6151A-6.jpg\",\"datePublished\":\"2026-04-16T22:00:41+00:00\",\"dateModified\":\"2026-04-16T22:03:50+00:00\",\"breadcrumb\":{\"@id\":\"https:\\\/\\\/promoelectrofrance.com\\\/?product=lave-linge-top-aeg-ltr7c6151a#breadcrumb\"},\"inLanguage\":\"fr-FR\",\"potentialAction\":[{\"@type\":\"ReadAction\",\"target\":[\"https:\\\/\\\/promoelectrofrance.com\\\/?product=lave-linge-top-aeg-ltr7c6151a\"]}]},{\"@type\":\"ImageObject\",\"inLanguage\":\"fr-FR\",\"@id\":\"https:\\\/\\\/promoelectrofrance.com\\\/?product=lave-linge-top-aeg-ltr7c6151a#primaryimage\",\"url\":\"https:\\\/\\\/promoelectrofrance.com\\\/wp-content\\\/uploads\\\/2026\\\/04\\\/Lave-linge-Top-aeG-LTR7C6151A-6.jpg\",\"contentUrl\":\"https:\\\/\\\/promoelectrofrance.com\\\/wp-content\\\/uploads\\\/2026\\\/04\\\/Lave-linge-Top-aeG-LTR7C6151A-6.jpg\",\"width\":1000,\"height\":1000},{\"@type\":\"BreadcrumbList\",\"@id\":\"https:\\\/\\\/promoelectrofrance.com\\\/?product=lave-linge-top-aeg-ltr7c6151a#breadcrumb\",\"itemListElement\":[{\"@type\":\"ListItem\",\"position\":1,\"name\":\"Accueil\",\"item\":\"https:\\\/\\\/promoelectrofrance.com\\\/\"},{\"@type\":\"ListItem\",\"position\":2,\"name\":\"Boutique\",\"item\":\"https:\\\/\\\/promoelectrofrance.com\\\/?page_id=8\"},{\"@type\":\"ListItem\",\"position\":3,\"name\":\"Lave-linge Top AEG LTR7C6151A\"}]},{\"@type\":\"WebSite\",\"@id\":\"https:\\\/\\\/promoelectrofrance.com\\\/#website\",\"url\":\"https:\\\/\\\/promoelectrofrance.com\\\/\",\"name\":\"Promo Electro France\",\"description\":\"\",\"potentialAction\":[{\"@type\":\"SearchAction\",\"target\":{\"@type\":\"EntryPoint\",\"urlTemplate\":\"https:\\\/\\\/promoelectrofrance.com\\\/?s={search_term_string}\"},\"query-input\":{\"@type\":\"PropertyValueSpecification\",\"valueRequired\":true,\"valueName\":\"search_term_string\"}}],\"inLanguage\":\"fr-FR\"}]}<\/script>\n<!-- \/ Yoast SEO plugin. -->","yoast_head_json":{"title":"Lave-linge Top AEG LTR7C6151A - Promo Electro France","robots":{"index":"index","follow":"follow","max-snippet":"max-snippet:-1","max-image-preview":"max-image-preview:large","max-video-preview":"max-video-preview:-1"},"canonical":"https:\/\/promoelectrofrance.com\/?product=lave-linge-top-aeg-ltr7c6151a","og_locale":"fr_FR","og_type":"article","og_title":"Lave-linge Top AEG LTR7C6151A - Promo Electro France","og_description":"\ud83d\udca1 Points forts du produit    Essorage performant \u2013 Jusqu\u2019\u00e0 1500 tours\/minute pour un linge mieux essor\u00e9 et un s\u00e9chage plus rapide.    Technologie vapeur ProSteam \u2013 R\u00e9duit les plis et rafra\u00eechit les v\u00eatements sans lavage complet.    \u00c9conomique et durable \u2013 Classe \u00e9nerg\u00e9tique A et moteur Inverter fiable et silencieux.    Compact et pratique \u2013 Format top de 40 cm de largeur, id\u00e9al pour les petits espaces.    Fabrication europ\u00e9enne \u2013 Gage de qualit\u00e9 et pi\u00e8ces disponibles 15 ans.","og_url":"https:\/\/promoelectrofrance.com\/?product=lave-linge-top-aeg-ltr7c6151a","og_site_name":"Promo Electro France","article_modified_time":"2026-04-16T22:03:50+00:00","twitter_card":"summary_large_image","twitter_misc":{"Dur\u00e9e de lecture estim\u00e9e":"1 minute"},"schema":{"@context":"https:\/\/schema.org","@graph":[{"@type":"WebPage","@id":"https:\/\/promoelectrofrance.com\/?product=lave-linge-top-aeg-ltr7c6151a","url":"https:\/\/promoelectrofrance.com\/?product=lave-linge-top-aeg-ltr7c6151a","name":"Lave-linge Top AEG LTR7C6151A - Promo Electro France","isPartOf":{"@id":"https:\/\/promoelectrofrance.com\/#website"},"primaryImageOfPage":{"@id":"https:\/\/promoelectrofrance.com\/?product=lave-linge-top-aeg-ltr7c6151a#primaryimage"},"image":{"@id":"https:\/\/promoelectrofrance.com\/?product=lave-linge-top-aeg-ltr7c6151a#primaryimage"},"thumbnailUrl":"https:\/\/promoelectrofrance.com\/wp-content\/uploads\/2026\/04\/Lave-linge-Top-aeG-LTR7C6151A-6.jpg","datePublished":"2026-04-16T22:00:41+00:00","dateModified":"2026-04-16T22:03:50+00:00","breadcrumb":{"@id":"https:\/\/promoelectrofrance.com\/?product=lave-linge-top-aeg-ltr7c6151a#breadcrumb"},"inLanguage":"fr-FR","potentialAction":[{"@type":"ReadAction","target":["https:\/\/promoelectrofrance.com\/?product=lave-linge-top-aeg-ltr7c6151a"]}]},{"@type":"ImageObject","inLanguage":"fr-FR","@id":"https:\/\/promoelectrofrance.com\/?product=lave-linge-top-aeg-ltr7c6151a#primaryimage","url":"https:\/\/promoelectrofrance.com\/wp-content\/uploads\/2026\/04\/Lave-linge-Top-aeG-LTR7C6151A-6.jpg","contentUrl":"https:\/\/promoelectrofrance.com\/wp-content\/uploads\/2026\/04\/Lave-linge-Top-aeG-LTR7C6151A-6.jpg","width":1000,"height":1000},{"@type":"BreadcrumbList","@id":"https:\/\/promoelectrofrance.com\/?product=lave-linge-top-aeg-ltr7c6151a#breadcrumb","itemListElement":[{"@type":"ListItem","position":1,"name":"Accueil","item":"https:\/\/promoelectrofrance.com\/"},{"@type":"ListItem","position":2,"name":"Boutique","item":"https:\/\/promoelectrofrance.com\/?page_id=8"},{"@type":"ListItem","position":3,"name":"Lave-linge Top AEG LTR7C6151A"}]},{"@type":"WebSite","@id":"https:\/\/promoelectrofrance.com\/#website","url":"https:\/\/promoelectrofrance.com\/","name":"Promo Electro France","description":"","potentialAction":[{"@type":"SearchAction","target":{"@type":"EntryPoint","urlTemplate":"https:\/\/promoelectrofrance.com\/?s={search_term_string}"},"query-input":{"@type":"PropertyValueSpecification","valueRequired":true,"valueName":"search_term_string"}}],"inLanguage":"fr-FR"}]}},"_links":{"self":[{"href":"https:\/\/promoelectrofrance.com\/index.php?rest_route=\/wp\/v2\/product\/22093","targetHints":{"allow":["GET"]}}],"collection":[{"href":"https:\/\/promoelectrofrance.com\/index.php?rest_route=\/wp\/v2\/product"}],"about":[{"href":"https:\/\/promoelectrofrance.com\/index.php?rest_route=\/wp\/v2\/types\/product"}],"replies":[{"embeddable":true,"href":"https:\/\/promoelectrofrance.com\/index.php?rest_route=%2Fwp%2Fv2%2Fcomments&post=22093"}],"version-history":[{"count":0,"href":"https:\/\/promoelectrofrance.com\/index.php?rest_route=\/wp\/v2\/product\/22093\/revisions"}],"wp:featuredmedia":[{"embeddable":true,"href":"https:\/\/promoelectrofrance.com\/index.php?rest_route=\/wp\/v2\/media\/22228"}],"wp:attachment":[{"href":"https:\/\/promoelectrofrance.com\/index.php?rest_route=%2Fwp%2Fv2%2Fmedia&parent=22093"}],"wp:term":[{"taxonomy":"product_brand","embeddable":true,"href":"https:\/\/promoelectrofrance.com\/index.php?rest_route=%2Fwp%2Fv2%2Fproduct_brand&post=22093"},{"taxonomy":"product_cat","embeddable":true,"href":"https:\/\/promoelectrofrance.com\/index.php?rest_route=%2Fwp%2Fv2%2Fproduct_cat&post=22093"},{"taxonomy":"product_tag","embeddable":true,"href":"https:\/\/promoelectrofrance.com\/index.php?rest_route=%2Fwp%2Fv2%2Fproduct_tag&post=22093"}],"curies":[{"name":"wp","href":"https:\/\/api.w.org\/{rel}","templated":true}]}}