{"id":22077,"date":"2026-04-17T00:00:14","date_gmt":"2026-04-16T22:00:14","guid":{"rendered":"https:\/\/promoelectrofrance.com\/?post_type=product&#038;p=22077"},"modified":"2026-04-17T00:03:44","modified_gmt":"2026-04-16T22:03:44","slug":"lave-linge-top-whirlpool","status":"publish","type":"product","link":"https:\/\/promoelectrofrance.com\/?product=lave-linge-top-whirlpool","title":{"rendered":"Lave-linge top Whirlpool"},"content":{"rendered":"<table>\n<thead>\n<tr>\n<th><strong>Cat\u00e9gorie<\/strong><\/th>\n<th><strong>Caract\u00e9ristiques<\/strong><\/th>\n<\/tr>\n<\/thead>\n<tbody>\n<tr>\n<td><strong>Indice de r\u00e9parabilit\u00e9<\/strong><\/td>\n<td>7,9 \/10<\/td>\n<\/tr>\n<tr>\n<td><strong>Coloris<\/strong><\/td>\n<td>Blanc<\/td>\n<\/tr>\n<tr>\n<td><strong>Type de pose<\/strong><\/td>\n<td>Pose libre<\/td>\n<\/tr>\n<tr>\n<td><strong>Capacit\u00e9 de lavage<\/strong><\/td>\n<td>6 kg <em>(donn\u00e9e \u00e0 confirmer, non pr\u00e9cis\u00e9e)<\/em><\/td>\n<\/tr>\n<tr>\n<td><strong>Vitesse d\u2019essorage<\/strong><\/td>\n<td>1200 tours\/min<\/td>\n<\/tr>\n<tr>\n<td><strong>Niveau sonore<\/strong><\/td>\n<td>Non communiqu\u00e9<\/td>\n<\/tr>\n<tr>\n<td><strong>Qualit\u00e9 d\u2019essorage<\/strong><\/td>\n<td>B<\/td>\n<\/tr>\n<tr>\n<td><strong>Consommation d\u2019eau par cycle<\/strong><\/td>\n<td>44 litres<\/td>\n<\/tr>\n<tr>\n<td><strong>Consommation d\u2019\u00e9nergie par cycle<\/strong><\/td>\n<td>0,43 kWh<\/td>\n<\/tr>\n<tr>\n<td><strong>Classe \u00e9nerg\u00e9tique<\/strong><\/td>\n<td>A<\/td>\n<\/tr>\n<tr>\n<td><strong>Classe \u00e9nerg\u00e9tique &#8211; lavage seul<\/strong><\/td>\n<td>A<\/td>\n<\/tr>\n<tr>\n<td><strong>Cat\u00e9gorie de niveau sonore<\/strong><\/td>\n<td>C<\/td>\n<\/tr>\n<tr>\n<td><strong>Dur\u00e9e du programme \u00e9co &#8211; lavage<\/strong><\/td>\n<td>195 minutes<\/td>\n<\/tr>\n<tr>\n<td><strong>Poids du produit<\/strong><\/td>\n<td>58 kg<\/td>\n<\/tr>\n<tr>\n<td><strong>Largeur du produit<\/strong><\/td>\n<td>40 cm<\/td>\n<\/tr>\n<tr>\n<td><strong>Dimensions (HxLxP)<\/strong><\/td>\n<td>Non pr\u00e9cis\u00e9es<\/td>\n<\/tr>\n<tr>\n<td><strong>Origine de fabrication<\/strong><\/td>\n<td>Non sp\u00e9cifi\u00e9e<\/td>\n<\/tr>\n<\/tbody>\n<\/table>\n","protected":false},"excerpt":{"rendered":"<h3 data-start=\"1012\" data-end=\"1046\">\ud83d\udca1 <strong data-start=\"1019\" data-end=\"1046\">Points forts du produit<\/strong><\/h3>\n<ol data-start=\"1048\" data-end=\"1523\">\n<li data-start=\"1048\" data-end=\"1162\">\n<p data-start=\"1051\" data-end=\"1162\"><strong data-start=\"1051\" data-end=\"1075\">Classe \u00e9nerg\u00e9tique A<\/strong> \u2013 Excellent rendement \u00e9nerg\u00e9tique, id\u00e9al pour r\u00e9duire la consommation d\u2019\u00e9lectricit\u00e9.<\/p>\n<\/li>\n<li data-start=\"1163\" data-end=\"1233\">\n<p data-start=\"1166\" data-end=\"1233\"><strong data-start=\"1166\" data-end=\"1187\">Essorage efficace<\/strong> \u2013 1200 tours\/min pour un linge bien essor\u00e9.<\/p>\n<\/li>\n<li data-start=\"1234\" data-end=\"1324\">\n<p data-start=\"1237\" data-end=\"1324\"><strong data-start=\"1237\" data-end=\"1263\">Format compact (40 cm)<\/strong> \u2013 Id\u00e9al pour les petits espaces ou les logements citadins.<\/p>\n<\/li>\n<li data-start=\"1325\" data-end=\"1436\">\n<p data-start=\"1328\" data-end=\"1436\"><strong data-start=\"1328\" data-end=\"1361\">Indice de r\u00e9parabilit\u00e9 7,9\/10<\/strong> \u2013 Appareil fiable et facilement r\u00e9parable pour une meilleure durabilit\u00e9.<\/p>\n<\/li>\n<li data-start=\"1437\" data-end=\"1523\">\n<p data-start=\"1440\" data-end=\"1523\"><strong data-start=\"1440\" data-end=\"1466\">Consommation optimis\u00e9e<\/strong> \u2013 Seulement <strong data-start=\"1479\" data-end=\"1491\">0,43 kWh<\/strong> et <strong data-start=\"1495\" data-end=\"1508\">44 litres<\/strong> par cycle \u00e9co.<\/p>\n<\/li>\n<\/ol>\n","protected":false},"featured_media":22224,"comment_status":"open","ping_status":"closed","template":"","meta":[],"product_brand":[],"product_cat":[209,222,237],"product_tag":[],"class_list":{"0":"post-22077","1":"product","2":"type-product","3":"status-publish","4":"has-post-thumbnail","6":"product_cat-electromenager","7":"product_cat-lave-linge","8":"product_cat-lave-linge-top","11":"first","12":"instock","13":"shipping-taxable","14":"purchasable","15":"product-type-simple"},"yoast_head":"<!-- This site is optimized with the Yoast SEO plugin v27.3 - https:\/\/yoast.com\/product\/yoast-seo-wordpress\/ -->\n<title>Lave-linge top Whirlpool - Promo Electro France<\/title>\n<meta name=\"robots\" content=\"index, follow, max-snippet:-1, max-image-preview:large, max-video-preview:-1\" \/>\n<link rel=\"canonical\" href=\"https:\/\/promoelectrofrance.com\/?product=lave-linge-top-whirlpool\" \/>\n<meta property=\"og:locale\" content=\"fr_FR\" \/>\n<meta property=\"og:type\" content=\"article\" \/>\n<meta property=\"og:title\" content=\"Lave-linge top Whirlpool - Promo Electro France\" \/>\n<meta property=\"og:description\" content=\"\ud83d\udca1 Points forts du produit    Classe \u00e9nerg\u00e9tique A \u2013 Excellent rendement \u00e9nerg\u00e9tique, id\u00e9al pour r\u00e9duire la consommation d\u2019\u00e9lectricit\u00e9.    Essorage efficace \u2013 1200 tours\/min pour un linge bien essor\u00e9.    Format compact (40 cm) \u2013 Id\u00e9al pour les petits espaces ou les logements citadins.    Indice de r\u00e9parabilit\u00e9 7,9\/10 \u2013 Appareil fiable et facilement r\u00e9parable pour une meilleure durabilit\u00e9.    Consommation optimis\u00e9e \u2013 Seulement 0,43 kWh et 44 litres par cycle \u00e9co.\" \/>\n<meta property=\"og:url\" content=\"https:\/\/promoelectrofrance.com\/?product=lave-linge-top-whirlpool\" \/>\n<meta property=\"og:site_name\" content=\"Promo Electro France\" \/>\n<meta property=\"article:modified_time\" content=\"2026-04-16T22:03:44+00:00\" \/>\n<meta name=\"twitter:card\" content=\"summary_large_image\" \/>\n<script type=\"application\/ld+json\" class=\"yoast-schema-graph\">{\"@context\":\"https:\\\/\\\/schema.org\",\"@graph\":[{\"@type\":\"WebPage\",\"@id\":\"https:\\\/\\\/promoelectrofrance.com\\\/?product=lave-linge-top-whirlpool\",\"url\":\"https:\\\/\\\/promoelectrofrance.com\\\/?product=lave-linge-top-whirlpool\",\"name\":\"Lave-linge top Whirlpool - Promo Electro France\",\"isPartOf\":{\"@id\":\"https:\\\/\\\/promoelectrofrance.com\\\/#website\"},\"primaryImageOfPage\":{\"@id\":\"https:\\\/\\\/promoelectrofrance.com\\\/?product=lave-linge-top-whirlpool#primaryimage\"},\"image\":{\"@id\":\"https:\\\/\\\/promoelectrofrance.com\\\/?product=lave-linge-top-whirlpool#primaryimage\"},\"thumbnailUrl\":\"https:\\\/\\\/promoelectrofrance.com\\\/wp-content\\\/uploads\\\/2026\\\/04\\\/28206012-1505-3756-1-2.jpg\",\"datePublished\":\"2026-04-16T22:00:14+00:00\",\"dateModified\":\"2026-04-16T22:03:44+00:00\",\"breadcrumb\":{\"@id\":\"https:\\\/\\\/promoelectrofrance.com\\\/?product=lave-linge-top-whirlpool#breadcrumb\"},\"inLanguage\":\"fr-FR\",\"potentialAction\":[{\"@type\":\"ReadAction\",\"target\":[\"https:\\\/\\\/promoelectrofrance.com\\\/?product=lave-linge-top-whirlpool\"]}]},{\"@type\":\"ImageObject\",\"inLanguage\":\"fr-FR\",\"@id\":\"https:\\\/\\\/promoelectrofrance.com\\\/?product=lave-linge-top-whirlpool#primaryimage\",\"url\":\"https:\\\/\\\/promoelectrofrance.com\\\/wp-content\\\/uploads\\\/2026\\\/04\\\/28206012-1505-3756-1-2.jpg\",\"contentUrl\":\"https:\\\/\\\/promoelectrofrance.com\\\/wp-content\\\/uploads\\\/2026\\\/04\\\/28206012-1505-3756-1-2.jpg\",\"width\":1200,\"height\":1200},{\"@type\":\"BreadcrumbList\",\"@id\":\"https:\\\/\\\/promoelectrofrance.com\\\/?product=lave-linge-top-whirlpool#breadcrumb\",\"itemListElement\":[{\"@type\":\"ListItem\",\"position\":1,\"name\":\"Accueil\",\"item\":\"https:\\\/\\\/promoelectrofrance.com\\\/\"},{\"@type\":\"ListItem\",\"position\":2,\"name\":\"Boutique\",\"item\":\"https:\\\/\\\/promoelectrofrance.com\\\/?page_id=8\"},{\"@type\":\"ListItem\",\"position\":3,\"name\":\"Lave-linge top Whirlpool\"}]},{\"@type\":\"WebSite\",\"@id\":\"https:\\\/\\\/promoelectrofrance.com\\\/#website\",\"url\":\"https:\\\/\\\/promoelectrofrance.com\\\/\",\"name\":\"Promo Electro France\",\"description\":\"\",\"potentialAction\":[{\"@type\":\"SearchAction\",\"target\":{\"@type\":\"EntryPoint\",\"urlTemplate\":\"https:\\\/\\\/promoelectrofrance.com\\\/?s={search_term_string}\"},\"query-input\":{\"@type\":\"PropertyValueSpecification\",\"valueRequired\":true,\"valueName\":\"search_term_string\"}}],\"inLanguage\":\"fr-FR\"}]}<\/script>\n<!-- \/ Yoast SEO plugin. -->","yoast_head_json":{"title":"Lave-linge top Whirlpool - Promo Electro France","robots":{"index":"index","follow":"follow","max-snippet":"max-snippet:-1","max-image-preview":"max-image-preview:large","max-video-preview":"max-video-preview:-1"},"canonical":"https:\/\/promoelectrofrance.com\/?product=lave-linge-top-whirlpool","og_locale":"fr_FR","og_type":"article","og_title":"Lave-linge top Whirlpool - Promo Electro France","og_description":"\ud83d\udca1 Points forts du produit    Classe \u00e9nerg\u00e9tique A \u2013 Excellent rendement \u00e9nerg\u00e9tique, id\u00e9al pour r\u00e9duire la consommation d\u2019\u00e9lectricit\u00e9.    Essorage efficace \u2013 1200 tours\/min pour un linge bien essor\u00e9.    Format compact (40 cm) \u2013 Id\u00e9al pour les petits espaces ou les logements citadins.    Indice de r\u00e9parabilit\u00e9 7,9\/10 \u2013 Appareil fiable et facilement r\u00e9parable pour une meilleure durabilit\u00e9.    Consommation optimis\u00e9e \u2013 Seulement 0,43 kWh et 44 litres par cycle \u00e9co.","og_url":"https:\/\/promoelectrofrance.com\/?product=lave-linge-top-whirlpool","og_site_name":"Promo Electro France","article_modified_time":"2026-04-16T22:03:44+00:00","twitter_card":"summary_large_image","schema":{"@context":"https:\/\/schema.org","@graph":[{"@type":"WebPage","@id":"https:\/\/promoelectrofrance.com\/?product=lave-linge-top-whirlpool","url":"https:\/\/promoelectrofrance.com\/?product=lave-linge-top-whirlpool","name":"Lave-linge top Whirlpool - Promo Electro France","isPartOf":{"@id":"https:\/\/promoelectrofrance.com\/#website"},"primaryImageOfPage":{"@id":"https:\/\/promoelectrofrance.com\/?product=lave-linge-top-whirlpool#primaryimage"},"image":{"@id":"https:\/\/promoelectrofrance.com\/?product=lave-linge-top-whirlpool#primaryimage"},"thumbnailUrl":"https:\/\/promoelectrofrance.com\/wp-content\/uploads\/2026\/04\/28206012-1505-3756-1-2.jpg","datePublished":"2026-04-16T22:00:14+00:00","dateModified":"2026-04-16T22:03:44+00:00","breadcrumb":{"@id":"https:\/\/promoelectrofrance.com\/?product=lave-linge-top-whirlpool#breadcrumb"},"inLanguage":"fr-FR","potentialAction":[{"@type":"ReadAction","target":["https:\/\/promoelectrofrance.com\/?product=lave-linge-top-whirlpool"]}]},{"@type":"ImageObject","inLanguage":"fr-FR","@id":"https:\/\/promoelectrofrance.com\/?product=lave-linge-top-whirlpool#primaryimage","url":"https:\/\/promoelectrofrance.com\/wp-content\/uploads\/2026\/04\/28206012-1505-3756-1-2.jpg","contentUrl":"https:\/\/promoelectrofrance.com\/wp-content\/uploads\/2026\/04\/28206012-1505-3756-1-2.jpg","width":1200,"height":1200},{"@type":"BreadcrumbList","@id":"https:\/\/promoelectrofrance.com\/?product=lave-linge-top-whirlpool#breadcrumb","itemListElement":[{"@type":"ListItem","position":1,"name":"Accueil","item":"https:\/\/promoelectrofrance.com\/"},{"@type":"ListItem","position":2,"name":"Boutique","item":"https:\/\/promoelectrofrance.com\/?page_id=8"},{"@type":"ListItem","position":3,"name":"Lave-linge top Whirlpool"}]},{"@type":"WebSite","@id":"https:\/\/promoelectrofrance.com\/#website","url":"https:\/\/promoelectrofrance.com\/","name":"Promo Electro France","description":"","potentialAction":[{"@type":"SearchAction","target":{"@type":"EntryPoint","urlTemplate":"https:\/\/promoelectrofrance.com\/?s={search_term_string}"},"query-input":{"@type":"PropertyValueSpecification","valueRequired":true,"valueName":"search_term_string"}}],"inLanguage":"fr-FR"}]}},"_links":{"self":[{"href":"https:\/\/promoelectrofrance.com\/index.php?rest_route=\/wp\/v2\/product\/22077","targetHints":{"allow":["GET"]}}],"collection":[{"href":"https:\/\/promoelectrofrance.com\/index.php?rest_route=\/wp\/v2\/product"}],"about":[{"href":"https:\/\/promoelectrofrance.com\/index.php?rest_route=\/wp\/v2\/types\/product"}],"replies":[{"embeddable":true,"href":"https:\/\/promoelectrofrance.com\/index.php?rest_route=%2Fwp%2Fv2%2Fcomments&post=22077"}],"version-history":[{"count":0,"href":"https:\/\/promoelectrofrance.com\/index.php?rest_route=\/wp\/v2\/product\/22077\/revisions"}],"wp:featuredmedia":[{"embeddable":true,"href":"https:\/\/promoelectrofrance.com\/index.php?rest_route=\/wp\/v2\/media\/22224"}],"wp:attachment":[{"href":"https:\/\/promoelectrofrance.com\/index.php?rest_route=%2Fwp%2Fv2%2Fmedia&parent=22077"}],"wp:term":[{"taxonomy":"product_brand","embeddable":true,"href":"https:\/\/promoelectrofrance.com\/index.php?rest_route=%2Fwp%2Fv2%2Fproduct_brand&post=22077"},{"taxonomy":"product_cat","embeddable":true,"href":"https:\/\/promoelectrofrance.com\/index.php?rest_route=%2Fwp%2Fv2%2Fproduct_cat&post=22077"},{"taxonomy":"product_tag","embeddable":true,"href":"https:\/\/promoelectrofrance.com\/index.php?rest_route=%2Fwp%2Fv2%2Fproduct_tag&post=22077"}],"curies":[{"name":"wp","href":"https:\/\/api.w.org\/{rel}","templated":true}]}}