{"id":21947,"date":"2026-04-16T23:56:48","date_gmt":"2026-04-16T21:56:48","guid":{"rendered":"https:\/\/promoelectrofrance.com\/?post_type=product&#038;p=21947"},"modified":"2026-04-16T23:59:59","modified_gmt":"2026-04-16T21:59:59","slug":"lave-linge-hublot-samsung-ecobubble-11-kg-noir","status":"publish","type":"product","link":"https:\/\/promoelectrofrance.com\/?product=lave-linge-hublot-samsung-ecobubble-11-kg-noir","title":{"rendered":"Lave-linge hublot Samsung ecobubble\u2122 11 Kg Noir"},"content":{"rendered":"<p>&nbsp;<\/p>\n<table>\n<thead>\n<tr>\n<th><strong>Caract\u00e9ristique<\/strong><\/th>\n<th><strong>D\u00e9tail<\/strong><\/th>\n<\/tr>\n<\/thead>\n<tbody>\n<tr>\n<td><strong>Type de pose<\/strong><\/td>\n<td>Pose libre<\/td>\n<\/tr>\n<tr>\n<td><strong>Capacit\u00e9 de lavage<\/strong><\/td>\n<td>11 kg<\/td>\n<\/tr>\n<tr>\n<td><strong>Vitesse d\u2019essorage<\/strong><\/td>\n<td>1400 tours\/min<\/td>\n<\/tr>\n<tr>\n<td><strong>Programmes de lavage<\/strong><\/td>\n<td>Eco 40-60, Coton, Synth\u00e9tiques, Microplastiques, Express 15 min (2 kg), Super Rapide 39 min (5 kg), Intensif \u00e0 froid, Laine, D\u00e9licat, Couleurs, Jeans, Draps, V\u00eatements de sport, Chemises, Serviettes, Anti-Allerg\u00e8nes (vapeur), Lavage silencieux, Sp\u00e9cial v\u00eatements de b\u00e9b\u00e9, Rin\u00e7age + essorage, Vidange\/Essorage, Nettoyage Tambour+, Ext\u00e9rieur, Journ\u00e9e nuageuse<\/td>\n<\/tr>\n<tr>\n<td><strong>Dosage automatique<\/strong><\/td>\n<td>Oui<\/td>\n<\/tr>\n<tr>\n<td><strong>Fonctionnalit\u00e9s principales<\/strong><\/td>\n<td>Affichage du temps restant, Fin diff\u00e9r\u00e9e, Mode intelligent<\/td>\n<\/tr>\n<tr>\n<td><strong>Niveau sonore (essorage)<\/strong><\/td>\n<td>72 dB<\/td>\n<\/tr>\n<tr>\n<td><strong>Avantages produits<\/strong><\/td>\n<td>Moteur Digital Inverter\u2122 \u2013 durable, silencieux et garanti 20 ans<\/td>\n<\/tr>\n<tr>\n<td><strong>Connect\u00e9<\/strong><\/td>\n<td>Oui \u2013 SmartThings (Wi-Fi)<\/td>\n<\/tr>\n<tr>\n<td><strong>Type de moteur<\/strong><\/td>\n<td>Digital Inverter\u2122<\/td>\n<\/tr>\n<tr>\n<td><strong>Qualit\u00e9 d\u2019essorage<\/strong><\/td>\n<td>B<\/td>\n<\/tr>\n<tr>\n<td><strong>Consommation d\u2019eau par cycle<\/strong><\/td>\n<td>54 litres<\/td>\n<\/tr>\n<tr>\n<td><strong>Consommation d\u2019\u00e9nergie par cycle<\/strong><\/td>\n<td>0,42 kWh<\/td>\n<\/tr>\n<tr>\n<td><strong>Consommation d\u2019\u00e9nergie sur 100 cycles<\/strong><\/td>\n<td>42 kWh<\/td>\n<\/tr>\n<tr>\n<td><strong>Dur\u00e9e du programme \u00e9co (lavage)<\/strong><\/td>\n<td>240 minutes<\/td>\n<\/tr>\n<tr>\n<td><strong>Classe \u00e9nerg\u00e9tique<\/strong><\/td>\n<td>A<\/td>\n<\/tr>\n<tr>\n<td><strong>Cat\u00e9gorie de niveau sonore<\/strong><\/td>\n<td>A<\/td>\n<\/tr>\n<tr>\n<td><strong>D\u00e9part\/fin diff\u00e9r\u00e9e<\/strong><\/td>\n<td>Oui \u2013 1 \u00e0 24 h<\/td>\n<\/tr>\n<tr>\n<td><strong>Bandeau de commande<\/strong><\/td>\n<td>Panneau de contr\u00f4le intelligent<\/td>\n<\/tr>\n<tr>\n<td><strong>S\u00e9curit\u00e9<\/strong><\/td>\n<td>S\u00e9curit\u00e9 enfant, T\u00e9moin d\u2019anomalie, Antimousse, Smart Check<\/td>\n<\/tr>\n<tr>\n<td><strong>Couleur<\/strong><\/td>\n<td>Noir<\/td>\n<\/tr>\n<tr>\n<td><strong>Dimensions (H x L x P)<\/strong><\/td>\n<td>85 x 60 x 63,7 cm<\/td>\n<\/tr>\n<tr>\n<td><strong>Poids<\/strong><\/td>\n<td>72 kg<\/td>\n<\/tr>\n<tr>\n<td><strong>Origine de fabrication<\/strong><\/td>\n<td>Fabriqu\u00e9 en Europe<\/td>\n<\/tr>\n<tr>\n<td><strong>Indice de durabilit\u00e9<\/strong><\/td>\n<td>8,7 \/ 10<\/td>\n<\/tr>\n<tr>\n<td><\/td>\n<td><\/td>\n<\/tr>\n<\/tbody>\n<\/table>\n<p>&nbsp;<\/p>\n","protected":false},"excerpt":{"rendered":"<h3 data-start=\"145\" data-end=\"220\">Lave-linge intelligent AI ecobubble\u2122 \u2013 Performance, soin et \u00e9conomies<\/h3>\n<p data-start=\"221\" data-end=\"777\">Profitez d\u2019un lavage exceptionnel avec la technologie <strong data-start=\"275\" data-end=\"292\">AI ecobubble\u2122<\/strong>, qui transforme l\u2019eau et la lessive en une mousse ultra-performante pour \u00e9liminer les taches en profondeur, m\u00eame \u00e0 basse temp\u00e9rature. Gr\u00e2ce au <strong data-start=\"436\" data-end=\"447\">AI Wash<\/strong>, le lave-linge ajuste automatiquement la dose de lessive, la quantit\u00e9 d\u2019eau et la dur\u00e9e du cycle selon le type et le niveau de salissure du linge. Enfin, avec le mode <strong data-start=\"615\" data-end=\"640\">SmartThings AI Energy<\/strong>, surveillez et r\u00e9duisez votre consommation pour r\u00e9aliser jusqu\u2019\u00e0 <strong data-start=\"706\" data-end=\"736\">70 % d\u2019\u00e9conomies d\u2019\u00e9nergie<\/strong> tout en prenant soin de vos v\u00eatements.<\/p>\n","protected":false},"featured_media":0,"comment_status":"open","ping_status":"closed","template":"","meta":[],"product_brand":[],"product_cat":[222,223],"product_tag":[],"class_list":{"0":"post-21947","1":"product","2":"type-product","3":"status-publish","5":"product_cat-lave-linge","6":"product_cat-lave-linge-hublot","8":"first","9":"instock","10":"shipping-taxable","11":"purchasable","12":"product-type-simple"},"yoast_head":"<!-- This site is optimized with the Yoast SEO plugin v27.3 - https:\/\/yoast.com\/product\/yoast-seo-wordpress\/ -->\n<title>Lave-linge hublot Samsung ecobubble\u2122 11 Kg Noir - Promo Electro France<\/title>\n<meta name=\"robots\" content=\"index, follow, max-snippet:-1, max-image-preview:large, max-video-preview:-1\" \/>\n<link rel=\"canonical\" href=\"https:\/\/promoelectrofrance.com\/?product=lave-linge-hublot-samsung-ecobubble-11-kg-noir\" \/>\n<meta property=\"og:locale\" content=\"fr_FR\" \/>\n<meta property=\"og:type\" content=\"article\" \/>\n<meta property=\"og:title\" content=\"Lave-linge hublot Samsung ecobubble\u2122 11 Kg Noir - Promo Electro France\" \/>\n<meta property=\"og:description\" content=\"Lave-linge intelligent AI ecobubble\u2122 \u2013 Performance, soin et \u00e9conomies Profitez d\u2019un lavage exceptionnel avec la technologie AI ecobubble\u2122, qui transforme l\u2019eau et la lessive en une mousse ultra-performante pour \u00e9liminer les taches en profondeur, m\u00eame \u00e0 basse temp\u00e9rature. Gr\u00e2ce au AI Wash, le lave-linge ajuste automatiquement la dose de lessive, la quantit\u00e9 d\u2019eau et la dur\u00e9e du cycle selon le type et le niveau de salissure du linge. Enfin, avec le mode SmartThings AI Energy, surveillez et r\u00e9duisez votre consommation pour r\u00e9aliser jusqu\u2019\u00e0 70 % d\u2019\u00e9conomies d\u2019\u00e9nergie tout en prenant soin de vos v\u00eatements.\" \/>\n<meta property=\"og:url\" content=\"https:\/\/promoelectrofrance.com\/?product=lave-linge-hublot-samsung-ecobubble-11-kg-noir\" \/>\n<meta property=\"og:site_name\" content=\"Promo Electro France\" \/>\n<meta property=\"article:modified_time\" content=\"2026-04-16T21:59:59+00:00\" \/>\n<meta name=\"twitter:card\" content=\"summary_large_image\" \/>\n<meta name=\"twitter:label1\" content=\"Dur\u00e9e de lecture estim\u00e9e\" \/>\n\t<meta name=\"twitter:data1\" content=\"1 minute\" \/>\n<script type=\"application\/ld+json\" class=\"yoast-schema-graph\">{\"@context\":\"https:\\\/\\\/schema.org\",\"@graph\":[{\"@type\":\"WebPage\",\"@id\":\"https:\\\/\\\/promoelectrofrance.com\\\/?product=lave-linge-hublot-samsung-ecobubble-11-kg-noir\",\"url\":\"https:\\\/\\\/promoelectrofrance.com\\\/?product=lave-linge-hublot-samsung-ecobubble-11-kg-noir\",\"name\":\"Lave-linge hublot Samsung ecobubble\u2122 11 Kg Noir - Promo Electro France\",\"isPartOf\":{\"@id\":\"https:\\\/\\\/promoelectrofrance.com\\\/#website\"},\"datePublished\":\"2026-04-16T21:56:48+00:00\",\"dateModified\":\"2026-04-16T21:59:59+00:00\",\"breadcrumb\":{\"@id\":\"https:\\\/\\\/promoelectrofrance.com\\\/?product=lave-linge-hublot-samsung-ecobubble-11-kg-noir#breadcrumb\"},\"inLanguage\":\"fr-FR\",\"potentialAction\":[{\"@type\":\"ReadAction\",\"target\":[\"https:\\\/\\\/promoelectrofrance.com\\\/?product=lave-linge-hublot-samsung-ecobubble-11-kg-noir\"]}]},{\"@type\":\"BreadcrumbList\",\"@id\":\"https:\\\/\\\/promoelectrofrance.com\\\/?product=lave-linge-hublot-samsung-ecobubble-11-kg-noir#breadcrumb\",\"itemListElement\":[{\"@type\":\"ListItem\",\"position\":1,\"name\":\"Accueil\",\"item\":\"https:\\\/\\\/promoelectrofrance.com\\\/\"},{\"@type\":\"ListItem\",\"position\":2,\"name\":\"Boutique\",\"item\":\"https:\\\/\\\/promoelectrofrance.com\\\/?page_id=8\"},{\"@type\":\"ListItem\",\"position\":3,\"name\":\"Lave-linge hublot Samsung ecobubble\u2122 11 Kg Noir\"}]},{\"@type\":\"WebSite\",\"@id\":\"https:\\\/\\\/promoelectrofrance.com\\\/#website\",\"url\":\"https:\\\/\\\/promoelectrofrance.com\\\/\",\"name\":\"Promo Electro France\",\"description\":\"\",\"potentialAction\":[{\"@type\":\"SearchAction\",\"target\":{\"@type\":\"EntryPoint\",\"urlTemplate\":\"https:\\\/\\\/promoelectrofrance.com\\\/?s={search_term_string}\"},\"query-input\":{\"@type\":\"PropertyValueSpecification\",\"valueRequired\":true,\"valueName\":\"search_term_string\"}}],\"inLanguage\":\"fr-FR\"}]}<\/script>\n<!-- \/ Yoast SEO plugin. -->","yoast_head_json":{"title":"Lave-linge hublot Samsung ecobubble\u2122 11 Kg Noir - Promo Electro France","robots":{"index":"index","follow":"follow","max-snippet":"max-snippet:-1","max-image-preview":"max-image-preview:large","max-video-preview":"max-video-preview:-1"},"canonical":"https:\/\/promoelectrofrance.com\/?product=lave-linge-hublot-samsung-ecobubble-11-kg-noir","og_locale":"fr_FR","og_type":"article","og_title":"Lave-linge hublot Samsung ecobubble\u2122 11 Kg Noir - Promo Electro France","og_description":"Lave-linge intelligent AI ecobubble\u2122 \u2013 Performance, soin et \u00e9conomies Profitez d\u2019un lavage exceptionnel avec la technologie AI ecobubble\u2122, qui transforme l\u2019eau et la lessive en une mousse ultra-performante pour \u00e9liminer les taches en profondeur, m\u00eame \u00e0 basse temp\u00e9rature. Gr\u00e2ce au AI Wash, le lave-linge ajuste automatiquement la dose de lessive, la quantit\u00e9 d\u2019eau et la dur\u00e9e du cycle selon le type et le niveau de salissure du linge. Enfin, avec le mode SmartThings AI Energy, surveillez et r\u00e9duisez votre consommation pour r\u00e9aliser jusqu\u2019\u00e0 70 % d\u2019\u00e9conomies d\u2019\u00e9nergie tout en prenant soin de vos v\u00eatements.","og_url":"https:\/\/promoelectrofrance.com\/?product=lave-linge-hublot-samsung-ecobubble-11-kg-noir","og_site_name":"Promo Electro France","article_modified_time":"2026-04-16T21:59:59+00:00","twitter_card":"summary_large_image","twitter_misc":{"Dur\u00e9e de lecture estim\u00e9e":"1 minute"},"schema":{"@context":"https:\/\/schema.org","@graph":[{"@type":"WebPage","@id":"https:\/\/promoelectrofrance.com\/?product=lave-linge-hublot-samsung-ecobubble-11-kg-noir","url":"https:\/\/promoelectrofrance.com\/?product=lave-linge-hublot-samsung-ecobubble-11-kg-noir","name":"Lave-linge hublot Samsung ecobubble\u2122 11 Kg Noir - Promo Electro France","isPartOf":{"@id":"https:\/\/promoelectrofrance.com\/#website"},"datePublished":"2026-04-16T21:56:48+00:00","dateModified":"2026-04-16T21:59:59+00:00","breadcrumb":{"@id":"https:\/\/promoelectrofrance.com\/?product=lave-linge-hublot-samsung-ecobubble-11-kg-noir#breadcrumb"},"inLanguage":"fr-FR","potentialAction":[{"@type":"ReadAction","target":["https:\/\/promoelectrofrance.com\/?product=lave-linge-hublot-samsung-ecobubble-11-kg-noir"]}]},{"@type":"BreadcrumbList","@id":"https:\/\/promoelectrofrance.com\/?product=lave-linge-hublot-samsung-ecobubble-11-kg-noir#breadcrumb","itemListElement":[{"@type":"ListItem","position":1,"name":"Accueil","item":"https:\/\/promoelectrofrance.com\/"},{"@type":"ListItem","position":2,"name":"Boutique","item":"https:\/\/promoelectrofrance.com\/?page_id=8"},{"@type":"ListItem","position":3,"name":"Lave-linge hublot Samsung ecobubble\u2122 11 Kg Noir"}]},{"@type":"WebSite","@id":"https:\/\/promoelectrofrance.com\/#website","url":"https:\/\/promoelectrofrance.com\/","name":"Promo Electro France","description":"","potentialAction":[{"@type":"SearchAction","target":{"@type":"EntryPoint","urlTemplate":"https:\/\/promoelectrofrance.com\/?s={search_term_string}"},"query-input":{"@type":"PropertyValueSpecification","valueRequired":true,"valueName":"search_term_string"}}],"inLanguage":"fr-FR"}]}},"_links":{"self":[{"href":"https:\/\/promoelectrofrance.com\/index.php?rest_route=\/wp\/v2\/product\/21947","targetHints":{"allow":["GET"]}}],"collection":[{"href":"https:\/\/promoelectrofrance.com\/index.php?rest_route=\/wp\/v2\/product"}],"about":[{"href":"https:\/\/promoelectrofrance.com\/index.php?rest_route=\/wp\/v2\/types\/product"}],"replies":[{"embeddable":true,"href":"https:\/\/promoelectrofrance.com\/index.php?rest_route=%2Fwp%2Fv2%2Fcomments&post=21947"}],"version-history":[{"count":0,"href":"https:\/\/promoelectrofrance.com\/index.php?rest_route=\/wp\/v2\/product\/21947\/revisions"}],"wp:attachment":[{"href":"https:\/\/promoelectrofrance.com\/index.php?rest_route=%2Fwp%2Fv2%2Fmedia&parent=21947"}],"wp:term":[{"taxonomy":"product_brand","embeddable":true,"href":"https:\/\/promoelectrofrance.com\/index.php?rest_route=%2Fwp%2Fv2%2Fproduct_brand&post=21947"},{"taxonomy":"product_cat","embeddable":true,"href":"https:\/\/promoelectrofrance.com\/index.php?rest_route=%2Fwp%2Fv2%2Fproduct_cat&post=21947"},{"taxonomy":"product_tag","embeddable":true,"href":"https:\/\/promoelectrofrance.com\/index.php?rest_route=%2Fwp%2Fv2%2Fproduct_tag&post=21947"}],"curies":[{"name":"wp","href":"https:\/\/api.w.org\/{rel}","templated":true}]}}