{"id":21901,"date":"2026-04-16T23:55:49","date_gmt":"2026-04-16T21:55:49","guid":{"rendered":"https:\/\/promoelectrofrance.com\/?post_type=product&#038;p=21901"},"modified":"2026-04-16T23:58:52","modified_gmt":"2026-04-16T21:58:52","slug":"cave-a-vin-de-vieillissement-la-sommeliere-ctvne147-147-bouteilles","status":"publish","type":"product","link":"https:\/\/promoelectrofrance.com\/?product=cave-a-vin-de-vieillissement-la-sommeliere-ctvne147-147-bouteilles","title":{"rendered":"Cave \u00e0 vin de vieillissement &#8211; LA SOMMELIERE &#8211; CTVNE147 &#8211; 147 bouteilles"},"content":{"rendered":"<table width=\"0\">\n<tbody>\n<tr>\n<td colspan=\"2\"><strong>Caract\u00e9ristiques<\/strong><\/td>\n<\/tr>\n<tr>\n<td width=\"307\"><strong>Marque<\/strong><\/td>\n<td width=\"710\">LA SOMMELIERE<\/td>\n<\/tr>\n<tr>\n<td width=\"307\"><strong>Nom du produit<\/strong><\/td>\n<td width=\"710\">Cave \u00e0 vin de vieillissement &#8211; LA SOMMELIERE &#8211; CTVNE147 &#8211; 147 bouteilles &#8211; Porte vitr\u00e9e &#8211; Classe G &#8211; 54,5 x 60,4 x 167,4 cm &#8211; Noir<\/td>\n<\/tr>\n<tr>\n<td width=\"307\"><strong>Cat\u00e9gorie<\/strong><\/td>\n<td width=\"710\">CAVE \u00c0 VIN<\/td>\n<\/tr>\n<tr>\n<td width=\"307\"><strong>R\u00e9f\u00e9rence<\/strong><\/td>\n<td width=\"710\">CTVNE147<\/td>\n<\/tr>\n<tr>\n<td colspan=\"2\"><strong>Informations sur le produit<\/strong><\/td>\n<\/tr>\n<tr>\n<td width=\"307\"><strong>Notes<\/strong><\/td>\n<td width=\"710\">Information importante sur l&#8217;encastrement : Cet appareil est destin\u00e9 \u00e0 une installation pose libre uniquement. Il ne doit jamais \u00eatre encastr\u00e9 ou int\u00e9gr\u00e9.<\/td>\n<\/tr>\n<tr>\n<td width=\"307\"><strong>Consommation|Consommation d&#8217;\u00e9nergie<\/strong><\/td>\n<td width=\"710\">95 Watt<\/td>\n<\/tr>\n<tr>\n<td width=\"307\"><strong>Couleur(s)<\/strong><\/td>\n<td width=\"710\">Noir<\/td>\n<\/tr>\n<tr>\n<td width=\"307\"><strong>Autres caract\u00e9ristiques<\/strong><\/td>\n<td width=\"710\">EEI : 168,8%. 1 filtre \u00e0 charbon, (FAC01). Type de compresseur : standard. Syst\u00e8me anti-vibration : Oui.<\/td>\n<\/tr>\n<tr>\n<td width=\"307\"><strong>Classe \u00e9nerg\u00e9tique<\/strong><\/td>\n<td width=\"710\">G<\/td>\n<\/tr>\n<tr>\n<td width=\"307\"><strong>Avertissements de s\u00e9curit\u00e9<\/strong><\/td>\n<td width=\"710\">Syst\u00e8me hiver : Oui. M\u00e9moire de temp\u00e9rature : Non.<\/td>\n<\/tr>\n<tr>\n<td width=\"307\"><strong>Pays d&#8217;origine<\/strong><\/td>\n<td width=\"710\">Chine<\/td>\n<\/tr>\n<tr>\n<td colspan=\"2\"><strong>G\u00e9n\u00e9ral<\/strong><\/td>\n<\/tr>\n<tr>\n<td width=\"307\"><strong>Type de produit<\/strong><\/td>\n<td width=\"710\">Cave \u00e0 vin<\/td>\n<\/tr>\n<tr>\n<td width=\"307\"><strong>Classe d&#8217;efficacit\u00e9 \u00e9nerg\u00e9tique<\/strong><\/td>\n<td width=\"710\">Classe G<\/td>\n<\/tr>\n<tr>\n<td width=\"307\"><strong>Classe \u00e9nerg\u00e9tique<\/strong><\/td>\n<td width=\"710\">Classe G<\/td>\n<\/tr>\n<tr>\n<td width=\"307\"><strong>Consommation d&#8217;\u00e9nergie annuelle<\/strong><\/td>\n<td width=\"710\">166 KWh\/a<\/td>\n<\/tr>\n<tr>\n<td width=\"307\"><strong>Volume utile totale<\/strong><\/td>\n<td width=\"710\">Capacit\u00e9 : 147 bouteilles<\/td>\n<\/tr>\n<tr>\n<td width=\"307\"><strong>Volume utile total<\/strong><\/td>\n<td width=\"710\">Capacit\u00e9 : 147 bouteilles<\/td>\n<\/tr>\n<tr>\n<td width=\"307\"><strong>Classe climatique<\/strong><\/td>\n<td width=\"710\">ST (16-38)<\/td>\n<\/tr>\n<tr>\n<td width=\"307\"><strong>Emissions acoustiques<\/strong><\/td>\n<td width=\"710\">Niveau de bruit : 39dB \/ C<\/td>\n<\/tr>\n<tr>\n<td width=\"307\"><strong>Niveau sonore maximum<\/strong><\/td>\n<td width=\"710\">39 dB<\/td>\n<\/tr>\n<tr>\n<td width=\"307\"><strong>Format<\/strong><\/td>\n<td width=\"710\">Pose libre<\/td>\n<\/tr>\n<tr>\n<td width=\"307\"><strong>Couleur<\/strong><\/td>\n<td width=\"710\">Noir<\/td>\n<\/tr>\n<tr>\n<td width=\"307\"><strong>Nombre de portes<\/strong><\/td>\n<td width=\"710\">1<\/td>\n<\/tr>\n<tr>\n<td width=\"307\"><strong>Portes r\u00e9versibles<\/strong><\/td>\n<td width=\"710\">Oui<\/td>\n<\/tr>\n<tr>\n<td width=\"307\"><strong>Contr\u00f4le<\/strong><\/td>\n<td width=\"710\">Hygrom\u00e9trie contr\u00f4l\u00e9e (50-80%), syst\u00e8me anti-vibrations, renouvellement et filtration d&#8217;air.<\/td>\n<\/tr>\n<tr>\n<td width=\"307\"><strong>Eclairage int\u00e9rieur<\/strong><\/td>\n<td width=\"710\">Source de lumi\u00e8re : LED. Couleur(s) de l&#8217;\u00e9clairage : Blanc Froid. Interrupteur de lumi\u00e8re.<\/td>\n<\/tr>\n<tr>\n<td width=\"307\"><strong>Caract\u00e9ristiques des portes<\/strong><\/td>\n<td width=\"710\">Couleur de la porte : noir. Couleur du vitrage : transparent. Nombre de vitrage : 3. Anti-UV. Verre tremp\u00e9. Porte r\u00e9versible. Poign\u00e9e int\u00e9gr\u00e9e.<\/td>\n<\/tr>\n<tr>\n<td width=\"307\"><strong>Type(s) de froid<\/strong><\/td>\n<td width=\"710\">Brass\u00e9<\/td>\n<\/tr>\n<tr>\n<td width=\"307\"><strong>Froid brass\u00e9<\/strong><\/td>\n<td width=\"710\">Oui<\/td>\n<\/tr>\n<tr>\n<td width=\"307\"><strong>Caract\u00e9ristiques particuli\u00e8res<\/strong><\/td>\n<td width=\"710\">Un \u00e9crin pour vos vin : \u00e9quip\u00e9e d\u2019une porte vitr\u00e9e, r\u00e9versible, avec traitement anti-UV, la cave de vieillissement CTVNE147 prot\u00e8ge efficacement vos vins de la lumi\u00e8re et des rayons UV. Son \u00e9clairage int\u00e9rieur LED sublime vos bouteilles la porte ferm\u00e9e comme ouverte et met en lumi\u00e8re vos plus beaux mill\u00e9simes.<\/td>\n<\/tr>\n<tr>\n<td width=\"307\"><strong>Gaz r\u00e9frig\u00e9rant<\/strong><\/td>\n<td width=\"710\">Type de gaz : R600a. Charge de gaz : 38 g.<\/td>\n<\/tr>\n<tr>\n<td width=\"307\"><strong>Type d&#8217;installation<\/strong><\/td>\n<td width=\"710\">Pose libre<\/td>\n<\/tr>\n<tr>\n<td width=\"307\"><strong>Type de porte<\/strong><\/td>\n<td width=\"710\">R\u00e9versible<\/td>\n<\/tr>\n<tr>\n<td width=\"307\"><strong>Plage de temp\u00e9rature<\/strong><\/td>\n<td width=\"710\">Temp\u00e9ratures ajustables : 5-20\u00b0C<\/td>\n<\/tr>\n<tr>\n<td width=\"307\"><strong>Conception de poign\u00e9e<\/strong><\/td>\n<td width=\"710\">Int\u00e9gr\u00e9e<\/td>\n<\/tr>\n<tr>\n<td width=\"307\"><strong>Surface de rangement totale<\/strong><\/td>\n<td width=\"710\">6 clayettes<\/td>\n<\/tr>\n<tr>\n<td width=\"307\"><strong>Capacit\u00e9 nette totale<\/strong><\/td>\n<td width=\"710\">147 bouteilles<\/td>\n<\/tr>\n<tr>\n<td width=\"307\"><strong>Produit r\u00e9frig\u00e9rant<\/strong><\/td>\n<td width=\"710\">Type de gaz : R600a. Charge de gaz : 38 g.<\/td>\n<\/tr>\n<tr>\n<td width=\"307\"><strong>Classe de bruit<\/strong><\/td>\n<td width=\"710\">Classe C<\/td>\n<\/tr>\n<tr>\n<td width=\"307\"><strong>Niveau de bruit<\/strong><\/td>\n<td width=\"710\">39 dB<\/td>\n<\/tr>\n<tr>\n<td width=\"307\"><strong>Niveau de pression acoustique (SPL)<\/strong><\/td>\n<td width=\"710\">39 dB<\/td>\n<\/tr>\n<tr>\n<td width=\"307\"><strong>Type de Produit<\/strong><\/td>\n<td width=\"710\">Cave \u00e0 vin<\/td>\n<\/tr>\n<tr>\n<td colspan=\"2\"><strong>Divers<\/strong><\/td>\n<\/tr>\n<tr>\n<td width=\"307\"><strong>Roulettes \/ pieds<\/strong><\/td>\n<td width=\"710\">Pieds ajustables : 2 \/ 1 cm. Roues.<\/td>\n<\/tr>\n<tr>\n<td width=\"307\"><strong>Syst\u00e8me acoustique<\/strong><\/td>\n<td width=\"710\">Niveau de bruit : 39 dB \/ C<\/td>\n<\/tr>\n<tr>\n<td width=\"307\"><strong>Mat\u00e9riel<\/strong><\/td>\n<td width=\"710\">Bois naturel fronton<\/td>\n<\/tr>\n<tr>\n<td width=\"307\"><strong>Niveau de bruit maximum<\/strong><\/td>\n<td width=\"710\">39 dB<\/td>\n<\/tr>\n<tr>\n<td colspan=\"2\"><strong>Consommation<\/strong><\/td>\n<\/tr>\n<tr>\n<td width=\"307\"><strong>Longueur du cordon<\/strong><\/td>\n<td width=\"710\">Longueur du c\u00e2ble d&#8217;alimentation : 180 cm<\/td>\n<\/tr>\n<tr>\n<td width=\"307\"><strong>Puissance \u00e9lectrique<\/strong><\/td>\n<td width=\"710\">95 W<\/td>\n<\/tr>\n<tr>\n<td width=\"307\"><strong>Alimentation<\/strong><\/td>\n<td width=\"710\">Tension : 220 V<\/td>\n<\/tr>\n<tr>\n<td width=\"307\"><strong>Consommation d&#8217;\u00e9nergie<\/strong><\/td>\n<td width=\"710\">96 KWh\/a<\/td>\n<\/tr>\n<tr>\n<td width=\"307\"><strong>Type de prise<\/strong><\/td>\n<td width=\"710\">E type<\/td>\n<\/tr>\n<tr>\n<td width=\"307\"><strong>D\u00e9tails de consommation maximum<\/strong><\/td>\n<td width=\"710\">96 KWh\/a<\/td>\n<\/tr>\n<tr>\n<td width=\"307\"><strong>Consommation \u00e9nerg\u00e9tique par an<\/strong><\/td>\n<td width=\"710\">96 KWh<\/td>\n<\/tr>\n<tr>\n<td width=\"307\"><strong>Longueur de cordon \u00e9lectrique<\/strong><\/td>\n<td width=\"710\">180 cm<\/td>\n<\/tr>\n<tr>\n<td width=\"307\"><strong>Classe \u00e9nerg\u00e9tique<\/strong><\/td>\n<td width=\"710\">Classe G<\/td>\n<\/tr>\n<tr>\n<td width=\"307\"><strong>Alimentation \u00e9lectrique<\/strong><\/td>\n<td width=\"710\">Tension : 220 V<\/td>\n<\/tr>\n<tr>\n<td width=\"307\"><strong>Puissance consomm\u00e9e max<\/strong><\/td>\n<td width=\"710\">95 W<\/td>\n<\/tr>\n<tr>\n<td width=\"307\"><strong>D\u00e9tails de la consommation d&#8217;\u00e9nergie<\/strong><\/td>\n<td width=\"710\">96 KWh\/a<\/td>\n<\/tr>\n<tr>\n<td colspan=\"2\"><strong>Dimensions et poids<\/strong><\/td>\n<\/tr>\n<tr>\n<td width=\"307\"><strong>Largeur<\/strong><\/td>\n<td width=\"710\">54 cm<\/td>\n<\/tr>\n<tr>\n<td width=\"307\"><strong>Profondeur<\/strong><\/td>\n<td width=\"710\">60 cm<\/td>\n<\/tr>\n<tr>\n<td width=\"307\"><strong>Hauteur<\/strong><\/td>\n<td width=\"710\">167.4 cm<\/td>\n<\/tr>\n<tr>\n<td width=\"307\"><strong>Poids<\/strong><\/td>\n<td width=\"710\">64 kg<\/td>\n<\/tr>\n<tr>\n<td colspan=\"2\"><strong>Dimensions et poids (emball\u00e9)<\/strong><\/td>\n<\/tr>\n<tr>\n<td width=\"307\"><strong>Largeur (emball\u00e9e)<\/strong><\/td>\n<td width=\"710\">57,5 cm<\/td>\n<\/tr>\n<tr>\n<td width=\"307\"><strong>Profondeur (emball\u00e9e)<\/strong><\/td>\n<td width=\"710\">65,5 cm<\/td>\n<\/tr>\n<tr>\n<td width=\"307\"><strong>Hauteur (Exp\u00e9dition)<\/strong><\/td>\n<td width=\"710\">174 cm<\/td>\n<\/tr>\n<tr>\n<td colspan=\"2\"><strong>Cave \u00e0 vin<\/strong><\/td>\n<\/tr>\n<tr>\n<td width=\"307\"><strong>Contenance de la cave \u00e0 vin (nombre de bouteilles)<\/strong><\/td>\n<td width=\"710\">147 bouteilles<\/td>\n<\/tr>\n<tr>\n<td width=\"307\"><strong>Eclairage int\u00e9rieur de la cave \u00e0 vin<\/strong><\/td>\n<td width=\"710\">Source de lumi\u00e8re : LED. Couleur(s) de l&#8217;\u00e9clairage : Blanc Froid. Variateur d&#8217;intensit\u00e9 lumineuse : Non. Interrupteur de lumi\u00e8re : Oui. Option lumi\u00e8re permanente : Non.<\/td>\n<\/tr>\n<tr>\n<td width=\"307\"><strong>Nombre d&#8217;\u00e9tag\u00e8res de la cave \u00e0 vin<\/strong><\/td>\n<td width=\"710\">6 clayettes<\/td>\n<\/tr>\n<tr>\n<td width=\"307\"><strong>Limite de temp\u00e9rature de la cave \u00e0 vin<\/strong><\/td>\n<td width=\"710\">Temp\u00e9ratures ajustables : 5-20\u00b0 C<\/td>\n<\/tr>\n<tr>\n<td width=\"307\"><strong>Capacit\u00e9 nette totale de cave \u00e0 vin<\/strong><\/td>\n<td width=\"710\">165 bouteilles<\/td>\n<\/tr>\n<tr>\n<td width=\"307\"><strong>Type de cave \u00e0 vin<\/strong><\/td>\n<td width=\"710\">Cave \u00e0 vin de vieillissement<\/td>\n<\/tr>\n<tr>\n<td width=\"307\"><strong>Mat\u00e9riel pour \u00e9tag\u00e8re<\/strong><\/td>\n<td width=\"710\">Bois naturel fronton<\/td>\n<\/tr>\n<tr>\n<td width=\"307\"><strong>Porte en verre \u00e0 filtre UV<\/strong><\/td>\n<td width=\"710\">Oui<\/td>\n<\/tr>\n<tr>\n<td colspan=\"2\"><strong>Notes<\/strong><\/td>\n<\/tr>\n<tr>\n<td width=\"307\"><strong>Notes<\/strong><\/td>\n<td width=\"710\">Compatible Vinotag : Application gratuite de gestion de cave \u00e0 vin. Acc\u00e9dez \u00e0 une repr\u00e9sentation virtuelle d\u00e9taill\u00e9. Accessoires compatibles : Pierre de lave, bo\u00eete pour pierre, FAC01.<\/td>\n<\/tr>\n<tr>\n<td colspan=\"2\"><strong>Dimensions et poids (Exp\u00e9dition)<\/strong><\/td>\n<\/tr>\n<tr>\n<td width=\"307\"><strong>Hauteur (Exp\u00e9dition)<\/strong><\/td>\n<td width=\"710\">174 cm<\/td>\n<\/tr>\n<tr>\n<td width=\"307\"><strong>Longueur (Exp\u00e9dition)<\/strong><\/td>\n<td width=\"710\">64,5 cm<\/td>\n<\/tr>\n<tr>\n<td width=\"307\"><strong>Largeur (Exp\u00e9dition)<\/strong><\/td>\n<td width=\"710\">57,5 cm<\/td>\n<\/tr>\n<\/tbody>\n<\/table>\n","protected":false},"excerpt":{"rendered":"<ul>\n<li><strong data-start=\"152\" data-end=\"171\">Grande capacit\u00e9<\/strong> : jusqu\u2019\u00e0 <strong data-start=\"182\" data-end=\"200\">147 bouteilles<\/strong> pour un vieillissement optimal.<\/li>\n<li><strong data-start=\"237\" data-end=\"266\">\ud83c\udf21\ufe0f<\/strong><strong> Temp\u00e9rature ma\u00eetris\u00e9e<\/strong> : plage r\u00e9glable de <strong data-start=\"287\" data-end=\"299\">5 \u00e0 20\u00b0C<\/strong>, adapt\u00e9e \u00e0 toutes les \u00e9tapes de conservation.<\/li>\n<li><strong data-start=\"350\" data-end=\"378\">\ud83c\udfe0<\/strong><strong> Installation flexible<\/strong> : utilisable aussi bien en <strong data-start=\"406\" data-end=\"424\">pi\u00e8ce chauff\u00e9e<\/strong> (s\u00e9jour, cuisine) qu\u2019en <strong data-start=\"449\" data-end=\"471\">pi\u00e8ce non chauff\u00e9e<\/strong> (garage, cellier).<\/li>\n<\/ul>\n","protected":false},"featured_media":22022,"comment_status":"open","ping_status":"closed","template":"","meta":[],"product_brand":[227],"product_cat":[225,209],"product_tag":[],"class_list":{"0":"post-21901","1":"product","2":"type-product","3":"status-publish","4":"has-post-thumbnail","6":"product_brand-la-sommeliere","7":"product_cat-cave-a-vin","8":"product_cat-electromenager","11":"first","12":"instock","13":"sale","14":"shipping-taxable","15":"purchasable","16":"product-type-simple"},"yoast_head":"<!-- This site is optimized with the Yoast SEO plugin v27.3 - https:\/\/yoast.com\/product\/yoast-seo-wordpress\/ -->\n<title>Cave \u00e0 vin de vieillissement - LA SOMMELIERE - CTVNE147 - 147 bouteilles - Promo Electro France<\/title>\n<meta name=\"robots\" content=\"index, follow, max-snippet:-1, max-image-preview:large, max-video-preview:-1\" \/>\n<link rel=\"canonical\" href=\"https:\/\/promoelectrofrance.com\/?product=cave-a-vin-de-vieillissement-la-sommeliere-ctvne147-147-bouteilles\" \/>\n<meta property=\"og:locale\" content=\"fr_FR\" \/>\n<meta property=\"og:type\" content=\"article\" \/>\n<meta property=\"og:title\" content=\"Cave \u00e0 vin de vieillissement - LA SOMMELIERE - CTVNE147 - 147 bouteilles - Promo Electro France\" \/>\n<meta property=\"og:description\" content=\"Grande capacit\u00e9 : jusqu\u2019\u00e0 147 bouteilles pour un vieillissement optimal.  \ud83c\udf21\ufe0f Temp\u00e9rature ma\u00eetris\u00e9e : plage r\u00e9glable de 5 \u00e0 20\u00b0C, adapt\u00e9e \u00e0 toutes les \u00e9tapes de conservation.  \ud83c\udfe0 Installation flexible : utilisable aussi bien en pi\u00e8ce chauff\u00e9e (s\u00e9jour, cuisine) qu\u2019en pi\u00e8ce non chauff\u00e9e (garage, cellier).\" \/>\n<meta property=\"og:url\" content=\"https:\/\/promoelectrofrance.com\/?product=cave-a-vin-de-vieillissement-la-sommeliere-ctvne147-147-bouteilles\" \/>\n<meta property=\"og:site_name\" content=\"Promo Electro France\" \/>\n<meta property=\"article:modified_time\" content=\"2026-04-16T21:58:52+00:00\" \/>\n<meta name=\"twitter:card\" content=\"summary_large_image\" \/>\n<meta name=\"twitter:label1\" content=\"Dur\u00e9e de lecture estim\u00e9e\" \/>\n\t<meta name=\"twitter:data1\" content=\"3 minutes\" \/>\n<script type=\"application\/ld+json\" class=\"yoast-schema-graph\">{\"@context\":\"https:\\\/\\\/schema.org\",\"@graph\":[{\"@type\":\"WebPage\",\"@id\":\"https:\\\/\\\/promoelectrofrance.com\\\/?product=cave-a-vin-de-vieillissement-la-sommeliere-ctvne147-147-bouteilles\",\"url\":\"https:\\\/\\\/promoelectrofrance.com\\\/?product=cave-a-vin-de-vieillissement-la-sommeliere-ctvne147-147-bouteilles\",\"name\":\"Cave \u00e0 vin de vieillissement - LA SOMMELIERE - CTVNE147 - 147 bouteilles - Promo Electro France\",\"isPartOf\":{\"@id\":\"https:\\\/\\\/promoelectrofrance.com\\\/#website\"},\"primaryImageOfPage\":{\"@id\":\"https:\\\/\\\/promoelectrofrance.com\\\/?product=cave-a-vin-de-vieillissement-la-sommeliere-ctvne147-147-bouteilles#primaryimage\"},\"image\":{\"@id\":\"https:\\\/\\\/promoelectrofrance.com\\\/?product=cave-a-vin-de-vieillissement-la-sommeliere-ctvne147-147-bouteilles#primaryimage\"},\"thumbnailUrl\":\"https:\\\/\\\/promoelectrofrance.com\\\/wp-content\\\/uploads\\\/2026\\\/04\\\/Cave-a-vin-de-vieillissement-LA-SOMMELIERE-CTVNE147-147-bouteilles-1.jpeg\",\"datePublished\":\"2026-04-16T21:55:49+00:00\",\"dateModified\":\"2026-04-16T21:58:52+00:00\",\"breadcrumb\":{\"@id\":\"https:\\\/\\\/promoelectrofrance.com\\\/?product=cave-a-vin-de-vieillissement-la-sommeliere-ctvne147-147-bouteilles#breadcrumb\"},\"inLanguage\":\"fr-FR\",\"potentialAction\":[{\"@type\":\"ReadAction\",\"target\":[\"https:\\\/\\\/promoelectrofrance.com\\\/?product=cave-a-vin-de-vieillissement-la-sommeliere-ctvne147-147-bouteilles\"]}]},{\"@type\":\"ImageObject\",\"inLanguage\":\"fr-FR\",\"@id\":\"https:\\\/\\\/promoelectrofrance.com\\\/?product=cave-a-vin-de-vieillissement-la-sommeliere-ctvne147-147-bouteilles#primaryimage\",\"url\":\"https:\\\/\\\/promoelectrofrance.com\\\/wp-content\\\/uploads\\\/2026\\\/04\\\/Cave-a-vin-de-vieillissement-LA-SOMMELIERE-CTVNE147-147-bouteilles-1.jpeg\",\"contentUrl\":\"https:\\\/\\\/promoelectrofrance.com\\\/wp-content\\\/uploads\\\/2026\\\/04\\\/Cave-a-vin-de-vieillissement-LA-SOMMELIERE-CTVNE147-147-bouteilles-1.jpeg\",\"width\":700,\"height\":700},{\"@type\":\"BreadcrumbList\",\"@id\":\"https:\\\/\\\/promoelectrofrance.com\\\/?product=cave-a-vin-de-vieillissement-la-sommeliere-ctvne147-147-bouteilles#breadcrumb\",\"itemListElement\":[{\"@type\":\"ListItem\",\"position\":1,\"name\":\"Accueil\",\"item\":\"https:\\\/\\\/promoelectrofrance.com\\\/\"},{\"@type\":\"ListItem\",\"position\":2,\"name\":\"Boutique\",\"item\":\"https:\\\/\\\/promoelectrofrance.com\\\/?page_id=8\"},{\"@type\":\"ListItem\",\"position\":3,\"name\":\"Cave \u00e0 vin de vieillissement &#8211; LA SOMMELIERE &#8211; CTVNE147 &#8211; 147 bouteilles\"}]},{\"@type\":\"WebSite\",\"@id\":\"https:\\\/\\\/promoelectrofrance.com\\\/#website\",\"url\":\"https:\\\/\\\/promoelectrofrance.com\\\/\",\"name\":\"Promo Electro France\",\"description\":\"\",\"potentialAction\":[{\"@type\":\"SearchAction\",\"target\":{\"@type\":\"EntryPoint\",\"urlTemplate\":\"https:\\\/\\\/promoelectrofrance.com\\\/?s={search_term_string}\"},\"query-input\":{\"@type\":\"PropertyValueSpecification\",\"valueRequired\":true,\"valueName\":\"search_term_string\"}}],\"inLanguage\":\"fr-FR\"}]}<\/script>\n<!-- \/ Yoast SEO plugin. -->","yoast_head_json":{"title":"Cave \u00e0 vin de vieillissement - LA SOMMELIERE - CTVNE147 - 147 bouteilles - Promo Electro France","robots":{"index":"index","follow":"follow","max-snippet":"max-snippet:-1","max-image-preview":"max-image-preview:large","max-video-preview":"max-video-preview:-1"},"canonical":"https:\/\/promoelectrofrance.com\/?product=cave-a-vin-de-vieillissement-la-sommeliere-ctvne147-147-bouteilles","og_locale":"fr_FR","og_type":"article","og_title":"Cave \u00e0 vin de vieillissement - LA SOMMELIERE - CTVNE147 - 147 bouteilles - Promo Electro France","og_description":"Grande capacit\u00e9 : jusqu\u2019\u00e0 147 bouteilles pour un vieillissement optimal.  \ud83c\udf21\ufe0f Temp\u00e9rature ma\u00eetris\u00e9e : plage r\u00e9glable de 5 \u00e0 20\u00b0C, adapt\u00e9e \u00e0 toutes les \u00e9tapes de conservation.  \ud83c\udfe0 Installation flexible : utilisable aussi bien en pi\u00e8ce chauff\u00e9e (s\u00e9jour, cuisine) qu\u2019en pi\u00e8ce non chauff\u00e9e (garage, cellier).","og_url":"https:\/\/promoelectrofrance.com\/?product=cave-a-vin-de-vieillissement-la-sommeliere-ctvne147-147-bouteilles","og_site_name":"Promo Electro France","article_modified_time":"2026-04-16T21:58:52+00:00","twitter_card":"summary_large_image","twitter_misc":{"Dur\u00e9e de lecture estim\u00e9e":"3 minutes"},"schema":{"@context":"https:\/\/schema.org","@graph":[{"@type":"WebPage","@id":"https:\/\/promoelectrofrance.com\/?product=cave-a-vin-de-vieillissement-la-sommeliere-ctvne147-147-bouteilles","url":"https:\/\/promoelectrofrance.com\/?product=cave-a-vin-de-vieillissement-la-sommeliere-ctvne147-147-bouteilles","name":"Cave \u00e0 vin de vieillissement - LA SOMMELIERE - CTVNE147 - 147 bouteilles - Promo Electro France","isPartOf":{"@id":"https:\/\/promoelectrofrance.com\/#website"},"primaryImageOfPage":{"@id":"https:\/\/promoelectrofrance.com\/?product=cave-a-vin-de-vieillissement-la-sommeliere-ctvne147-147-bouteilles#primaryimage"},"image":{"@id":"https:\/\/promoelectrofrance.com\/?product=cave-a-vin-de-vieillissement-la-sommeliere-ctvne147-147-bouteilles#primaryimage"},"thumbnailUrl":"https:\/\/promoelectrofrance.com\/wp-content\/uploads\/2026\/04\/Cave-a-vin-de-vieillissement-LA-SOMMELIERE-CTVNE147-147-bouteilles-1.jpeg","datePublished":"2026-04-16T21:55:49+00:00","dateModified":"2026-04-16T21:58:52+00:00","breadcrumb":{"@id":"https:\/\/promoelectrofrance.com\/?product=cave-a-vin-de-vieillissement-la-sommeliere-ctvne147-147-bouteilles#breadcrumb"},"inLanguage":"fr-FR","potentialAction":[{"@type":"ReadAction","target":["https:\/\/promoelectrofrance.com\/?product=cave-a-vin-de-vieillissement-la-sommeliere-ctvne147-147-bouteilles"]}]},{"@type":"ImageObject","inLanguage":"fr-FR","@id":"https:\/\/promoelectrofrance.com\/?product=cave-a-vin-de-vieillissement-la-sommeliere-ctvne147-147-bouteilles#primaryimage","url":"https:\/\/promoelectrofrance.com\/wp-content\/uploads\/2026\/04\/Cave-a-vin-de-vieillissement-LA-SOMMELIERE-CTVNE147-147-bouteilles-1.jpeg","contentUrl":"https:\/\/promoelectrofrance.com\/wp-content\/uploads\/2026\/04\/Cave-a-vin-de-vieillissement-LA-SOMMELIERE-CTVNE147-147-bouteilles-1.jpeg","width":700,"height":700},{"@type":"BreadcrumbList","@id":"https:\/\/promoelectrofrance.com\/?product=cave-a-vin-de-vieillissement-la-sommeliere-ctvne147-147-bouteilles#breadcrumb","itemListElement":[{"@type":"ListItem","position":1,"name":"Accueil","item":"https:\/\/promoelectrofrance.com\/"},{"@type":"ListItem","position":2,"name":"Boutique","item":"https:\/\/promoelectrofrance.com\/?page_id=8"},{"@type":"ListItem","position":3,"name":"Cave \u00e0 vin de vieillissement &#8211; LA SOMMELIERE &#8211; CTVNE147 &#8211; 147 bouteilles"}]},{"@type":"WebSite","@id":"https:\/\/promoelectrofrance.com\/#website","url":"https:\/\/promoelectrofrance.com\/","name":"Promo Electro France","description":"","potentialAction":[{"@type":"SearchAction","target":{"@type":"EntryPoint","urlTemplate":"https:\/\/promoelectrofrance.com\/?s={search_term_string}"},"query-input":{"@type":"PropertyValueSpecification","valueRequired":true,"valueName":"search_term_string"}}],"inLanguage":"fr-FR"}]}},"_links":{"self":[{"href":"https:\/\/promoelectrofrance.com\/index.php?rest_route=\/wp\/v2\/product\/21901","targetHints":{"allow":["GET"]}}],"collection":[{"href":"https:\/\/promoelectrofrance.com\/index.php?rest_route=\/wp\/v2\/product"}],"about":[{"href":"https:\/\/promoelectrofrance.com\/index.php?rest_route=\/wp\/v2\/types\/product"}],"replies":[{"embeddable":true,"href":"https:\/\/promoelectrofrance.com\/index.php?rest_route=%2Fwp%2Fv2%2Fcomments&post=21901"}],"version-history":[{"count":0,"href":"https:\/\/promoelectrofrance.com\/index.php?rest_route=\/wp\/v2\/product\/21901\/revisions"}],"wp:featuredmedia":[{"embeddable":true,"href":"https:\/\/promoelectrofrance.com\/index.php?rest_route=\/wp\/v2\/media\/22022"}],"wp:attachment":[{"href":"https:\/\/promoelectrofrance.com\/index.php?rest_route=%2Fwp%2Fv2%2Fmedia&parent=21901"}],"wp:term":[{"taxonomy":"product_brand","embeddable":true,"href":"https:\/\/promoelectrofrance.com\/index.php?rest_route=%2Fwp%2Fv2%2Fproduct_brand&post=21901"},{"taxonomy":"product_cat","embeddable":true,"href":"https:\/\/promoelectrofrance.com\/index.php?rest_route=%2Fwp%2Fv2%2Fproduct_cat&post=21901"},{"taxonomy":"product_tag","embeddable":true,"href":"https:\/\/promoelectrofrance.com\/index.php?rest_route=%2Fwp%2Fv2%2Fproduct_tag&post=21901"}],"curies":[{"name":"wp","href":"https:\/\/api.w.org\/{rel}","templated":true}]}}