{"id":21751,"date":"2026-04-16T23:51:59","date_gmt":"2026-04-16T21:51:59","guid":{"rendered":"https:\/\/promoelectrofrance.com\/?post_type=product&#038;p=21751"},"modified":"2026-04-16T23:55:33","modified_gmt":"2026-04-16T21:55:33","slug":"refrigerateur-1-porte-high-one-1d-242-e-w742c","status":"publish","type":"product","link":"https:\/\/promoelectrofrance.com\/?product=refrigerateur-1-porte-high-one-1d-242-e-w742c","title":{"rendered":"R\u00e9frig\u00e9rateur 1 porte HIGH ONE 1D 242 E W742C"},"content":{"rendered":"<h2 id=\"js-characteristics\" class=\"prodItem__details-title\" data-beaver-id=\"affichage_titre_tableau_caracteristique\">Caract\u00e9ristiques<\/h2>\n<table id=\"product-attribute-specs-table\" class=\"prodItem__additional-table\">\n<tbody>\n<tr>\n<td>Marque<\/td>\n<td>HIGH ONE<\/td>\n<\/tr>\n<tr>\n<td>Type de r\u00e9frig\u00e9rateur<\/td>\n<td>R\u00e9frig\u00e9rateur 1 porte<\/td>\n<\/tr>\n<tr>\n<td>Coloris<\/td>\n<td>Blanc<\/td>\n<\/tr>\n<tr>\n<td>Nombre de personnes dans le foyer<\/td>\n<td>2 personnes<\/td>\n<\/tr>\n<tr>\n<td>Volume utile total (L)<\/td>\n<td>242L<\/td>\n<\/tr>\n<tr>\n<td>Volume utile r\u00e9frig\u00e9rateur (L)<\/td>\n<td>242L<\/td>\n<\/tr>\n<tr>\n<td>Type de froid<\/td>\n<td>Statique<\/td>\n<\/tr>\n<tr>\n<td>D\u00e9givrage<\/td>\n<td>Manuel<\/td>\n<\/tr>\n<tr>\n<td>Pouvoir de cong\u00e9lation (kg\/24h)<\/td>\n<td>0<\/td>\n<\/tr>\n<tr>\n<td>Porte r\u00e9versible<\/td>\n<td>Oui<\/td>\n<\/tr>\n<tr>\n<td>Classe \u00e9nerg\u00e9tique<\/td>\n<td>E<\/td>\n<\/tr>\n<tr>\n<td>Niveau Sonore<\/td>\n<td>40dB<\/td>\n<\/tr>\n<tr>\n<td>Alarme porte ouverte<\/td>\n<td>Non<\/td>\n<\/tr>\n<tr>\n<td>Ecran<\/td>\n<td>Non<\/td>\n<\/tr>\n<tr>\n<td>Thermostat r\u00e9glable<\/td>\n<td>Oui<\/td>\n<\/tr>\n<tr>\n<td>Thermostat \u00e9lectronique<\/td>\n<td>Non<\/td>\n<\/tr>\n<tr>\n<td>Distributeur d&#8217;eau<\/td>\n<td>Non<\/td>\n<\/tr>\n<tr>\n<td>Hauteur produit<\/td>\n<td>142,6cm<\/td>\n<\/tr>\n<tr>\n<td>Dimensions produit<\/td>\n<td>H 142,6 cm x L 54,4 cm x P 55,6 cm<\/td>\n<\/tr>\n<tr>\n<td>Dimensions colis<\/td>\n<td>H 146,9 cm x L 57,5 cm x P 59 cm<\/td>\n<\/tr>\n<tr>\n<td>Poids brut<\/td>\n<td>42kg<\/td>\n<\/tr>\n<\/tbody>\n<\/table>\n<p><span class=\"addtocart-fixed-desktop__name\">R\u00e9frig\u00e9rateur 1 porte HIGH ONE 1D 242 E W742C<\/span><\/p>\n<p><img fetchpriority=\"high\" class=\"alignnone size-medium wp-image-11374 lws-optimize-lazyload\"  alt=\"\" width=\"300\" height=\"300\" \/ data-src=\"https:\/\/best-electro-tech.com\/wp-content\/uploads\/2025\/10\/P983822-1-300x300.jpeg\"> <img class=\"alignnone size-medium wp-image-11375 lws-optimize-lazyload\"  alt=\"\" width=\"300\" height=\"300\" \/ data-src=\"https:\/\/best-electro-tech.com\/wp-content\/uploads\/2025\/10\/E983822-300x300.jpeg\"><\/p>\n<p>&nbsp;<\/p>\n","protected":false},"excerpt":{"rendered":"<p>\ud83d\udca8 <strong data-start=\"107\" data-end=\"125\">Froid statique<\/strong> \u2013 R\u00e9partition naturelle du froid, chaque zone adapt\u00e9e \u00e0 vos aliments \ud83c\udf4e\ud83e\udd69<br data-start=\"199\" data-end=\"202\" \/>\ud83d\udc65 <strong data-start=\"205\" data-end=\"223\">Capacit\u00e9 242 L<\/strong> \u2013 Id\u00e9al pour un foyer de 2 personnes \ud83c\udfe0<br data-start=\"263\" data-end=\"266\" \/>\ud83d\udd09 <strong data-start=\"269\" data-end=\"291\">Silencieux (40 dB)<\/strong> \u2013 Fonctionnement discret pour plus de confort \ud83d\udd07<\/p>\n","protected":false},"featured_media":21886,"comment_status":"open","ping_status":"closed","template":"","meta":[],"product_brand":[213],"product_cat":[209,217,220],"product_tag":[],"class_list":{"0":"post-21751","1":"product","2":"type-product","3":"status-publish","4":"has-post-thumbnail","6":"product_brand-high-one","7":"product_cat-electromenager","8":"product_cat-refrigerateur","9":"product_cat-refrigerateur-1-porte","12":"first","13":"instock","14":"sale","15":"shipping-taxable","16":"purchasable","17":"product-type-simple"},"yoast_head":"<!-- This site is optimized with the Yoast SEO plugin v27.3 - https:\/\/yoast.com\/product\/yoast-seo-wordpress\/ -->\n<title>R\u00e9frig\u00e9rateur 1 porte HIGH ONE 1D 242 E W742C - Promo Electro France<\/title>\n<meta name=\"robots\" content=\"index, follow, max-snippet:-1, max-image-preview:large, max-video-preview:-1\" \/>\n<link rel=\"canonical\" href=\"https:\/\/promoelectrofrance.com\/?product=refrigerateur-1-porte-high-one-1d-242-e-w742c\" \/>\n<meta property=\"og:locale\" content=\"fr_FR\" \/>\n<meta property=\"og:type\" content=\"article\" \/>\n<meta property=\"og:title\" content=\"R\u00e9frig\u00e9rateur 1 porte HIGH ONE 1D 242 E W742C - Promo Electro France\" \/>\n<meta property=\"og:description\" content=\"\ud83d\udca8 Froid statique \u2013 R\u00e9partition naturelle du froid, chaque zone adapt\u00e9e \u00e0 vos aliments \ud83c\udf4e\ud83e\udd69\ud83d\udc65 Capacit\u00e9 242 L \u2013 Id\u00e9al pour un foyer de 2 personnes \ud83c\udfe0\ud83d\udd09 Silencieux (40 dB) \u2013 Fonctionnement discret pour plus de confort \ud83d\udd07\" \/>\n<meta property=\"og:url\" content=\"https:\/\/promoelectrofrance.com\/?product=refrigerateur-1-porte-high-one-1d-242-e-w742c\" \/>\n<meta property=\"og:site_name\" content=\"Promo Electro France\" \/>\n<meta property=\"article:modified_time\" content=\"2026-04-16T21:55:33+00:00\" \/>\n<meta name=\"twitter:card\" content=\"summary_large_image\" \/>\n<meta name=\"twitter:label1\" content=\"Dur\u00e9e de lecture estim\u00e9e\" \/>\n\t<meta name=\"twitter:data1\" content=\"1 minute\" \/>\n<script type=\"application\/ld+json\" class=\"yoast-schema-graph\">{\"@context\":\"https:\\\/\\\/schema.org\",\"@graph\":[{\"@type\":\"WebPage\",\"@id\":\"https:\\\/\\\/promoelectrofrance.com\\\/?product=refrigerateur-1-porte-high-one-1d-242-e-w742c\",\"url\":\"https:\\\/\\\/promoelectrofrance.com\\\/?product=refrigerateur-1-porte-high-one-1d-242-e-w742c\",\"name\":\"R\u00e9frig\u00e9rateur 1 porte HIGH ONE 1D 242 E W742C - Promo Electro France\",\"isPartOf\":{\"@id\":\"https:\\\/\\\/promoelectrofrance.com\\\/#website\"},\"primaryImageOfPage\":{\"@id\":\"https:\\\/\\\/promoelectrofrance.com\\\/?product=refrigerateur-1-porte-high-one-1d-242-e-w742c#primaryimage\"},\"image\":{\"@id\":\"https:\\\/\\\/promoelectrofrance.com\\\/?product=refrigerateur-1-porte-high-one-1d-242-e-w742c#primaryimage\"},\"thumbnailUrl\":\"https:\\\/\\\/promoelectrofrance.com\\\/wp-content\\\/uploads\\\/2026\\\/04\\\/Refrigerateur-1-porte-HIGH-ONE-1D-242-E-W742C-1.jpeg\",\"datePublished\":\"2026-04-16T21:51:59+00:00\",\"dateModified\":\"2026-04-16T21:55:33+00:00\",\"breadcrumb\":{\"@id\":\"https:\\\/\\\/promoelectrofrance.com\\\/?product=refrigerateur-1-porte-high-one-1d-242-e-w742c#breadcrumb\"},\"inLanguage\":\"fr-FR\",\"potentialAction\":[{\"@type\":\"ReadAction\",\"target\":[\"https:\\\/\\\/promoelectrofrance.com\\\/?product=refrigerateur-1-porte-high-one-1d-242-e-w742c\"]}]},{\"@type\":\"ImageObject\",\"inLanguage\":\"fr-FR\",\"@id\":\"https:\\\/\\\/promoelectrofrance.com\\\/?product=refrigerateur-1-porte-high-one-1d-242-e-w742c#primaryimage\",\"url\":\"https:\\\/\\\/promoelectrofrance.com\\\/wp-content\\\/uploads\\\/2026\\\/04\\\/Refrigerateur-1-porte-HIGH-ONE-1D-242-E-W742C-1.jpeg\",\"contentUrl\":\"https:\\\/\\\/promoelectrofrance.com\\\/wp-content\\\/uploads\\\/2026\\\/04\\\/Refrigerateur-1-porte-HIGH-ONE-1D-242-E-W742C-1.jpeg\",\"width\":700,\"height\":700},{\"@type\":\"BreadcrumbList\",\"@id\":\"https:\\\/\\\/promoelectrofrance.com\\\/?product=refrigerateur-1-porte-high-one-1d-242-e-w742c#breadcrumb\",\"itemListElement\":[{\"@type\":\"ListItem\",\"position\":1,\"name\":\"Accueil\",\"item\":\"https:\\\/\\\/promoelectrofrance.com\\\/\"},{\"@type\":\"ListItem\",\"position\":2,\"name\":\"Boutique\",\"item\":\"https:\\\/\\\/promoelectrofrance.com\\\/?page_id=8\"},{\"@type\":\"ListItem\",\"position\":3,\"name\":\"R\u00e9frig\u00e9rateur 1 porte HIGH ONE 1D 242 E W742C\"}]},{\"@type\":\"WebSite\",\"@id\":\"https:\\\/\\\/promoelectrofrance.com\\\/#website\",\"url\":\"https:\\\/\\\/promoelectrofrance.com\\\/\",\"name\":\"Promo Electro France\",\"description\":\"\",\"potentialAction\":[{\"@type\":\"SearchAction\",\"target\":{\"@type\":\"EntryPoint\",\"urlTemplate\":\"https:\\\/\\\/promoelectrofrance.com\\\/?s={search_term_string}\"},\"query-input\":{\"@type\":\"PropertyValueSpecification\",\"valueRequired\":true,\"valueName\":\"search_term_string\"}}],\"inLanguage\":\"fr-FR\"}]}<\/script>\n<!-- \/ Yoast SEO plugin. -->","yoast_head_json":{"title":"R\u00e9frig\u00e9rateur 1 porte HIGH ONE 1D 242 E W742C - Promo Electro France","robots":{"index":"index","follow":"follow","max-snippet":"max-snippet:-1","max-image-preview":"max-image-preview:large","max-video-preview":"max-video-preview:-1"},"canonical":"https:\/\/promoelectrofrance.com\/?product=refrigerateur-1-porte-high-one-1d-242-e-w742c","og_locale":"fr_FR","og_type":"article","og_title":"R\u00e9frig\u00e9rateur 1 porte HIGH ONE 1D 242 E W742C - Promo Electro France","og_description":"\ud83d\udca8 Froid statique \u2013 R\u00e9partition naturelle du froid, chaque zone adapt\u00e9e \u00e0 vos aliments \ud83c\udf4e\ud83e\udd69\ud83d\udc65 Capacit\u00e9 242 L \u2013 Id\u00e9al pour un foyer de 2 personnes \ud83c\udfe0\ud83d\udd09 Silencieux (40 dB) \u2013 Fonctionnement discret pour plus de confort \ud83d\udd07","og_url":"https:\/\/promoelectrofrance.com\/?product=refrigerateur-1-porte-high-one-1d-242-e-w742c","og_site_name":"Promo Electro France","article_modified_time":"2026-04-16T21:55:33+00:00","twitter_card":"summary_large_image","twitter_misc":{"Dur\u00e9e de lecture estim\u00e9e":"1 minute"},"schema":{"@context":"https:\/\/schema.org","@graph":[{"@type":"WebPage","@id":"https:\/\/promoelectrofrance.com\/?product=refrigerateur-1-porte-high-one-1d-242-e-w742c","url":"https:\/\/promoelectrofrance.com\/?product=refrigerateur-1-porte-high-one-1d-242-e-w742c","name":"R\u00e9frig\u00e9rateur 1 porte HIGH ONE 1D 242 E W742C - Promo Electro France","isPartOf":{"@id":"https:\/\/promoelectrofrance.com\/#website"},"primaryImageOfPage":{"@id":"https:\/\/promoelectrofrance.com\/?product=refrigerateur-1-porte-high-one-1d-242-e-w742c#primaryimage"},"image":{"@id":"https:\/\/promoelectrofrance.com\/?product=refrigerateur-1-porte-high-one-1d-242-e-w742c#primaryimage"},"thumbnailUrl":"https:\/\/promoelectrofrance.com\/wp-content\/uploads\/2026\/04\/Refrigerateur-1-porte-HIGH-ONE-1D-242-E-W742C-1.jpeg","datePublished":"2026-04-16T21:51:59+00:00","dateModified":"2026-04-16T21:55:33+00:00","breadcrumb":{"@id":"https:\/\/promoelectrofrance.com\/?product=refrigerateur-1-porte-high-one-1d-242-e-w742c#breadcrumb"},"inLanguage":"fr-FR","potentialAction":[{"@type":"ReadAction","target":["https:\/\/promoelectrofrance.com\/?product=refrigerateur-1-porte-high-one-1d-242-e-w742c"]}]},{"@type":"ImageObject","inLanguage":"fr-FR","@id":"https:\/\/promoelectrofrance.com\/?product=refrigerateur-1-porte-high-one-1d-242-e-w742c#primaryimage","url":"https:\/\/promoelectrofrance.com\/wp-content\/uploads\/2026\/04\/Refrigerateur-1-porte-HIGH-ONE-1D-242-E-W742C-1.jpeg","contentUrl":"https:\/\/promoelectrofrance.com\/wp-content\/uploads\/2026\/04\/Refrigerateur-1-porte-HIGH-ONE-1D-242-E-W742C-1.jpeg","width":700,"height":700},{"@type":"BreadcrumbList","@id":"https:\/\/promoelectrofrance.com\/?product=refrigerateur-1-porte-high-one-1d-242-e-w742c#breadcrumb","itemListElement":[{"@type":"ListItem","position":1,"name":"Accueil","item":"https:\/\/promoelectrofrance.com\/"},{"@type":"ListItem","position":2,"name":"Boutique","item":"https:\/\/promoelectrofrance.com\/?page_id=8"},{"@type":"ListItem","position":3,"name":"R\u00e9frig\u00e9rateur 1 porte HIGH ONE 1D 242 E W742C"}]},{"@type":"WebSite","@id":"https:\/\/promoelectrofrance.com\/#website","url":"https:\/\/promoelectrofrance.com\/","name":"Promo Electro France","description":"","potentialAction":[{"@type":"SearchAction","target":{"@type":"EntryPoint","urlTemplate":"https:\/\/promoelectrofrance.com\/?s={search_term_string}"},"query-input":{"@type":"PropertyValueSpecification","valueRequired":true,"valueName":"search_term_string"}}],"inLanguage":"fr-FR"}]}},"_links":{"self":[{"href":"https:\/\/promoelectrofrance.com\/index.php?rest_route=\/wp\/v2\/product\/21751","targetHints":{"allow":["GET"]}}],"collection":[{"href":"https:\/\/promoelectrofrance.com\/index.php?rest_route=\/wp\/v2\/product"}],"about":[{"href":"https:\/\/promoelectrofrance.com\/index.php?rest_route=\/wp\/v2\/types\/product"}],"replies":[{"embeddable":true,"href":"https:\/\/promoelectrofrance.com\/index.php?rest_route=%2Fwp%2Fv2%2Fcomments&post=21751"}],"version-history":[{"count":0,"href":"https:\/\/promoelectrofrance.com\/index.php?rest_route=\/wp\/v2\/product\/21751\/revisions"}],"wp:featuredmedia":[{"embeddable":true,"href":"https:\/\/promoelectrofrance.com\/index.php?rest_route=\/wp\/v2\/media\/21886"}],"wp:attachment":[{"href":"https:\/\/promoelectrofrance.com\/index.php?rest_route=%2Fwp%2Fv2%2Fmedia&parent=21751"}],"wp:term":[{"taxonomy":"product_brand","embeddable":true,"href":"https:\/\/promoelectrofrance.com\/index.php?rest_route=%2Fwp%2Fv2%2Fproduct_brand&post=21751"},{"taxonomy":"product_cat","embeddable":true,"href":"https:\/\/promoelectrofrance.com\/index.php?rest_route=%2Fwp%2Fv2%2Fproduct_cat&post=21751"},{"taxonomy":"product_tag","embeddable":true,"href":"https:\/\/promoelectrofrance.com\/index.php?rest_route=%2Fwp%2Fv2%2Fproduct_tag&post=21751"}],"curies":[{"name":"wp","href":"https:\/\/api.w.org\/{rel}","templated":true}]}}