{"id":21654,"date":"2026-04-16T23:47:32","date_gmt":"2026-04-16T21:47:32","guid":{"rendered":"https:\/\/promoelectrofrance.com\/?post_type=product&#038;p=21654"},"modified":"2026-04-16T23:50:23","modified_gmt":"2026-04-16T21:50:23","slug":"velo-electrique-wayscral-classy-615-36v","status":"publish","type":"product","link":"https:\/\/promoelectrofrance.com\/?product=velo-electrique-wayscral-classy-615-36v","title":{"rendered":"V\u00e9lo \u00e9lectrique Wayscral Classy 615 36V"},"content":{"rendered":"<table>\n<thead>\n<tr>\n<th><strong>Cat\u00e9gorie<\/strong><\/th>\n<th><strong>\u00c9l\u00e9ment<\/strong><\/th>\n<th><strong>D\u00e9tails<\/strong><\/th>\n<\/tr>\n<\/thead>\n<tbody>\n<tr>\n<td><strong>Cadre<\/strong><\/td>\n<td>Cadre<\/td>\n<td>Alu<\/td>\n<\/tr>\n<tr>\n<td><\/td>\n<td>Mati\u00e8re<\/td>\n<td>Aluminium<\/td>\n<\/tr>\n<tr>\n<td><\/td>\n<td>Suspension<\/td>\n<td>Semi-rigide (avant)<\/td>\n<\/tr>\n<tr>\n<td><\/td>\n<td>Fourche<\/td>\n<td>Fourche suspendue SR Suntour CR8V3<\/td>\n<\/tr>\n<tr>\n<td><strong>Roues<\/strong><\/td>\n<td>Roues<\/td>\n<td>Jantes aluminium double paroi<\/td>\n<\/tr>\n<tr>\n<td><\/td>\n<td>Taille<\/td>\n<td>28&#8243; (700C)<\/td>\n<\/tr>\n<tr>\n<td><\/td>\n<td>Pneus<\/td>\n<td>Pneus Kenda K193 &#8211; 700x35C<\/td>\n<\/tr>\n<tr>\n<td><strong>Transmission<\/strong><\/td>\n<td>D\u00e9railleur avant<\/td>\n<td>Shimano Altus<\/td>\n<\/tr>\n<tr>\n<td><\/td>\n<td>D\u00e9railleur arri\u00e8re<\/td>\n<td>Shimano Altus<\/td>\n<\/tr>\n<tr>\n<td><strong>Moteur<\/strong><\/td>\n<td>Moteur<\/td>\n<td>Moteur Bofeili 250W | int\u00e9gr\u00e9 au p\u00e9dalier | couple 45Nm<\/td>\n<\/tr>\n<tr>\n<td><strong>Batterie<\/strong><\/td>\n<td>Batterie<\/td>\n<td>Batterie Li-ion 36V 238Wh | Cellules SAMSUNG\u00ae<\/td>\n<\/tr>\n<tr>\n<td><strong>Ordinateur de bord<\/strong><\/td>\n<td>Affichage<\/td>\n<td>LCD<\/td>\n<\/tr>\n<tr>\n<td><strong>Composants<\/strong><\/td>\n<td>Selle<\/td>\n<td>Selle Royale\u00ae Freedom<\/td>\n<\/tr>\n<tr>\n<td><\/td>\n<td>Tige de selle<\/td>\n<td>Tige de selle \u00e0 r\u00e9glage rapide<\/td>\n<\/tr>\n<tr>\n<td><\/td>\n<td>Potence<\/td>\n<td>Potence Saotri EZ3n \u00e0 r\u00e9glage rapide<\/td>\n<\/tr>\n<tr>\n<td><\/td>\n<td>Kit de freinage<\/td>\n<td>Freins V-brake Tektro<\/td>\n<\/tr>\n<\/tbody>\n<\/table>\n<p>&nbsp;<\/p>\n<p>&nbsp;<\/p>\n","protected":false},"excerpt":{"rendered":"<p>\ud83d\udeb4\u200d\u2642\ufe0f <strong data-start=\"152\" data-end=\"187\">Cadre aluminium l\u00e9ger &amp; robuste<\/strong><br data-start=\"187\" data-end=\"190\" \/>\ud83d\udd29 <strong data-start=\"193\" data-end=\"225\">Fourche suspendue SR Suntour<\/strong> pour plus de confort<br data-start=\"246\" data-end=\"249\" \/>\u2699\ufe0f <strong data-start=\"252\" data-end=\"282\" data-is-only-node=\"\">Transmission Shimano Altus<\/strong> pr\u00e9cise<br data-start=\"290\" data-end=\"293\" \/>\u26a1 <strong data-start=\"295\" data-end=\"336\">Moteur p\u00e9dalier Bofeili 250 W (45 Nm)<\/strong> pour assistance fluide<br data-start=\"359\" data-end=\"362\" \/><\/p>\n","protected":false},"featured_media":21704,"comment_status":"open","ping_status":"closed","template":"","meta":[],"product_brand":[],"product_cat":[207,198],"product_tag":[],"class_list":{"0":"post-21654","1":"product","2":"type-product","3":"status-publish","4":"has-post-thumbnail","6":"product_cat-velo-electrique-de-ville","7":"product_cat-velos-electriques","10":"first","11":"instock","12":"sale","13":"shipping-taxable","14":"purchasable","15":"product-type-simple"},"yoast_head":"<!-- This site is optimized with the Yoast SEO plugin v27.3 - https:\/\/yoast.com\/product\/yoast-seo-wordpress\/ -->\n<title>V\u00e9lo \u00e9lectrique Wayscral Classy 615 36V - Promo Electro France<\/title>\n<meta name=\"robots\" content=\"index, follow, max-snippet:-1, max-image-preview:large, max-video-preview:-1\" \/>\n<link rel=\"canonical\" href=\"https:\/\/promoelectrofrance.com\/?product=velo-electrique-wayscral-classy-615-36v\" \/>\n<meta property=\"og:locale\" content=\"fr_FR\" \/>\n<meta property=\"og:type\" content=\"article\" \/>\n<meta property=\"og:title\" content=\"V\u00e9lo \u00e9lectrique Wayscral Classy 615 36V - Promo Electro France\" \/>\n<meta property=\"og:description\" content=\"\ud83d\udeb4\u200d\u2642\ufe0f Cadre aluminium l\u00e9ger &amp; robuste\ud83d\udd29 Fourche suspendue SR Suntour pour plus de confort\u2699\ufe0f Transmission Shimano Altus pr\u00e9cise\u26a1 Moteur p\u00e9dalier Bofeili 250 W (45 Nm) pour assistance fluide\" \/>\n<meta property=\"og:url\" content=\"https:\/\/promoelectrofrance.com\/?product=velo-electrique-wayscral-classy-615-36v\" \/>\n<meta property=\"og:site_name\" content=\"Promo Electro France\" \/>\n<meta property=\"article:modified_time\" content=\"2026-04-16T21:50:23+00:00\" \/>\n<meta name=\"twitter:card\" content=\"summary_large_image\" \/>\n<meta name=\"twitter:label1\" content=\"Dur\u00e9e de lecture estim\u00e9e\" \/>\n\t<meta name=\"twitter:data1\" content=\"1 minute\" \/>\n<script type=\"application\/ld+json\" class=\"yoast-schema-graph\">{\"@context\":\"https:\\\/\\\/schema.org\",\"@graph\":[{\"@type\":\"WebPage\",\"@id\":\"https:\\\/\\\/promoelectrofrance.com\\\/?product=velo-electrique-wayscral-classy-615-36v\",\"url\":\"https:\\\/\\\/promoelectrofrance.com\\\/?product=velo-electrique-wayscral-classy-615-36v\",\"name\":\"V\u00e9lo \u00e9lectrique Wayscral Classy 615 36V - Promo Electro France\",\"isPartOf\":{\"@id\":\"https:\\\/\\\/promoelectrofrance.com\\\/#website\"},\"primaryImageOfPage\":{\"@id\":\"https:\\\/\\\/promoelectrofrance.com\\\/?product=velo-electrique-wayscral-classy-615-36v#primaryimage\"},\"image\":{\"@id\":\"https:\\\/\\\/promoelectrofrance.com\\\/?product=velo-electrique-wayscral-classy-615-36v#primaryimage\"},\"thumbnailUrl\":\"https:\\\/\\\/promoelectrofrance.com\\\/wp-content\\\/uploads\\\/2026\\\/04\\\/Classy615-1.jpg\",\"datePublished\":\"2026-04-16T21:47:32+00:00\",\"dateModified\":\"2026-04-16T21:50:23+00:00\",\"breadcrumb\":{\"@id\":\"https:\\\/\\\/promoelectrofrance.com\\\/?product=velo-electrique-wayscral-classy-615-36v#breadcrumb\"},\"inLanguage\":\"fr-FR\",\"potentialAction\":[{\"@type\":\"ReadAction\",\"target\":[\"https:\\\/\\\/promoelectrofrance.com\\\/?product=velo-electrique-wayscral-classy-615-36v\"]}]},{\"@type\":\"ImageObject\",\"inLanguage\":\"fr-FR\",\"@id\":\"https:\\\/\\\/promoelectrofrance.com\\\/?product=velo-electrique-wayscral-classy-615-36v#primaryimage\",\"url\":\"https:\\\/\\\/promoelectrofrance.com\\\/wp-content\\\/uploads\\\/2026\\\/04\\\/Classy615-1.jpg\",\"contentUrl\":\"https:\\\/\\\/promoelectrofrance.com\\\/wp-content\\\/uploads\\\/2026\\\/04\\\/Classy615-1.jpg\",\"width\":582,\"height\":407},{\"@type\":\"BreadcrumbList\",\"@id\":\"https:\\\/\\\/promoelectrofrance.com\\\/?product=velo-electrique-wayscral-classy-615-36v#breadcrumb\",\"itemListElement\":[{\"@type\":\"ListItem\",\"position\":1,\"name\":\"Accueil\",\"item\":\"https:\\\/\\\/promoelectrofrance.com\\\/\"},{\"@type\":\"ListItem\",\"position\":2,\"name\":\"Boutique\",\"item\":\"https:\\\/\\\/promoelectrofrance.com\\\/?page_id=8\"},{\"@type\":\"ListItem\",\"position\":3,\"name\":\"V\u00e9lo \u00e9lectrique Wayscral Classy 615 36V\"}]},{\"@type\":\"WebSite\",\"@id\":\"https:\\\/\\\/promoelectrofrance.com\\\/#website\",\"url\":\"https:\\\/\\\/promoelectrofrance.com\\\/\",\"name\":\"Promo Electro France\",\"description\":\"\",\"potentialAction\":[{\"@type\":\"SearchAction\",\"target\":{\"@type\":\"EntryPoint\",\"urlTemplate\":\"https:\\\/\\\/promoelectrofrance.com\\\/?s={search_term_string}\"},\"query-input\":{\"@type\":\"PropertyValueSpecification\",\"valueRequired\":true,\"valueName\":\"search_term_string\"}}],\"inLanguage\":\"fr-FR\"}]}<\/script>\n<!-- \/ Yoast SEO plugin. -->","yoast_head_json":{"title":"V\u00e9lo \u00e9lectrique Wayscral Classy 615 36V - Promo Electro France","robots":{"index":"index","follow":"follow","max-snippet":"max-snippet:-1","max-image-preview":"max-image-preview:large","max-video-preview":"max-video-preview:-1"},"canonical":"https:\/\/promoelectrofrance.com\/?product=velo-electrique-wayscral-classy-615-36v","og_locale":"fr_FR","og_type":"article","og_title":"V\u00e9lo \u00e9lectrique Wayscral Classy 615 36V - Promo Electro France","og_description":"\ud83d\udeb4\u200d\u2642\ufe0f Cadre aluminium l\u00e9ger &amp; robuste\ud83d\udd29 Fourche suspendue SR Suntour pour plus de confort\u2699\ufe0f Transmission Shimano Altus pr\u00e9cise\u26a1 Moteur p\u00e9dalier Bofeili 250 W (45 Nm) pour assistance fluide","og_url":"https:\/\/promoelectrofrance.com\/?product=velo-electrique-wayscral-classy-615-36v","og_site_name":"Promo Electro France","article_modified_time":"2026-04-16T21:50:23+00:00","twitter_card":"summary_large_image","twitter_misc":{"Dur\u00e9e de lecture estim\u00e9e":"1 minute"},"schema":{"@context":"https:\/\/schema.org","@graph":[{"@type":"WebPage","@id":"https:\/\/promoelectrofrance.com\/?product=velo-electrique-wayscral-classy-615-36v","url":"https:\/\/promoelectrofrance.com\/?product=velo-electrique-wayscral-classy-615-36v","name":"V\u00e9lo \u00e9lectrique Wayscral Classy 615 36V - Promo Electro France","isPartOf":{"@id":"https:\/\/promoelectrofrance.com\/#website"},"primaryImageOfPage":{"@id":"https:\/\/promoelectrofrance.com\/?product=velo-electrique-wayscral-classy-615-36v#primaryimage"},"image":{"@id":"https:\/\/promoelectrofrance.com\/?product=velo-electrique-wayscral-classy-615-36v#primaryimage"},"thumbnailUrl":"https:\/\/promoelectrofrance.com\/wp-content\/uploads\/2026\/04\/Classy615-1.jpg","datePublished":"2026-04-16T21:47:32+00:00","dateModified":"2026-04-16T21:50:23+00:00","breadcrumb":{"@id":"https:\/\/promoelectrofrance.com\/?product=velo-electrique-wayscral-classy-615-36v#breadcrumb"},"inLanguage":"fr-FR","potentialAction":[{"@type":"ReadAction","target":["https:\/\/promoelectrofrance.com\/?product=velo-electrique-wayscral-classy-615-36v"]}]},{"@type":"ImageObject","inLanguage":"fr-FR","@id":"https:\/\/promoelectrofrance.com\/?product=velo-electrique-wayscral-classy-615-36v#primaryimage","url":"https:\/\/promoelectrofrance.com\/wp-content\/uploads\/2026\/04\/Classy615-1.jpg","contentUrl":"https:\/\/promoelectrofrance.com\/wp-content\/uploads\/2026\/04\/Classy615-1.jpg","width":582,"height":407},{"@type":"BreadcrumbList","@id":"https:\/\/promoelectrofrance.com\/?product=velo-electrique-wayscral-classy-615-36v#breadcrumb","itemListElement":[{"@type":"ListItem","position":1,"name":"Accueil","item":"https:\/\/promoelectrofrance.com\/"},{"@type":"ListItem","position":2,"name":"Boutique","item":"https:\/\/promoelectrofrance.com\/?page_id=8"},{"@type":"ListItem","position":3,"name":"V\u00e9lo \u00e9lectrique Wayscral Classy 615 36V"}]},{"@type":"WebSite","@id":"https:\/\/promoelectrofrance.com\/#website","url":"https:\/\/promoelectrofrance.com\/","name":"Promo Electro France","description":"","potentialAction":[{"@type":"SearchAction","target":{"@type":"EntryPoint","urlTemplate":"https:\/\/promoelectrofrance.com\/?s={search_term_string}"},"query-input":{"@type":"PropertyValueSpecification","valueRequired":true,"valueName":"search_term_string"}}],"inLanguage":"fr-FR"}]}},"_links":{"self":[{"href":"https:\/\/promoelectrofrance.com\/index.php?rest_route=\/wp\/v2\/product\/21654","targetHints":{"allow":["GET"]}}],"collection":[{"href":"https:\/\/promoelectrofrance.com\/index.php?rest_route=\/wp\/v2\/product"}],"about":[{"href":"https:\/\/promoelectrofrance.com\/index.php?rest_route=\/wp\/v2\/types\/product"}],"replies":[{"embeddable":true,"href":"https:\/\/promoelectrofrance.com\/index.php?rest_route=%2Fwp%2Fv2%2Fcomments&post=21654"}],"version-history":[{"count":0,"href":"https:\/\/promoelectrofrance.com\/index.php?rest_route=\/wp\/v2\/product\/21654\/revisions"}],"wp:featuredmedia":[{"embeddable":true,"href":"https:\/\/promoelectrofrance.com\/index.php?rest_route=\/wp\/v2\/media\/21704"}],"wp:attachment":[{"href":"https:\/\/promoelectrofrance.com\/index.php?rest_route=%2Fwp%2Fv2%2Fmedia&parent=21654"}],"wp:term":[{"taxonomy":"product_brand","embeddable":true,"href":"https:\/\/promoelectrofrance.com\/index.php?rest_route=%2Fwp%2Fv2%2Fproduct_brand&post=21654"},{"taxonomy":"product_cat","embeddable":true,"href":"https:\/\/promoelectrofrance.com\/index.php?rest_route=%2Fwp%2Fv2%2Fproduct_cat&post=21654"},{"taxonomy":"product_tag","embeddable":true,"href":"https:\/\/promoelectrofrance.com\/index.php?rest_route=%2Fwp%2Fv2%2Fproduct_tag&post=21654"}],"curies":[{"name":"wp","href":"https:\/\/api.w.org\/{rel}","templated":true}]}}