{"id":21601,"date":"2026-04-16T23:44:38","date_gmt":"2026-04-16T21:44:38","guid":{"rendered":"https:\/\/promoelectrofrance.com\/?post_type=product&#038;p=21601"},"modified":"2026-04-16T23:48:57","modified_gmt":"2026-04-16T21:48:57","slug":"engwe-engine-pro-2-0-pliable","status":"publish","type":"product","link":"https:\/\/promoelectrofrance.com\/?product=engwe-engine-pro-2-0-pliable","title":{"rendered":"ENGWE Engine Pro 2.0 Pliable"},"content":{"rendered":"<header class=\"drawer__header flex justify-between items-center\">\n<h2 id=\"table-size_drawer_EydkP4-heading\" class=\"h4 mb-0\">Caract\u00e9ristiques techniques<\/h2>\n<\/header>\n<div class=\"drawer__content flex-auto\">\n<div class=\"drawer__container1 flex-auto \">\n<table class=\"w-full mb-4\">\n<tbody>\n<tr>\n<td class=\"p-2\">Mat\u00e9riau<\/td>\n<td class=\"p-2\">Cadre pliable en alliage d\u2019aluminium 6061<\/td>\n<\/tr>\n<tr>\n<td class=\"p-2\">Moteur<\/td>\n<td class=\"p-2\">Moteur int\u00e9gr\u00e9 dans le moyeu de roue en alliage de magn\u00e9sium<\/td>\n<\/tr>\n<tr>\n<td class=\"p-2\">Couple<\/td>\n<td class=\"p-2\">75 Nm<\/td>\n<\/tr>\n<tr>\n<td class=\"p-2\">Capteur<\/td>\n<td class=\"p-2\">Capteur de couple<\/td>\n<\/tr>\n<tr>\n<td class=\"p-2\">Freins<\/td>\n<td class=\"p-2\">Freins \u00e0 disque hydrauliques 160 mm<\/td>\n<\/tr>\n<tr>\n<td class=\"p-2\">Transmission<\/td>\n<td class=\"p-2\">Shimano Altus \u00e0 8 vitesses<\/td>\n<\/tr>\n<tr>\n<td class=\"p-2\">\u00c9cran<\/td>\n<td class=\"p-2\">\u00c9cran couleur LCD<\/td>\n<\/tr>\n<tr>\n<td class=\"p-2\">Vitesse maximale<\/td>\n<td class=\"p-2\">25 km\/h (niveau d\u2019assistance 5)<\/td>\n<\/tr>\n<tr>\n<td class=\"p-2\">Autonomie<\/td>\n<td class=\"p-2\">110 km (niveau d\u2019assistance 1)<\/td>\n<\/tr>\n<tr>\n<td class=\"p-2\">Batterie<\/td>\n<td class=\"p-2\">Batterie lithium-ion 16 Ah<\/td>\n<\/tr>\n<tr>\n<td class=\"p-2\">Pneus<\/td>\n<td class=\"p-2\">Pneus 20 x 4.0&#8243;<\/td>\n<\/tr>\n<tr>\n<td class=\"p-2\">Pente maximale franchissable<\/td>\n<td class=\"p-2\">10\u00b0<\/td>\n<\/tr>\n<tr>\n<td class=\"p-2\">Temps de charge<\/td>\n<td class=\"p-2\">Environ 5,5 heures<\/td>\n<\/tr>\n<tr>\n<td class=\"p-2\">Poids du v\u00e9lo<\/td>\n<td class=\"p-2\">31,6 kg<\/td>\n<\/tr>\n<tr>\n<td class=\"p-2\">Poids brut<\/td>\n<td class=\"p-2\">39,8 kg<\/td>\n<\/tr>\n<\/tbody>\n<\/table>\n<\/div>\n<header class=\"drawer__header flex justify-between items-center\">\n<h2 id=\"table-size_drawer_PBCRD6-heading\" class=\"h4 mb-0\">Dimensions<\/h2>\n<\/header>\n<div class=\"drawer__content flex-auto\">\n<div class=\"drawer__container1 flex-auto \">\n<table class=\"w-full mb-4\">\n<tbody>\n<tr>\n<td class=\"p-2\">Taille du cycliste<\/td>\n<td class=\"p-2\">5.4 (ft) &#8211; 6.2 (ft)<\/td>\n<\/tr>\n<tr>\n<td class=\"p-2\">Capacit\u00e9 de charge<\/td>\n<td class=\"p-2\">150 kg<\/td>\n<\/tr>\n<tr>\n<td class=\"p-2\">Dimensions du colis (L \u00d7 l \u00d7 H)<\/td>\n<td class=\"p-2\">144*32*72 cm<\/td>\n<\/tr>\n<\/tbody>\n<\/table>\n<div class=\"mb-4 flex justify-center unfolded-img\"><img  alt=\"\" width=\"\" height=\"0\" \/ class=\"lws-optimize-lazyload\" data-src=\"https:\/\/fr.engwe.com\/cdn\/shop\/files\/engine_pro_2.0_unfold_size.png?v=1747970664&amp;width=700\"><\/div>\n<table class=\"w-full mb-4\">\n<tbody>\n<tr>\n<td class=\"p-2\">A \u2013 Empattement<\/td>\n<td class=\"p-2\">113,5 cm<\/td>\n<\/tr>\n<tr>\n<td class=\"p-2\">B \u2013 Longueur totale<\/td>\n<td class=\"p-2\">170 cm<\/td>\n<\/tr>\n<tr>\n<td class=\"p-2\">C \u2013 Port\u00e9e (Reach)<\/td>\n<td class=\"p-2\">43 cm<\/td>\n<\/tr>\n<tr>\n<td class=\"p-2\">D \u2013 Hauteur d\u2019enjambement<\/td>\n<td class=\"p-2\">69 cm<\/td>\n<\/tr>\n<tr>\n<td class=\"p-2\">E \u2013 Hauteur minimale de selle<\/td>\n<td class=\"p-2\">86 cm<\/td>\n<\/tr>\n<tr>\n<td class=\"p-2\">F \u2013 Hauteur maximale de selle<\/td>\n<td class=\"p-2\">102 cm<\/td>\n<\/tr>\n<tr>\n<td class=\"p-2\">G \u2013 Hauteur minimale du guidon<\/td>\n<td class=\"p-2\">120 cm<\/td>\n<\/tr>\n<tr>\n<td class=\"p-2\">H \u2013 Hauteur maximale du guidon<\/td>\n<td class=\"p-2\">130 cm<\/td>\n<\/tr>\n<\/tbody>\n<\/table>\n<p>Remarque : Une diff\u00e9rence de 0 \u00e0 5 cm peut exister entre les mesures indiqu\u00e9es et les dimensions r\u00e9elles.<\/p>\n<div class=\"h6 mb-2\"><\/div>\n<table class=\"w-full mb-4\">\n<tbody>\n<tr>\n<td class=\"p-2\">Dimensions pli\u00e9<\/td>\n<td class=\"p-2\">104*55*84 cm<\/td>\n<\/tr>\n<\/tbody>\n<\/table>\n<div class=\"mb-4 flex justify-center unfolded-img\"><img  alt=\"\" width=\"\" height=\"0\" \/ class=\"lws-optimize-lazyload\" data-src=\"https:\/\/fr.engwe.com\/cdn\/shop\/files\/engine_pro_2.0_fold_size.png?v=1748691230&amp;width=700\"><\/div>\n<table class=\"w-full mb-4\">\n<tbody>\n<tr>\n<td class=\"p-2\">A \u2013 Hauteur<\/td>\n<td class=\"p-2\">84 cm<\/td>\n<\/tr>\n<tr>\n<td class=\"p-2\">B \u2013 Longueur<\/td>\n<td class=\"p-2\">104 cm<\/td>\n<\/tr>\n<tr>\n<td class=\"p-2\">C \u2013 Largeur<\/td>\n<td class=\"p-2\">55 cm<\/td>\n<\/tr>\n<\/tbody>\n<\/table>\n<p>Remarque : Une diff\u00e9rence de 0 \u00e0 5 cm peut exister entre les mesures indiqu\u00e9es et les dimensions r\u00e9elles.<\/p>\n<\/div>\n<\/div>\n<\/div>\n","protected":false},"excerpt":{"rendered":"<ul>\n<li>\u26a1 <strong data-start=\"59\" data-end=\"84\">Moteur coupleux 75 Nm<\/strong> avec <strong data-start=\"90\" data-end=\"111\">capteur de couple<\/strong> pour une assistance fluide.<\/li>\n<li>\ud83d\udd0b <strong data-start=\"148\" data-end=\"166\">Batterie 16 Ah<\/strong> \u2013 jusqu\u2019\u00e0 <strong data-start=\"177\" data-end=\"199\">110 km d\u2019autonomie<\/strong>.<\/li>\n<li>\ud83d\udeb4 <strong data-start=\"209\" data-end=\"244\">Transmission Shimano 8 vitesses<\/strong> + <strong data-start=\"247\" data-end=\"277\">freins hydrauliques 160 mm<\/strong>.<\/li>\n<li>\ud83e\uddf3 <strong data-start=\"287\" data-end=\"319\">Cadre pliable aluminium 6061<\/strong> + <strong data-start=\"322\" data-end=\"339\">pneus 20&#215;4.0&#8243;<\/strong> pour tout-terrain.<\/li>\n<\/ul>\n","protected":false},"featured_media":21663,"comment_status":"open","ping_status":"closed","template":"","meta":[],"product_brand":[200],"product_cat":[198,204],"product_tag":[],"class_list":{"0":"post-21601","1":"product","2":"type-product","3":"status-publish","4":"has-post-thumbnail","6":"product_brand-engwe","7":"product_cat-velos-electriques","8":"product_cat-vtt-electrique","11":"first","12":"instock","13":"sale","14":"shipping-taxable","15":"purchasable","16":"product-type-variable"},"yoast_head":"<!-- This site is optimized with the Yoast SEO plugin v27.3 - https:\/\/yoast.com\/product\/yoast-seo-wordpress\/ -->\n<title>ENGWE Engine Pro 2.0 Pliable - Promo Electro France<\/title>\n<meta name=\"robots\" content=\"index, follow, max-snippet:-1, max-image-preview:large, max-video-preview:-1\" \/>\n<link rel=\"canonical\" href=\"https:\/\/promoelectrofrance.com\/?product=engwe-engine-pro-2-0-pliable\" \/>\n<meta property=\"og:locale\" content=\"fr_FR\" \/>\n<meta property=\"og:type\" content=\"article\" \/>\n<meta property=\"og:title\" content=\"ENGWE Engine Pro 2.0 Pliable - Promo Electro France\" \/>\n<meta property=\"og:description\" content=\"\u26a1 Moteur coupleux 75 Nm avec capteur de couple pour une assistance fluide.  \ud83d\udd0b Batterie 16 Ah \u2013 jusqu\u2019\u00e0 110 km d\u2019autonomie.  \ud83d\udeb4 Transmission Shimano 8 vitesses + freins hydrauliques 160 mm.  \ud83e\uddf3 Cadre pliable aluminium 6061 + pneus 20x4.0&quot; pour tout-terrain.\" \/>\n<meta property=\"og:url\" content=\"https:\/\/promoelectrofrance.com\/?product=engwe-engine-pro-2-0-pliable\" \/>\n<meta property=\"og:site_name\" content=\"Promo Electro France\" \/>\n<meta property=\"article:modified_time\" content=\"2026-04-16T21:48:57+00:00\" \/>\n<meta property=\"og:image\" content=\"https:\/\/fr.engwe.com\/cdn\/shop\/files\/engine_pro_2.0_unfold_size.png?v=1747970664&amp;width=700\" \/>\n<meta name=\"twitter:card\" content=\"summary_large_image\" \/>\n<meta name=\"twitter:label1\" content=\"Dur\u00e9e de lecture estim\u00e9e\" \/>\n\t<meta name=\"twitter:data1\" content=\"1 minute\" \/>\n<script type=\"application\/ld+json\" class=\"yoast-schema-graph\">{\"@context\":\"https:\\\/\\\/schema.org\",\"@graph\":[{\"@type\":\"WebPage\",\"@id\":\"https:\\\/\\\/promoelectrofrance.com\\\/?product=engwe-engine-pro-2-0-pliable\",\"url\":\"https:\\\/\\\/promoelectrofrance.com\\\/?product=engwe-engine-pro-2-0-pliable\",\"name\":\"ENGWE Engine Pro 2.0 Pliable - Promo Electro France\",\"isPartOf\":{\"@id\":\"https:\\\/\\\/promoelectrofrance.com\\\/#website\"},\"primaryImageOfPage\":{\"@id\":\"https:\\\/\\\/promoelectrofrance.com\\\/?product=engwe-engine-pro-2-0-pliable#primaryimage\"},\"image\":{\"@id\":\"https:\\\/\\\/promoelectrofrance.com\\\/?product=engwe-engine-pro-2-0-pliable#primaryimage\"},\"thumbnailUrl\":\"https:\\\/\\\/promoelectrofrance.com\\\/wp-content\\\/uploads\\\/2026\\\/04\\\/Engine_Pro_2_3-1.jpeg\",\"datePublished\":\"2026-04-16T21:44:38+00:00\",\"dateModified\":\"2026-04-16T21:48:57+00:00\",\"breadcrumb\":{\"@id\":\"https:\\\/\\\/promoelectrofrance.com\\\/?product=engwe-engine-pro-2-0-pliable#breadcrumb\"},\"inLanguage\":\"fr-FR\",\"potentialAction\":[{\"@type\":\"ReadAction\",\"target\":[\"https:\\\/\\\/promoelectrofrance.com\\\/?product=engwe-engine-pro-2-0-pliable\"]}]},{\"@type\":\"ImageObject\",\"inLanguage\":\"fr-FR\",\"@id\":\"https:\\\/\\\/promoelectrofrance.com\\\/?product=engwe-engine-pro-2-0-pliable#primaryimage\",\"url\":\"https:\\\/\\\/promoelectrofrance.com\\\/wp-content\\\/uploads\\\/2026\\\/04\\\/Engine_Pro_2_3-1.jpeg\",\"contentUrl\":\"https:\\\/\\\/promoelectrofrance.com\\\/wp-content\\\/uploads\\\/2026\\\/04\\\/Engine_Pro_2_3-1.jpeg\",\"width\":1214,\"height\":1691},{\"@type\":\"BreadcrumbList\",\"@id\":\"https:\\\/\\\/promoelectrofrance.com\\\/?product=engwe-engine-pro-2-0-pliable#breadcrumb\",\"itemListElement\":[{\"@type\":\"ListItem\",\"position\":1,\"name\":\"Accueil\",\"item\":\"https:\\\/\\\/promoelectrofrance.com\\\/\"},{\"@type\":\"ListItem\",\"position\":2,\"name\":\"Boutique\",\"item\":\"https:\\\/\\\/promoelectrofrance.com\\\/?page_id=8\"},{\"@type\":\"ListItem\",\"position\":3,\"name\":\"ENGWE Engine Pro 2.0 Pliable\"}]},{\"@type\":\"WebSite\",\"@id\":\"https:\\\/\\\/promoelectrofrance.com\\\/#website\",\"url\":\"https:\\\/\\\/promoelectrofrance.com\\\/\",\"name\":\"Promo Electro France\",\"description\":\"\",\"potentialAction\":[{\"@type\":\"SearchAction\",\"target\":{\"@type\":\"EntryPoint\",\"urlTemplate\":\"https:\\\/\\\/promoelectrofrance.com\\\/?s={search_term_string}\"},\"query-input\":{\"@type\":\"PropertyValueSpecification\",\"valueRequired\":true,\"valueName\":\"search_term_string\"}}],\"inLanguage\":\"fr-FR\"}]}<\/script>\n<!-- \/ Yoast SEO plugin. -->","yoast_head_json":{"title":"ENGWE Engine Pro 2.0 Pliable - Promo Electro France","robots":{"index":"index","follow":"follow","max-snippet":"max-snippet:-1","max-image-preview":"max-image-preview:large","max-video-preview":"max-video-preview:-1"},"canonical":"https:\/\/promoelectrofrance.com\/?product=engwe-engine-pro-2-0-pliable","og_locale":"fr_FR","og_type":"article","og_title":"ENGWE Engine Pro 2.0 Pliable - Promo Electro France","og_description":"\u26a1 Moteur coupleux 75 Nm avec capteur de couple pour une assistance fluide.  \ud83d\udd0b Batterie 16 Ah \u2013 jusqu\u2019\u00e0 110 km d\u2019autonomie.  \ud83d\udeb4 Transmission Shimano 8 vitesses + freins hydrauliques 160 mm.  \ud83e\uddf3 Cadre pliable aluminium 6061 + pneus 20x4.0\" pour tout-terrain.","og_url":"https:\/\/promoelectrofrance.com\/?product=engwe-engine-pro-2-0-pliable","og_site_name":"Promo Electro France","article_modified_time":"2026-04-16T21:48:57+00:00","og_image":[{"url":"https:\/\/fr.engwe.com\/cdn\/shop\/files\/engine_pro_2.0_unfold_size.png?v=1747970664&amp;width=700","type":"","width":"","height":""}],"twitter_card":"summary_large_image","twitter_misc":{"Dur\u00e9e de lecture estim\u00e9e":"1 minute"},"schema":{"@context":"https:\/\/schema.org","@graph":[{"@type":"WebPage","@id":"https:\/\/promoelectrofrance.com\/?product=engwe-engine-pro-2-0-pliable","url":"https:\/\/promoelectrofrance.com\/?product=engwe-engine-pro-2-0-pliable","name":"ENGWE Engine Pro 2.0 Pliable - Promo Electro France","isPartOf":{"@id":"https:\/\/promoelectrofrance.com\/#website"},"primaryImageOfPage":{"@id":"https:\/\/promoelectrofrance.com\/?product=engwe-engine-pro-2-0-pliable#primaryimage"},"image":{"@id":"https:\/\/promoelectrofrance.com\/?product=engwe-engine-pro-2-0-pliable#primaryimage"},"thumbnailUrl":"https:\/\/promoelectrofrance.com\/wp-content\/uploads\/2026\/04\/Engine_Pro_2_3-1.jpeg","datePublished":"2026-04-16T21:44:38+00:00","dateModified":"2026-04-16T21:48:57+00:00","breadcrumb":{"@id":"https:\/\/promoelectrofrance.com\/?product=engwe-engine-pro-2-0-pliable#breadcrumb"},"inLanguage":"fr-FR","potentialAction":[{"@type":"ReadAction","target":["https:\/\/promoelectrofrance.com\/?product=engwe-engine-pro-2-0-pliable"]}]},{"@type":"ImageObject","inLanguage":"fr-FR","@id":"https:\/\/promoelectrofrance.com\/?product=engwe-engine-pro-2-0-pliable#primaryimage","url":"https:\/\/promoelectrofrance.com\/wp-content\/uploads\/2026\/04\/Engine_Pro_2_3-1.jpeg","contentUrl":"https:\/\/promoelectrofrance.com\/wp-content\/uploads\/2026\/04\/Engine_Pro_2_3-1.jpeg","width":1214,"height":1691},{"@type":"BreadcrumbList","@id":"https:\/\/promoelectrofrance.com\/?product=engwe-engine-pro-2-0-pliable#breadcrumb","itemListElement":[{"@type":"ListItem","position":1,"name":"Accueil","item":"https:\/\/promoelectrofrance.com\/"},{"@type":"ListItem","position":2,"name":"Boutique","item":"https:\/\/promoelectrofrance.com\/?page_id=8"},{"@type":"ListItem","position":3,"name":"ENGWE Engine Pro 2.0 Pliable"}]},{"@type":"WebSite","@id":"https:\/\/promoelectrofrance.com\/#website","url":"https:\/\/promoelectrofrance.com\/","name":"Promo Electro France","description":"","potentialAction":[{"@type":"SearchAction","target":{"@type":"EntryPoint","urlTemplate":"https:\/\/promoelectrofrance.com\/?s={search_term_string}"},"query-input":{"@type":"PropertyValueSpecification","valueRequired":true,"valueName":"search_term_string"}}],"inLanguage":"fr-FR"}]}},"_links":{"self":[{"href":"https:\/\/promoelectrofrance.com\/index.php?rest_route=\/wp\/v2\/product\/21601","targetHints":{"allow":["GET"]}}],"collection":[{"href":"https:\/\/promoelectrofrance.com\/index.php?rest_route=\/wp\/v2\/product"}],"about":[{"href":"https:\/\/promoelectrofrance.com\/index.php?rest_route=\/wp\/v2\/types\/product"}],"replies":[{"embeddable":true,"href":"https:\/\/promoelectrofrance.com\/index.php?rest_route=%2Fwp%2Fv2%2Fcomments&post=21601"}],"version-history":[{"count":0,"href":"https:\/\/promoelectrofrance.com\/index.php?rest_route=\/wp\/v2\/product\/21601\/revisions"}],"wp:featuredmedia":[{"embeddable":true,"href":"https:\/\/promoelectrofrance.com\/index.php?rest_route=\/wp\/v2\/media\/21663"}],"wp:attachment":[{"href":"https:\/\/promoelectrofrance.com\/index.php?rest_route=%2Fwp%2Fv2%2Fmedia&parent=21601"}],"wp:term":[{"taxonomy":"product_brand","embeddable":true,"href":"https:\/\/promoelectrofrance.com\/index.php?rest_route=%2Fwp%2Fv2%2Fproduct_brand&post=21601"},{"taxonomy":"product_cat","embeddable":true,"href":"https:\/\/promoelectrofrance.com\/index.php?rest_route=%2Fwp%2Fv2%2Fproduct_cat&post=21601"},{"taxonomy":"product_tag","embeddable":true,"href":"https:\/\/promoelectrofrance.com\/index.php?rest_route=%2Fwp%2Fv2%2Fproduct_tag&post=21601"}],"curies":[{"name":"wp","href":"https:\/\/api.w.org\/{rel}","templated":true}]}}