{"id":21515,"date":"2026-04-16T23:40:59","date_gmt":"2026-04-16T21:40:59","guid":{"rendered":"https:\/\/promoelectrofrance.com\/?post_type=product&#038;p=21515"},"modified":"2026-04-16T23:43:58","modified_gmt":"2026-04-16T21:43:58","slug":"batterie-48v-20ah-pour-kommoda-3-0","status":"publish","type":"product","link":"https:\/\/promoelectrofrance.com\/?product=batterie-48v-20ah-pour-kommoda-3-0","title":{"rendered":"Batterie 48V 20Ah pour Kommoda 3.0"},"content":{"rendered":"<table>\n<thead>\n<tr>\n<th>Caract\u00e9ristique<\/th>\n<th>Valeur<\/th>\n<\/tr>\n<\/thead>\n<tbody>\n<tr>\n<td>Tension nominale<\/td>\n<td>48 V<\/td>\n<\/tr>\n<tr>\n<td>Capacit\u00e9<\/td>\n<td>20 Ah<\/td>\n<\/tr>\n<tr>\n<td>\u00c9nergie stock\u00e9e (wh)<\/td>\n<td>\u2248 960 Wh (48 V \u00d7 20 Ah)<\/td>\n<\/tr>\n<tr>\n<td>Temps de charge estim\u00e9<\/td>\n<td>6-7 heures<\/td>\n<\/tr>\n<tr>\n<td>Courant de charge \/ chargeur<\/td>\n<td>48 V, 3,0 A<\/td>\n<\/tr>\n<tr>\n<td>Nombre de cycles de charge avant baisse notable<\/td>\n<td>environ 800 cycles<\/td>\n<\/tr>\n<\/tbody>\n<\/table>\n<p>&nbsp;<\/p>\n<p><img fetchpriority=\"high\" class=\"alignnone size-medium wp-image-10969 lws-optimize-lazyload\"  alt=\"\" width=\"300\" height=\"300\" \/ data-src=\"https:\/\/best-electro-tech.com\/wp-content\/uploads\/2025\/09\/Ranger-battery-2-300x300.jpeg\"><\/p>\n","protected":false},"excerpt":{"rendered":"<p>Une fois que vous recevez la batterie, la premi\u00e8re charge compl\u00e8te dure environ 5 \u00e0 7 heures.<\/p>\n","protected":false},"featured_media":21578,"comment_status":"open","ping_status":"closed","template":"","meta":[],"product_brand":[206],"product_cat":[201],"product_tag":[],"class_list":{"0":"post-21515","1":"product","2":"type-product","3":"status-publish","4":"has-post-thumbnail","6":"product_brand-cyrusher","7":"product_cat-batteries","10":"first","11":"instock","12":"sale","13":"shipping-taxable","14":"purchasable","15":"product-type-simple"},"yoast_head":"<!-- This site is optimized with the Yoast SEO plugin v27.3 - https:\/\/yoast.com\/product\/yoast-seo-wordpress\/ -->\n<title>Batterie 48V 20Ah pour Kommoda 3.0 - Promo Electro France<\/title>\n<meta name=\"robots\" content=\"index, follow, max-snippet:-1, max-image-preview:large, max-video-preview:-1\" \/>\n<link rel=\"canonical\" href=\"https:\/\/promoelectrofrance.com\/?product=batterie-48v-20ah-pour-kommoda-3-0\" \/>\n<meta property=\"og:locale\" content=\"fr_FR\" \/>\n<meta property=\"og:type\" content=\"article\" \/>\n<meta property=\"og:title\" content=\"Batterie 48V 20Ah pour Kommoda 3.0 - Promo Electro France\" \/>\n<meta property=\"og:description\" content=\"Une fois que vous recevez la batterie, la premi\u00e8re charge compl\u00e8te dure environ 5 \u00e0 7 heures.\" \/>\n<meta property=\"og:url\" content=\"https:\/\/promoelectrofrance.com\/?product=batterie-48v-20ah-pour-kommoda-3-0\" \/>\n<meta property=\"og:site_name\" content=\"Promo Electro France\" \/>\n<meta property=\"article:modified_time\" content=\"2026-04-16T21:43:58+00:00\" \/>\n<meta name=\"twitter:card\" content=\"summary_large_image\" \/>\n<script type=\"application\/ld+json\" class=\"yoast-schema-graph\">{\"@context\":\"https:\\\/\\\/schema.org\",\"@graph\":[{\"@type\":\"WebPage\",\"@id\":\"https:\\\/\\\/promoelectrofrance.com\\\/?product=batterie-48v-20ah-pour-kommoda-3-0\",\"url\":\"https:\\\/\\\/promoelectrofrance.com\\\/?product=batterie-48v-20ah-pour-kommoda-3-0\",\"name\":\"Batterie 48V 20Ah pour Kommoda 3.0 - Promo Electro France\",\"isPartOf\":{\"@id\":\"https:\\\/\\\/promoelectrofrance.com\\\/#website\"},\"primaryImageOfPage\":{\"@id\":\"https:\\\/\\\/promoelectrofrance.com\\\/?product=batterie-48v-20ah-pour-kommoda-3-0#primaryimage\"},\"image\":{\"@id\":\"https:\\\/\\\/promoelectrofrance.com\\\/?product=batterie-48v-20ah-pour-kommoda-3-0#primaryimage\"},\"thumbnailUrl\":\"https:\\\/\\\/promoelectrofrance.com\\\/wp-content\\\/uploads\\\/2026\\\/04\\\/48V20AhBatteryforKommoda3.0-1.jpeg\",\"datePublished\":\"2026-04-16T21:40:59+00:00\",\"dateModified\":\"2026-04-16T21:43:58+00:00\",\"breadcrumb\":{\"@id\":\"https:\\\/\\\/promoelectrofrance.com\\\/?product=batterie-48v-20ah-pour-kommoda-3-0#breadcrumb\"},\"inLanguage\":\"fr-FR\",\"potentialAction\":[{\"@type\":\"ReadAction\",\"target\":[\"https:\\\/\\\/promoelectrofrance.com\\\/?product=batterie-48v-20ah-pour-kommoda-3-0\"]}]},{\"@type\":\"ImageObject\",\"inLanguage\":\"fr-FR\",\"@id\":\"https:\\\/\\\/promoelectrofrance.com\\\/?product=batterie-48v-20ah-pour-kommoda-3-0#primaryimage\",\"url\":\"https:\\\/\\\/promoelectrofrance.com\\\/wp-content\\\/uploads\\\/2026\\\/04\\\/48V20AhBatteryforKommoda3.0-1.jpeg\",\"contentUrl\":\"https:\\\/\\\/promoelectrofrance.com\\\/wp-content\\\/uploads\\\/2026\\\/04\\\/48V20AhBatteryforKommoda3.0-1.jpeg\",\"width\":1400,\"height\":933},{\"@type\":\"BreadcrumbList\",\"@id\":\"https:\\\/\\\/promoelectrofrance.com\\\/?product=batterie-48v-20ah-pour-kommoda-3-0#breadcrumb\",\"itemListElement\":[{\"@type\":\"ListItem\",\"position\":1,\"name\":\"Accueil\",\"item\":\"https:\\\/\\\/promoelectrofrance.com\\\/\"},{\"@type\":\"ListItem\",\"position\":2,\"name\":\"Boutique\",\"item\":\"https:\\\/\\\/promoelectrofrance.com\\\/?page_id=8\"},{\"@type\":\"ListItem\",\"position\":3,\"name\":\"Batterie 48V 20Ah pour Kommoda 3.0\"}]},{\"@type\":\"WebSite\",\"@id\":\"https:\\\/\\\/promoelectrofrance.com\\\/#website\",\"url\":\"https:\\\/\\\/promoelectrofrance.com\\\/\",\"name\":\"Promo Electro France\",\"description\":\"\",\"potentialAction\":[{\"@type\":\"SearchAction\",\"target\":{\"@type\":\"EntryPoint\",\"urlTemplate\":\"https:\\\/\\\/promoelectrofrance.com\\\/?s={search_term_string}\"},\"query-input\":{\"@type\":\"PropertyValueSpecification\",\"valueRequired\":true,\"valueName\":\"search_term_string\"}}],\"inLanguage\":\"fr-FR\"}]}<\/script>\n<!-- \/ Yoast SEO plugin. -->","yoast_head_json":{"title":"Batterie 48V 20Ah pour Kommoda 3.0 - Promo Electro France","robots":{"index":"index","follow":"follow","max-snippet":"max-snippet:-1","max-image-preview":"max-image-preview:large","max-video-preview":"max-video-preview:-1"},"canonical":"https:\/\/promoelectrofrance.com\/?product=batterie-48v-20ah-pour-kommoda-3-0","og_locale":"fr_FR","og_type":"article","og_title":"Batterie 48V 20Ah pour Kommoda 3.0 - Promo Electro France","og_description":"Une fois que vous recevez la batterie, la premi\u00e8re charge compl\u00e8te dure environ 5 \u00e0 7 heures.","og_url":"https:\/\/promoelectrofrance.com\/?product=batterie-48v-20ah-pour-kommoda-3-0","og_site_name":"Promo Electro France","article_modified_time":"2026-04-16T21:43:58+00:00","twitter_card":"summary_large_image","schema":{"@context":"https:\/\/schema.org","@graph":[{"@type":"WebPage","@id":"https:\/\/promoelectrofrance.com\/?product=batterie-48v-20ah-pour-kommoda-3-0","url":"https:\/\/promoelectrofrance.com\/?product=batterie-48v-20ah-pour-kommoda-3-0","name":"Batterie 48V 20Ah pour Kommoda 3.0 - Promo Electro France","isPartOf":{"@id":"https:\/\/promoelectrofrance.com\/#website"},"primaryImageOfPage":{"@id":"https:\/\/promoelectrofrance.com\/?product=batterie-48v-20ah-pour-kommoda-3-0#primaryimage"},"image":{"@id":"https:\/\/promoelectrofrance.com\/?product=batterie-48v-20ah-pour-kommoda-3-0#primaryimage"},"thumbnailUrl":"https:\/\/promoelectrofrance.com\/wp-content\/uploads\/2026\/04\/48V20AhBatteryforKommoda3.0-1.jpeg","datePublished":"2026-04-16T21:40:59+00:00","dateModified":"2026-04-16T21:43:58+00:00","breadcrumb":{"@id":"https:\/\/promoelectrofrance.com\/?product=batterie-48v-20ah-pour-kommoda-3-0#breadcrumb"},"inLanguage":"fr-FR","potentialAction":[{"@type":"ReadAction","target":["https:\/\/promoelectrofrance.com\/?product=batterie-48v-20ah-pour-kommoda-3-0"]}]},{"@type":"ImageObject","inLanguage":"fr-FR","@id":"https:\/\/promoelectrofrance.com\/?product=batterie-48v-20ah-pour-kommoda-3-0#primaryimage","url":"https:\/\/promoelectrofrance.com\/wp-content\/uploads\/2026\/04\/48V20AhBatteryforKommoda3.0-1.jpeg","contentUrl":"https:\/\/promoelectrofrance.com\/wp-content\/uploads\/2026\/04\/48V20AhBatteryforKommoda3.0-1.jpeg","width":1400,"height":933},{"@type":"BreadcrumbList","@id":"https:\/\/promoelectrofrance.com\/?product=batterie-48v-20ah-pour-kommoda-3-0#breadcrumb","itemListElement":[{"@type":"ListItem","position":1,"name":"Accueil","item":"https:\/\/promoelectrofrance.com\/"},{"@type":"ListItem","position":2,"name":"Boutique","item":"https:\/\/promoelectrofrance.com\/?page_id=8"},{"@type":"ListItem","position":3,"name":"Batterie 48V 20Ah pour Kommoda 3.0"}]},{"@type":"WebSite","@id":"https:\/\/promoelectrofrance.com\/#website","url":"https:\/\/promoelectrofrance.com\/","name":"Promo Electro France","description":"","potentialAction":[{"@type":"SearchAction","target":{"@type":"EntryPoint","urlTemplate":"https:\/\/promoelectrofrance.com\/?s={search_term_string}"},"query-input":{"@type":"PropertyValueSpecification","valueRequired":true,"valueName":"search_term_string"}}],"inLanguage":"fr-FR"}]}},"_links":{"self":[{"href":"https:\/\/promoelectrofrance.com\/index.php?rest_route=\/wp\/v2\/product\/21515","targetHints":{"allow":["GET"]}}],"collection":[{"href":"https:\/\/promoelectrofrance.com\/index.php?rest_route=\/wp\/v2\/product"}],"about":[{"href":"https:\/\/promoelectrofrance.com\/index.php?rest_route=\/wp\/v2\/types\/product"}],"replies":[{"embeddable":true,"href":"https:\/\/promoelectrofrance.com\/index.php?rest_route=%2Fwp%2Fv2%2Fcomments&post=21515"}],"version-history":[{"count":0,"href":"https:\/\/promoelectrofrance.com\/index.php?rest_route=\/wp\/v2\/product\/21515\/revisions"}],"wp:featuredmedia":[{"embeddable":true,"href":"https:\/\/promoelectrofrance.com\/index.php?rest_route=\/wp\/v2\/media\/21578"}],"wp:attachment":[{"href":"https:\/\/promoelectrofrance.com\/index.php?rest_route=%2Fwp%2Fv2%2Fmedia&parent=21515"}],"wp:term":[{"taxonomy":"product_brand","embeddable":true,"href":"https:\/\/promoelectrofrance.com\/index.php?rest_route=%2Fwp%2Fv2%2Fproduct_brand&post=21515"},{"taxonomy":"product_cat","embeddable":true,"href":"https:\/\/promoelectrofrance.com\/index.php?rest_route=%2Fwp%2Fv2%2Fproduct_cat&post=21515"},{"taxonomy":"product_tag","embeddable":true,"href":"https:\/\/promoelectrofrance.com\/index.php?rest_route=%2Fwp%2Fv2%2Fproduct_tag&post=21515"}],"curies":[{"name":"wp","href":"https:\/\/api.w.org\/{rel}","templated":true}]}}