{"id":21485,"date":"2026-04-16T23:39:24","date_gmt":"2026-04-16T21:39:24","guid":{"rendered":"https:\/\/promoelectrofrance.com\/?post_type=product&#038;p=21485"},"modified":"2026-04-16T23:43:58","modified_gmt":"2026-04-16T21:43:58","slug":"velo-electrique-assistance-rumble-2-0","status":"publish","type":"product","link":"https:\/\/promoelectrofrance.com\/?product=velo-electrique-assistance-rumble-2-0","title":{"rendered":"V\u00e9lo \u00e9lectrique assistance Rumble 2.0"},"content":{"rendered":"<table>\n<thead>\n<tr>\n<th><strong>Cat\u00e9gorie<\/strong><\/th>\n<th><strong>Caract\u00e9ristiques<\/strong><\/th>\n<\/tr>\n<\/thead>\n<tbody>\n<tr>\n<td><strong>Batterie<\/strong><\/td>\n<td><span dir=\"auto\" style=\"vertical-align: inherit;\"><span dir=\"auto\" style=\"vertical-align: inherit;\">48V 18Ah<\/span><\/span><\/td>\n<\/tr>\n<tr>\n<td><strong>Chargeur<\/strong><\/td>\n<td><span dir=\"auto\" style=\"vertical-align: inherit;\"><span dir=\"auto\" style=\"vertical-align: inherit;\">48 V 3,0 A<\/span><\/span><\/td>\n<\/tr>\n<tr>\n<td><strong>Temps de charge<\/strong><\/td>\n<td>6 \u00e0 7 heures<\/td>\n<\/tr>\n<tr>\n<td><strong>Dur\u00e9e de vie de la batterie<\/strong><\/td>\n<td><span dir=\"auto\" style=\"vertical-align: inherit;\"><span dir=\"auto\" style=\"vertical-align: inherit;\">800 cycles<\/span><\/span><\/td>\n<\/tr>\n<tr>\n<td><strong>Vitesse maximale<\/strong><\/td>\n<td>Jusqu\u2019\u00e0 25 km\/h (niveau 5 PAS)<\/td>\n<\/tr>\n<tr>\n<td><strong>Poids (avec batterie)<\/strong><\/td>\n<td><span dir=\"auto\" style=\"vertical-align: inherit;\"><span dir=\"auto\" style=\"vertical-align: inherit;\">31,9 kg<\/span><\/span><\/td>\n<\/tr>\n<tr>\n<td><strong>Autonomie<\/strong><\/td>\n<td>Jusqu\u2019\u00e0 94 km<\/td>\n<\/tr>\n<tr>\n<td><strong>Moteur<\/strong><\/td>\n<td>48V 250W 85 Nm, moteur moyeu arri\u00e8re sans balais<\/td>\n<\/tr>\n<tr>\n<td><strong>Capacit\u00e9 de charge<\/strong><\/td>\n<td><span dir=\"auto\" style=\"vertical-align: inherit;\"><span dir=\"auto\" style=\"vertical-align: inherit;\">150 kg<\/span><\/span><\/td>\n<\/tr>\n<tr>\n<td><strong><span dir=\"auto\" style=\"vertical-align: inherit;\"><span dir=\"auto\" style=\"vertical-align: inherit;\">Pneus<\/span><\/span><\/strong><\/td>\n<td>Chaoyang 20&#8243; x 4&#8243; larges anti-crevaison<\/td>\n<\/tr>\n<tr>\n<td><strong>\u00c9cran<\/strong><\/td>\n<td>LCD 3,5&#8243; couleur, ordinateur intelligent<\/td>\n<\/tr>\n<tr>\n<td><strong>Freins<\/strong><\/td>\n<td>Freins \u00e0 disque hydrauliques 180 mm (avant et arri\u00e8re)<\/td>\n<\/tr>\n<tr>\n<td><strong>Manivelles<\/strong><\/td>\n<td>170 mm, alliage forg\u00e9 52T, aluminium double face<\/td>\n<\/tr>\n<tr>\n<td><strong>Cha\u00eene<\/strong><\/td>\n<td>KMC en acier inoxydable<\/td>\n<\/tr>\n<tr>\n<td><strong><span dir=\"auto\" style=\"vertical-align: inherit;\"><span dir=\"auto\" style=\"vertical-align: inherit;\">Transmission<\/span><\/span><\/strong><\/td>\n<td>Shimano Tx50-R \/ M315, 7 vitesses<\/td>\n<\/tr>\n<tr>\n<td><strong>D\u00e9railleur<\/strong><\/td>\n<td><span dir=\"auto\" style=\"vertical-align: inherit;\"><span dir=\"auto\" style=\"vertical-align: inherit;\">Shimano Rd-TY300-D-Att, 7 vitesses<\/span><\/span><\/td>\n<\/tr>\n<tr>\n<td><strong>Suspension avant<\/strong><\/td>\n<td>Fourche \u00e0 suspension \u00e0 huile et ressort, r\u00e9glable<\/td>\n<\/tr>\n<tr>\n<td><strong>Cadre<\/strong><\/td>\n<td>Alliage d\u2019aluminium 6061 avec batterie interne<\/td>\n<\/tr>\n<tr>\n<td><strong>B\u00e9quille<\/strong><\/td>\n<td><span dir=\"auto\" style=\"vertical-align: inherit;\"><span dir=\"auto\" style=\"vertical-align: inherit;\">Aluminium 6061<\/span><\/span><\/td>\n<\/tr>\n<tr>\n<td><strong>Jantes<\/strong><\/td>\n<td>Alliage d\u2019aluminium<\/td>\n<\/tr>\n<tr>\n<td><strong><span dir=\"auto\" style=\"vertical-align: inherit;\"><span dir=\"auto\" style=\"vertical-align: inherit;\">Ce<\/span><\/span><\/strong><\/td>\n<td>Si\u00e8ge ergonomique respirant, coussin sportif<\/td>\n<\/tr>\n<tr>\n<td><strong><span dir=\"auto\" style=\"vertical-align: inherit;\"><span dir=\"auto\" style=\"vertical-align: inherit;\">Fermer la cellule.<\/span><\/span><\/strong><\/td>\n<td>31,9 mm, hauteur r\u00e9glable<\/td>\n<\/tr>\n<tr>\n<td><strong>Capteurs<\/strong><\/td>\n<td>Capteur de couple<\/td>\n<\/tr>\n<tr>\n<td><strong>Rayons<\/strong><\/td>\n<td>Acier inoxydable calibre 12<\/td>\n<\/tr>\n<tr>\n<td><strong>Garantie cadre<\/strong><\/td>\n<td>2 ans<\/td>\n<\/tr>\n<tr>\n<td><strong>Garantie pi\u00e8ces<\/strong><\/td>\n<td><span dir=\"auto\" style=\"vertical-align: inherit;\"><span dir=\"auto\" style=\"vertical-align: inherit;\">1 an<\/span><\/span><\/td>\n<\/tr>\n<tr>\n<td><strong><span dir=\"auto\" style=\"vertical-align: inherit;\"><span dir=\"auto\" style=\"vertical-align: inherit;\">Garantie de la batterie<\/span><\/span><\/strong><\/td>\n<td><span dir=\"auto\" style=\"vertical-align: inherit;\"><span dir=\"auto\" style=\"vertical-align: inherit;\">1 an<\/span><\/span><\/td>\n<\/tr>\n<tr>\n<td><strong>Accessoires inclus<\/strong><\/td>\n<td>Batterie, chargeur, pompe \u00e0 air, kit d\u2019outils d\u2019assemblage<\/td>\n<\/tr>\n<\/tbody>\n<\/table>\n<p>&nbsp;<\/p>\n<p><img fetchpriority=\"high\" class=\"alignnone size-medium wp-image-10963 lws-optimize-lazyload\"  alt=\"\" width=\"300\" height=\"200\" \/ data-src=\"https:\/\/best-electro-tech.com\/wp-content\/uploads\/2025\/09\/rumble2.0-size-300x200.jpeg\"><\/p>\n","protected":false},"excerpt":{"rendered":"<ul>\n<li><strong>Autonomie jusqu\u2019\u00e0 94 km<\/strong><\/li>\n<li><strong>Moteur 250 W \u2013 85 Nm couple<\/strong><\/li>\n<li><strong>Freins hydrauliques 180 mm<\/strong><\/li>\n<li><strong>Capteur de couple pr\u00e9cis<\/strong><\/li>\n<\/ul>\n","protected":false},"featured_media":21561,"comment_status":"open","ping_status":"closed","template":"","meta":[],"product_brand":[206],"product_cat":[198,204],"product_tag":[],"class_list":{"0":"post-21485","1":"product","2":"type-product","3":"status-publish","4":"has-post-thumbnail","6":"product_brand-cyrusher","7":"product_cat-velos-electriques","8":"product_cat-vtt-electrique","11":"first","12":"instock","13":"sale","14":"shipping-taxable","15":"purchasable","16":"product-type-variable"},"yoast_head":"<!-- This site is optimized with the Yoast SEO plugin v27.3 - https:\/\/yoast.com\/product\/yoast-seo-wordpress\/ -->\n<title>V\u00e9lo \u00e9lectrique assistance Rumble 2.0 - Promo Electro France<\/title>\n<meta name=\"robots\" content=\"index, follow, max-snippet:-1, max-image-preview:large, max-video-preview:-1\" \/>\n<link rel=\"canonical\" href=\"https:\/\/promoelectrofrance.com\/?product=velo-electrique-assistance-rumble-2-0\" \/>\n<meta property=\"og:locale\" content=\"fr_FR\" \/>\n<meta property=\"og:type\" content=\"article\" \/>\n<meta property=\"og:title\" content=\"V\u00e9lo \u00e9lectrique assistance Rumble 2.0 - Promo Electro France\" \/>\n<meta property=\"og:description\" content=\"Autonomie jusqu\u2019\u00e0 94 km  Moteur 250 W \u2013 85 Nm couple  Freins hydrauliques 180 mm  Capteur de couple pr\u00e9cis\" \/>\n<meta property=\"og:url\" content=\"https:\/\/promoelectrofrance.com\/?product=velo-electrique-assistance-rumble-2-0\" \/>\n<meta property=\"og:site_name\" content=\"Promo Electro France\" \/>\n<meta property=\"article:modified_time\" content=\"2026-04-16T21:43:58+00:00\" \/>\n<meta name=\"twitter:card\" content=\"summary_large_image\" \/>\n<meta name=\"twitter:label1\" content=\"Dur\u00e9e de lecture estim\u00e9e\" \/>\n\t<meta name=\"twitter:data1\" content=\"1 minute\" \/>\n<script type=\"application\/ld+json\" class=\"yoast-schema-graph\">{\"@context\":\"https:\\\/\\\/schema.org\",\"@graph\":[{\"@type\":\"WebPage\",\"@id\":\"https:\\\/\\\/promoelectrofrance.com\\\/?product=velo-electrique-assistance-rumble-2-0\",\"url\":\"https:\\\/\\\/promoelectrofrance.com\\\/?product=velo-electrique-assistance-rumble-2-0\",\"name\":\"V\u00e9lo \u00e9lectrique assistance Rumble 2.0 - Promo Electro France\",\"isPartOf\":{\"@id\":\"https:\\\/\\\/promoelectrofrance.com\\\/#website\"},\"primaryImageOfPage\":{\"@id\":\"https:\\\/\\\/promoelectrofrance.com\\\/?product=velo-electrique-assistance-rumble-2-0#primaryimage\"},\"image\":{\"@id\":\"https:\\\/\\\/promoelectrofrance.com\\\/?product=velo-electrique-assistance-rumble-2-0#primaryimage\"},\"thumbnailUrl\":\"https:\\\/\\\/promoelectrofrance.com\\\/wp-content\\\/uploads\\\/2026\\\/04\\\/CyrusherRumble2.0E-Bike-Blue-1-1.jpeg\",\"datePublished\":\"2026-04-16T21:39:24+00:00\",\"dateModified\":\"2026-04-16T21:43:58+00:00\",\"breadcrumb\":{\"@id\":\"https:\\\/\\\/promoelectrofrance.com\\\/?product=velo-electrique-assistance-rumble-2-0#breadcrumb\"},\"inLanguage\":\"fr-FR\",\"potentialAction\":[{\"@type\":\"ReadAction\",\"target\":[\"https:\\\/\\\/promoelectrofrance.com\\\/?product=velo-electrique-assistance-rumble-2-0\"]}]},{\"@type\":\"ImageObject\",\"inLanguage\":\"fr-FR\",\"@id\":\"https:\\\/\\\/promoelectrofrance.com\\\/?product=velo-electrique-assistance-rumble-2-0#primaryimage\",\"url\":\"https:\\\/\\\/promoelectrofrance.com\\\/wp-content\\\/uploads\\\/2026\\\/04\\\/CyrusherRumble2.0E-Bike-Blue-1-1.jpeg\",\"contentUrl\":\"https:\\\/\\\/promoelectrofrance.com\\\/wp-content\\\/uploads\\\/2026\\\/04\\\/CyrusherRumble2.0E-Bike-Blue-1-1.jpeg\",\"width\":1400,\"height\":933},{\"@type\":\"BreadcrumbList\",\"@id\":\"https:\\\/\\\/promoelectrofrance.com\\\/?product=velo-electrique-assistance-rumble-2-0#breadcrumb\",\"itemListElement\":[{\"@type\":\"ListItem\",\"position\":1,\"name\":\"Accueil\",\"item\":\"https:\\\/\\\/promoelectrofrance.com\\\/\"},{\"@type\":\"ListItem\",\"position\":2,\"name\":\"Boutique\",\"item\":\"https:\\\/\\\/promoelectrofrance.com\\\/?page_id=8\"},{\"@type\":\"ListItem\",\"position\":3,\"name\":\"V\u00e9lo \u00e9lectrique assistance Rumble 2.0\"}]},{\"@type\":\"WebSite\",\"@id\":\"https:\\\/\\\/promoelectrofrance.com\\\/#website\",\"url\":\"https:\\\/\\\/promoelectrofrance.com\\\/\",\"name\":\"Promo Electro France\",\"description\":\"\",\"potentialAction\":[{\"@type\":\"SearchAction\",\"target\":{\"@type\":\"EntryPoint\",\"urlTemplate\":\"https:\\\/\\\/promoelectrofrance.com\\\/?s={search_term_string}\"},\"query-input\":{\"@type\":\"PropertyValueSpecification\",\"valueRequired\":true,\"valueName\":\"search_term_string\"}}],\"inLanguage\":\"fr-FR\"}]}<\/script>\n<!-- \/ Yoast SEO plugin. -->","yoast_head_json":{"title":"V\u00e9lo \u00e9lectrique assistance Rumble 2.0 - Promo Electro France","robots":{"index":"index","follow":"follow","max-snippet":"max-snippet:-1","max-image-preview":"max-image-preview:large","max-video-preview":"max-video-preview:-1"},"canonical":"https:\/\/promoelectrofrance.com\/?product=velo-electrique-assistance-rumble-2-0","og_locale":"fr_FR","og_type":"article","og_title":"V\u00e9lo \u00e9lectrique assistance Rumble 2.0 - Promo Electro France","og_description":"Autonomie jusqu\u2019\u00e0 94 km  Moteur 250 W \u2013 85 Nm couple  Freins hydrauliques 180 mm  Capteur de couple pr\u00e9cis","og_url":"https:\/\/promoelectrofrance.com\/?product=velo-electrique-assistance-rumble-2-0","og_site_name":"Promo Electro France","article_modified_time":"2026-04-16T21:43:58+00:00","twitter_card":"summary_large_image","twitter_misc":{"Dur\u00e9e de lecture estim\u00e9e":"1 minute"},"schema":{"@context":"https:\/\/schema.org","@graph":[{"@type":"WebPage","@id":"https:\/\/promoelectrofrance.com\/?product=velo-electrique-assistance-rumble-2-0","url":"https:\/\/promoelectrofrance.com\/?product=velo-electrique-assistance-rumble-2-0","name":"V\u00e9lo \u00e9lectrique assistance Rumble 2.0 - Promo Electro France","isPartOf":{"@id":"https:\/\/promoelectrofrance.com\/#website"},"primaryImageOfPage":{"@id":"https:\/\/promoelectrofrance.com\/?product=velo-electrique-assistance-rumble-2-0#primaryimage"},"image":{"@id":"https:\/\/promoelectrofrance.com\/?product=velo-electrique-assistance-rumble-2-0#primaryimage"},"thumbnailUrl":"https:\/\/promoelectrofrance.com\/wp-content\/uploads\/2026\/04\/CyrusherRumble2.0E-Bike-Blue-1-1.jpeg","datePublished":"2026-04-16T21:39:24+00:00","dateModified":"2026-04-16T21:43:58+00:00","breadcrumb":{"@id":"https:\/\/promoelectrofrance.com\/?product=velo-electrique-assistance-rumble-2-0#breadcrumb"},"inLanguage":"fr-FR","potentialAction":[{"@type":"ReadAction","target":["https:\/\/promoelectrofrance.com\/?product=velo-electrique-assistance-rumble-2-0"]}]},{"@type":"ImageObject","inLanguage":"fr-FR","@id":"https:\/\/promoelectrofrance.com\/?product=velo-electrique-assistance-rumble-2-0#primaryimage","url":"https:\/\/promoelectrofrance.com\/wp-content\/uploads\/2026\/04\/CyrusherRumble2.0E-Bike-Blue-1-1.jpeg","contentUrl":"https:\/\/promoelectrofrance.com\/wp-content\/uploads\/2026\/04\/CyrusherRumble2.0E-Bike-Blue-1-1.jpeg","width":1400,"height":933},{"@type":"BreadcrumbList","@id":"https:\/\/promoelectrofrance.com\/?product=velo-electrique-assistance-rumble-2-0#breadcrumb","itemListElement":[{"@type":"ListItem","position":1,"name":"Accueil","item":"https:\/\/promoelectrofrance.com\/"},{"@type":"ListItem","position":2,"name":"Boutique","item":"https:\/\/promoelectrofrance.com\/?page_id=8"},{"@type":"ListItem","position":3,"name":"V\u00e9lo \u00e9lectrique assistance Rumble 2.0"}]},{"@type":"WebSite","@id":"https:\/\/promoelectrofrance.com\/#website","url":"https:\/\/promoelectrofrance.com\/","name":"Promo Electro France","description":"","potentialAction":[{"@type":"SearchAction","target":{"@type":"EntryPoint","urlTemplate":"https:\/\/promoelectrofrance.com\/?s={search_term_string}"},"query-input":{"@type":"PropertyValueSpecification","valueRequired":true,"valueName":"search_term_string"}}],"inLanguage":"fr-FR"}]}},"_links":{"self":[{"href":"https:\/\/promoelectrofrance.com\/index.php?rest_route=\/wp\/v2\/product\/21485","targetHints":{"allow":["GET"]}}],"collection":[{"href":"https:\/\/promoelectrofrance.com\/index.php?rest_route=\/wp\/v2\/product"}],"about":[{"href":"https:\/\/promoelectrofrance.com\/index.php?rest_route=\/wp\/v2\/types\/product"}],"replies":[{"embeddable":true,"href":"https:\/\/promoelectrofrance.com\/index.php?rest_route=%2Fwp%2Fv2%2Fcomments&post=21485"}],"version-history":[{"count":0,"href":"https:\/\/promoelectrofrance.com\/index.php?rest_route=\/wp\/v2\/product\/21485\/revisions"}],"wp:featuredmedia":[{"embeddable":true,"href":"https:\/\/promoelectrofrance.com\/index.php?rest_route=\/wp\/v2\/media\/21561"}],"wp:attachment":[{"href":"https:\/\/promoelectrofrance.com\/index.php?rest_route=%2Fwp%2Fv2%2Fmedia&parent=21485"}],"wp:term":[{"taxonomy":"product_brand","embeddable":true,"href":"https:\/\/promoelectrofrance.com\/index.php?rest_route=%2Fwp%2Fv2%2Fproduct_brand&post=21485"},{"taxonomy":"product_cat","embeddable":true,"href":"https:\/\/promoelectrofrance.com\/index.php?rest_route=%2Fwp%2Fv2%2Fproduct_cat&post=21485"},{"taxonomy":"product_tag","embeddable":true,"href":"https:\/\/promoelectrofrance.com\/index.php?rest_route=%2Fwp%2Fv2%2Fproduct_tag&post=21485"}],"curies":[{"name":"wp","href":"https:\/\/api.w.org\/{rel}","templated":true}]}}