{"id":21402,"date":"2026-04-16T23:37:15","date_gmt":"2026-04-16T21:37:15","guid":{"rendered":"https:\/\/promoelectrofrance.com\/?post_type=product&#038;p=21402"},"modified":"2026-04-16T23:39:55","modified_gmt":"2026-04-16T21:39:55","slug":"batterie-au-lithium-48v-20ah-vakole-co20-max","status":"publish","type":"product","link":"https:\/\/promoelectrofrance.com\/?product=batterie-au-lithium-48v-20ah-vakole-co20-max","title":{"rendered":"Batterie au lithium 48V 20Ah\/ Vakole CO20 MAX"},"content":{"rendered":"<h2 style=\"text-align: center;\"><strong>Caract\u00e9ristiques\/ Batterie au lithium 48V 20Ah\/ Vakole CO20 MAX<\/strong><\/h2>\n<div class=\"table-wrapper\">\n<table border=\"1\" width=\"100%\">\n<tbody>\n<tr>\n<td>mod\u00e8le<\/td>\n<td>Pour VAKOLE CO20 MAX<\/td>\n<\/tr>\n<tr>\n<td>Voltage de batterie<\/td>\n<td>48V<\/td>\n<\/tr>\n<tr>\n<td>Batterie<\/td>\n<td><strong>Batterie Samsung 20Ah<\/strong><\/td>\n<\/tr>\n<tr>\n<td>Kilom\u00e9trage<\/td>\n<td>80 -120 KM par assistance<\/p>\n<p>60 &#8211; 80 KM en pur \u00e9lectrique<\/td>\n<\/tr>\n<tr>\n<td>Temps de charge<\/td>\n<td>Environ 5H<\/td>\n<\/tr>\n<tr>\n<td>Poids du produit<\/td>\n<td>4,6 kg<\/td>\n<\/tr>\n<tr>\n<td>Poids du paquet<\/td>\n<td>4,9 kg<\/td>\n<\/tr>\n<\/tbody>\n<\/table>\n<\/div>\n<p>&nbsp;<\/p>\n<p><img fetchpriority=\"high\" class=\"alignnone size-medium wp-image-10845 lws-optimize-lazyload\"  alt=\"\" width=\"300\" height=\"300\" \/ data-src=\"https:\/\/best-electro-tech.com\/wp-content\/uploads\/2025\/09\/48v-20ah-samsung-21700-lithium-battery-for-vakole-co20-max-electric-bike-1-300x300.jpg\"><\/p>\n","protected":false},"excerpt":{"rendered":"<ul>\n<li><strong>Autonomie : 80-120 km avec assistance, 60-80 km en pur \u00e9lectrique<\/strong><\/li>\n<li><strong>Conception \u00e9tanche<\/strong><\/li>\n<li><strong>Longue dur\u00e9e de vie<\/strong><\/li>\n<li><strong>Taille compacte<\/strong><\/li>\n<li><strong>L\u00e9ger<\/strong><\/li>\n<\/ul>\n","protected":false},"featured_media":21495,"comment_status":"open","ping_status":"closed","template":"","meta":[],"product_brand":[203],"product_cat":[201],"product_tag":[],"class_list":{"0":"post-21402","1":"product","2":"type-product","3":"status-publish","4":"has-post-thumbnail","6":"product_brand-vakole","7":"product_cat-batteries","10":"first","11":"instock","12":"sale","13":"shipping-taxable","14":"purchasable","15":"product-type-simple"},"yoast_head":"<!-- This site is optimized with the Yoast SEO plugin v27.3 - https:\/\/yoast.com\/product\/yoast-seo-wordpress\/ -->\n<title>Batterie au lithium 48V 20Ah\/ Vakole CO20 MAX - Promo Electro France<\/title>\n<meta name=\"robots\" content=\"index, follow, max-snippet:-1, max-image-preview:large, max-video-preview:-1\" \/>\n<link rel=\"canonical\" href=\"https:\/\/promoelectrofrance.com\/?product=batterie-au-lithium-48v-20ah-vakole-co20-max\" \/>\n<meta property=\"og:locale\" content=\"fr_FR\" \/>\n<meta property=\"og:type\" content=\"article\" \/>\n<meta property=\"og:title\" content=\"Batterie au lithium 48V 20Ah\/ Vakole CO20 MAX - Promo Electro France\" \/>\n<meta property=\"og:description\" content=\"Autonomie : 80-120 km avec assistance, 60-80 km en pur \u00e9lectrique  Conception \u00e9tanche  Longue dur\u00e9e de vie  Taille compacte  L\u00e9ger\" \/>\n<meta property=\"og:url\" content=\"https:\/\/promoelectrofrance.com\/?product=batterie-au-lithium-48v-20ah-vakole-co20-max\" \/>\n<meta property=\"og:site_name\" content=\"Promo Electro France\" \/>\n<meta property=\"article:modified_time\" content=\"2026-04-16T21:39:55+00:00\" \/>\n<meta name=\"twitter:card\" content=\"summary_large_image\" \/>\n<script type=\"application\/ld+json\" class=\"yoast-schema-graph\">{\"@context\":\"https:\\\/\\\/schema.org\",\"@graph\":[{\"@type\":\"WebPage\",\"@id\":\"https:\\\/\\\/promoelectrofrance.com\\\/?product=batterie-au-lithium-48v-20ah-vakole-co20-max\",\"url\":\"https:\\\/\\\/promoelectrofrance.com\\\/?product=batterie-au-lithium-48v-20ah-vakole-co20-max\",\"name\":\"Batterie au lithium 48V 20Ah\\\/ Vakole CO20 MAX - Promo Electro France\",\"isPartOf\":{\"@id\":\"https:\\\/\\\/promoelectrofrance.com\\\/#website\"},\"primaryImageOfPage\":{\"@id\":\"https:\\\/\\\/promoelectrofrance.com\\\/?product=batterie-au-lithium-48v-20ah-vakole-co20-max#primaryimage\"},\"image\":{\"@id\":\"https:\\\/\\\/promoelectrofrance.com\\\/?product=batterie-au-lithium-48v-20ah-vakole-co20-max#primaryimage\"},\"thumbnailUrl\":\"https:\\\/\\\/promoelectrofrance.com\\\/wp-content\\\/uploads\\\/2026\\\/04\\\/48v-20ah-samsung-21700-lithium-battery-for-vakole-co20-max-electric-bike-1-1.jpg\",\"datePublished\":\"2026-04-16T21:37:15+00:00\",\"dateModified\":\"2026-04-16T21:39:55+00:00\",\"breadcrumb\":{\"@id\":\"https:\\\/\\\/promoelectrofrance.com\\\/?product=batterie-au-lithium-48v-20ah-vakole-co20-max#breadcrumb\"},\"inLanguage\":\"fr-FR\",\"potentialAction\":[{\"@type\":\"ReadAction\",\"target\":[\"https:\\\/\\\/promoelectrofrance.com\\\/?product=batterie-au-lithium-48v-20ah-vakole-co20-max\"]}]},{\"@type\":\"ImageObject\",\"inLanguage\":\"fr-FR\",\"@id\":\"https:\\\/\\\/promoelectrofrance.com\\\/?product=batterie-au-lithium-48v-20ah-vakole-co20-max#primaryimage\",\"url\":\"https:\\\/\\\/promoelectrofrance.com\\\/wp-content\\\/uploads\\\/2026\\\/04\\\/48v-20ah-samsung-21700-lithium-battery-for-vakole-co20-max-electric-bike-1-1.jpg\",\"contentUrl\":\"https:\\\/\\\/promoelectrofrance.com\\\/wp-content\\\/uploads\\\/2026\\\/04\\\/48v-20ah-samsung-21700-lithium-battery-for-vakole-co20-max-electric-bike-1-1.jpg\",\"width\":1000,\"height\":1000},{\"@type\":\"BreadcrumbList\",\"@id\":\"https:\\\/\\\/promoelectrofrance.com\\\/?product=batterie-au-lithium-48v-20ah-vakole-co20-max#breadcrumb\",\"itemListElement\":[{\"@type\":\"ListItem\",\"position\":1,\"name\":\"Accueil\",\"item\":\"https:\\\/\\\/promoelectrofrance.com\\\/\"},{\"@type\":\"ListItem\",\"position\":2,\"name\":\"Boutique\",\"item\":\"https:\\\/\\\/promoelectrofrance.com\\\/?page_id=8\"},{\"@type\":\"ListItem\",\"position\":3,\"name\":\"Batterie au lithium 48V 20Ah\\\/ Vakole CO20 MAX\"}]},{\"@type\":\"WebSite\",\"@id\":\"https:\\\/\\\/promoelectrofrance.com\\\/#website\",\"url\":\"https:\\\/\\\/promoelectrofrance.com\\\/\",\"name\":\"Promo Electro France\",\"description\":\"\",\"potentialAction\":[{\"@type\":\"SearchAction\",\"target\":{\"@type\":\"EntryPoint\",\"urlTemplate\":\"https:\\\/\\\/promoelectrofrance.com\\\/?s={search_term_string}\"},\"query-input\":{\"@type\":\"PropertyValueSpecification\",\"valueRequired\":true,\"valueName\":\"search_term_string\"}}],\"inLanguage\":\"fr-FR\"}]}<\/script>\n<!-- \/ Yoast SEO plugin. -->","yoast_head_json":{"title":"Batterie au lithium 48V 20Ah\/ Vakole CO20 MAX - Promo Electro France","robots":{"index":"index","follow":"follow","max-snippet":"max-snippet:-1","max-image-preview":"max-image-preview:large","max-video-preview":"max-video-preview:-1"},"canonical":"https:\/\/promoelectrofrance.com\/?product=batterie-au-lithium-48v-20ah-vakole-co20-max","og_locale":"fr_FR","og_type":"article","og_title":"Batterie au lithium 48V 20Ah\/ Vakole CO20 MAX - Promo Electro France","og_description":"Autonomie : 80-120 km avec assistance, 60-80 km en pur \u00e9lectrique  Conception \u00e9tanche  Longue dur\u00e9e de vie  Taille compacte  L\u00e9ger","og_url":"https:\/\/promoelectrofrance.com\/?product=batterie-au-lithium-48v-20ah-vakole-co20-max","og_site_name":"Promo Electro France","article_modified_time":"2026-04-16T21:39:55+00:00","twitter_card":"summary_large_image","schema":{"@context":"https:\/\/schema.org","@graph":[{"@type":"WebPage","@id":"https:\/\/promoelectrofrance.com\/?product=batterie-au-lithium-48v-20ah-vakole-co20-max","url":"https:\/\/promoelectrofrance.com\/?product=batterie-au-lithium-48v-20ah-vakole-co20-max","name":"Batterie au lithium 48V 20Ah\/ Vakole CO20 MAX - Promo Electro France","isPartOf":{"@id":"https:\/\/promoelectrofrance.com\/#website"},"primaryImageOfPage":{"@id":"https:\/\/promoelectrofrance.com\/?product=batterie-au-lithium-48v-20ah-vakole-co20-max#primaryimage"},"image":{"@id":"https:\/\/promoelectrofrance.com\/?product=batterie-au-lithium-48v-20ah-vakole-co20-max#primaryimage"},"thumbnailUrl":"https:\/\/promoelectrofrance.com\/wp-content\/uploads\/2026\/04\/48v-20ah-samsung-21700-lithium-battery-for-vakole-co20-max-electric-bike-1-1.jpg","datePublished":"2026-04-16T21:37:15+00:00","dateModified":"2026-04-16T21:39:55+00:00","breadcrumb":{"@id":"https:\/\/promoelectrofrance.com\/?product=batterie-au-lithium-48v-20ah-vakole-co20-max#breadcrumb"},"inLanguage":"fr-FR","potentialAction":[{"@type":"ReadAction","target":["https:\/\/promoelectrofrance.com\/?product=batterie-au-lithium-48v-20ah-vakole-co20-max"]}]},{"@type":"ImageObject","inLanguage":"fr-FR","@id":"https:\/\/promoelectrofrance.com\/?product=batterie-au-lithium-48v-20ah-vakole-co20-max#primaryimage","url":"https:\/\/promoelectrofrance.com\/wp-content\/uploads\/2026\/04\/48v-20ah-samsung-21700-lithium-battery-for-vakole-co20-max-electric-bike-1-1.jpg","contentUrl":"https:\/\/promoelectrofrance.com\/wp-content\/uploads\/2026\/04\/48v-20ah-samsung-21700-lithium-battery-for-vakole-co20-max-electric-bike-1-1.jpg","width":1000,"height":1000},{"@type":"BreadcrumbList","@id":"https:\/\/promoelectrofrance.com\/?product=batterie-au-lithium-48v-20ah-vakole-co20-max#breadcrumb","itemListElement":[{"@type":"ListItem","position":1,"name":"Accueil","item":"https:\/\/promoelectrofrance.com\/"},{"@type":"ListItem","position":2,"name":"Boutique","item":"https:\/\/promoelectrofrance.com\/?page_id=8"},{"@type":"ListItem","position":3,"name":"Batterie au lithium 48V 20Ah\/ Vakole CO20 MAX"}]},{"@type":"WebSite","@id":"https:\/\/promoelectrofrance.com\/#website","url":"https:\/\/promoelectrofrance.com\/","name":"Promo Electro France","description":"","potentialAction":[{"@type":"SearchAction","target":{"@type":"EntryPoint","urlTemplate":"https:\/\/promoelectrofrance.com\/?s={search_term_string}"},"query-input":{"@type":"PropertyValueSpecification","valueRequired":true,"valueName":"search_term_string"}}],"inLanguage":"fr-FR"}]}},"_links":{"self":[{"href":"https:\/\/promoelectrofrance.com\/index.php?rest_route=\/wp\/v2\/product\/21402","targetHints":{"allow":["GET"]}}],"collection":[{"href":"https:\/\/promoelectrofrance.com\/index.php?rest_route=\/wp\/v2\/product"}],"about":[{"href":"https:\/\/promoelectrofrance.com\/index.php?rest_route=\/wp\/v2\/types\/product"}],"replies":[{"embeddable":true,"href":"https:\/\/promoelectrofrance.com\/index.php?rest_route=%2Fwp%2Fv2%2Fcomments&post=21402"}],"version-history":[{"count":0,"href":"https:\/\/promoelectrofrance.com\/index.php?rest_route=\/wp\/v2\/product\/21402\/revisions"}],"wp:featuredmedia":[{"embeddable":true,"href":"https:\/\/promoelectrofrance.com\/index.php?rest_route=\/wp\/v2\/media\/21495"}],"wp:attachment":[{"href":"https:\/\/promoelectrofrance.com\/index.php?rest_route=%2Fwp%2Fv2%2Fmedia&parent=21402"}],"wp:term":[{"taxonomy":"product_brand","embeddable":true,"href":"https:\/\/promoelectrofrance.com\/index.php?rest_route=%2Fwp%2Fv2%2Fproduct_brand&post=21402"},{"taxonomy":"product_cat","embeddable":true,"href":"https:\/\/promoelectrofrance.com\/index.php?rest_route=%2Fwp%2Fv2%2Fproduct_cat&post=21402"},{"taxonomy":"product_tag","embeddable":true,"href":"https:\/\/promoelectrofrance.com\/index.php?rest_route=%2Fwp%2Fv2%2Fproduct_tag&post=21402"}],"curies":[{"name":"wp","href":"https:\/\/api.w.org\/{rel}","templated":true}]}}