{"id":21393,"date":"2026-04-16T23:37:11","date_gmt":"2026-04-16T21:37:11","guid":{"rendered":"https:\/\/promoelectrofrance.com\/?post_type=product&#038;p=21393"},"modified":"2026-04-16T23:38:25","modified_gmt":"2026-04-16T21:38:25","slug":"console-microsoft-xbox-series-s-blanc","status":"publish","type":"product","link":"https:\/\/promoelectrofrance.com\/?product=console-microsoft-xbox-series-s-blanc","title":{"rendered":"Console Microsoft Xbox Series S Blanc"},"content":{"rendered":"<h3>Console Microsoft Xbox Series S Blanc<\/h3>\n<table>\n<thead>\n<tr>\n<th><strong>Caract\u00e9ristiques<\/strong><\/th>\n<th><strong>D\u00e9tails<\/strong><\/th>\n<\/tr>\n<\/thead>\n<tbody>\n<tr>\n<td><strong>Plateforme<\/strong><\/td>\n<td>Xbox Series X\/S (Xbox Series S)<\/td>\n<\/tr>\n<tr>\n<td><strong>Capacit\u00e9 de stockage<\/strong><\/td>\n<td>512 Go (SSD NVMe)<\/td>\n<\/tr>\n<tr>\n<td><strong>Coloris<\/strong><\/td>\n<td>Blanc<\/td>\n<\/tr>\n<tr>\n<td><strong>Couleur<\/strong><\/td>\n<td>Blanc<\/td>\n<\/tr>\n<tr>\n<td><strong>Communications sans fil<\/strong><\/td>\n<td>Wi-Fi<\/td>\n<\/tr>\n<tr>\n<td><strong>Dimensions<\/strong><\/td>\n<td>360 x 290 x 125 mm<\/td>\n<\/tr>\n<tr>\n<td><strong>Poids<\/strong><\/td>\n<td>1,9 kg<\/td>\n<\/tr>\n<tr>\n<td><strong>Caract\u00e9ristiques compl\u00e9mentaires<\/strong><\/td>\n<td>All Digital \u2022 4 TFLOPS \u2022 Jusqu\u2019\u00e0 120 FPS \u2022 Jeux en 1440p + 4K upscal\u00e9e \u2022 CPU 8-Core AMD Zen 2 (3,6 GHz) \u2022 GPU AMD \u2022 RAM 10 Go<\/td>\n<\/tr>\n<tr>\n<td><strong>Choix durable<\/strong><\/td>\n<td>Non<\/td>\n<\/tr>\n<tr>\n<td><strong>Captation d&#8217;identifiant<\/strong><\/td>\n<td>Captation N\u00b0 de s\u00e9rie SE<\/td>\n<\/tr>\n<tr>\n<td><\/td>\n<td><\/td>\n<\/tr>\n<tr>\n<td><strong>EAN<\/strong><\/td>\n<td>0889842651393<\/td>\n<\/tr>\n<\/tbody>\n<\/table>\n<p>&nbsp;<\/p>\n<p><img fetchpriority=\"high\" class=\"alignnone size-medium wp-image-12671 lws-optimize-lazyload\"  alt=\"\" width=\"300\" height=\"300\" \/ data-src=\"https:\/\/best-electro-tech.com\/wp-content\/uploads\/2025\/09\/Console-Microsoft-Xbox-Series-S-Blanc-600x600-1-300x300.jpg\"><\/p>\n","protected":false},"excerpt":{"rendered":"<ul>\n<li><strong>Jeux jusqu\u2019\u00e0 120 FPS<\/strong><\/li>\n<li data-start=\"110\" data-end=\"135\"><strong data-start=\"110\" data-end=\"133\">1440p + 4K upscal\u00e9e<\/strong><\/li>\n<li data-start=\"139\" data-end=\"169\"><strong data-start=\"139\" data-end=\"167\">SSD NVMe rapide (512 Go)<\/strong><\/li>\n<li data-start=\"173\" data-end=\"201\" data-is-last-node=\"\"><strong data-start=\"173\" data-end=\"199\">Format compact &amp; l\u00e9ger<\/strong><\/li>\n<\/ul>\n","protected":false},"featured_media":21459,"comment_status":"open","ping_status":"closed","template":"","meta":[],"product_brand":[],"product_cat":[194,193,197],"product_tag":[],"class_list":{"0":"post-21393","1":"product","2":"type-product","3":"status-publish","4":"has-post-thumbnail","6":"product_cat-consoles","7":"product_cat-jeux","8":"product_cat-xbox-consoles","11":"first","12":"instock","13":"sale","14":"shipping-taxable","15":"purchasable","16":"product-type-simple"},"yoast_head":"<!-- This site is optimized with the Yoast SEO plugin v27.3 - https:\/\/yoast.com\/product\/yoast-seo-wordpress\/ -->\n<title>Console Microsoft Xbox Series S Blanc - Promo Electro France<\/title>\n<meta name=\"robots\" content=\"index, follow, max-snippet:-1, max-image-preview:large, max-video-preview:-1\" \/>\n<link rel=\"canonical\" href=\"https:\/\/promoelectrofrance.com\/?product=console-microsoft-xbox-series-s-blanc\" \/>\n<meta property=\"og:locale\" content=\"fr_FR\" \/>\n<meta property=\"og:type\" content=\"article\" \/>\n<meta property=\"og:title\" content=\"Console Microsoft Xbox Series S Blanc - Promo Electro France\" \/>\n<meta property=\"og:description\" content=\"Jeux jusqu\u2019\u00e0 120 FPS  1440p + 4K upscal\u00e9e  SSD NVMe rapide (512 Go)  Format compact &amp; l\u00e9ger\" \/>\n<meta property=\"og:url\" content=\"https:\/\/promoelectrofrance.com\/?product=console-microsoft-xbox-series-s-blanc\" \/>\n<meta property=\"og:site_name\" content=\"Promo Electro France\" \/>\n<meta property=\"article:modified_time\" content=\"2026-04-16T21:38:25+00:00\" \/>\n<meta name=\"twitter:card\" content=\"summary_large_image\" \/>\n<script type=\"application\/ld+json\" class=\"yoast-schema-graph\">{\"@context\":\"https:\\\/\\\/schema.org\",\"@graph\":[{\"@type\":\"WebPage\",\"@id\":\"https:\\\/\\\/promoelectrofrance.com\\\/?product=console-microsoft-xbox-series-s-blanc\",\"url\":\"https:\\\/\\\/promoelectrofrance.com\\\/?product=console-microsoft-xbox-series-s-blanc\",\"name\":\"Console Microsoft Xbox Series S Blanc - Promo Electro France\",\"isPartOf\":{\"@id\":\"https:\\\/\\\/promoelectrofrance.com\\\/#website\"},\"primaryImageOfPage\":{\"@id\":\"https:\\\/\\\/promoelectrofrance.com\\\/?product=console-microsoft-xbox-series-s-blanc#primaryimage\"},\"image\":{\"@id\":\"https:\\\/\\\/promoelectrofrance.com\\\/?product=console-microsoft-xbox-series-s-blanc#primaryimage\"},\"thumbnailUrl\":\"https:\\\/\\\/promoelectrofrance.com\\\/wp-content\\\/uploads\\\/2026\\\/04\\\/Console-Microsoft-Xbox-Series-S-Blanc-6.jpg\",\"datePublished\":\"2026-04-16T21:37:11+00:00\",\"dateModified\":\"2026-04-16T21:38:25+00:00\",\"breadcrumb\":{\"@id\":\"https:\\\/\\\/promoelectrofrance.com\\\/?product=console-microsoft-xbox-series-s-blanc#breadcrumb\"},\"inLanguage\":\"fr-FR\",\"potentialAction\":[{\"@type\":\"ReadAction\",\"target\":[\"https:\\\/\\\/promoelectrofrance.com\\\/?product=console-microsoft-xbox-series-s-blanc\"]}]},{\"@type\":\"ImageObject\",\"inLanguage\":\"fr-FR\",\"@id\":\"https:\\\/\\\/promoelectrofrance.com\\\/?product=console-microsoft-xbox-series-s-blanc#primaryimage\",\"url\":\"https:\\\/\\\/promoelectrofrance.com\\\/wp-content\\\/uploads\\\/2026\\\/04\\\/Console-Microsoft-Xbox-Series-S-Blanc-6.jpg\",\"contentUrl\":\"https:\\\/\\\/promoelectrofrance.com\\\/wp-content\\\/uploads\\\/2026\\\/04\\\/Console-Microsoft-Xbox-Series-S-Blanc-6.jpg\",\"width\":1000,\"height\":924},{\"@type\":\"BreadcrumbList\",\"@id\":\"https:\\\/\\\/promoelectrofrance.com\\\/?product=console-microsoft-xbox-series-s-blanc#breadcrumb\",\"itemListElement\":[{\"@type\":\"ListItem\",\"position\":1,\"name\":\"Accueil\",\"item\":\"https:\\\/\\\/promoelectrofrance.com\\\/\"},{\"@type\":\"ListItem\",\"position\":2,\"name\":\"Boutique\",\"item\":\"https:\\\/\\\/promoelectrofrance.com\\\/?page_id=8\"},{\"@type\":\"ListItem\",\"position\":3,\"name\":\"Console Microsoft Xbox Series S Blanc\"}]},{\"@type\":\"WebSite\",\"@id\":\"https:\\\/\\\/promoelectrofrance.com\\\/#website\",\"url\":\"https:\\\/\\\/promoelectrofrance.com\\\/\",\"name\":\"Promo Electro France\",\"description\":\"\",\"potentialAction\":[{\"@type\":\"SearchAction\",\"target\":{\"@type\":\"EntryPoint\",\"urlTemplate\":\"https:\\\/\\\/promoelectrofrance.com\\\/?s={search_term_string}\"},\"query-input\":{\"@type\":\"PropertyValueSpecification\",\"valueRequired\":true,\"valueName\":\"search_term_string\"}}],\"inLanguage\":\"fr-FR\"}]}<\/script>\n<!-- \/ Yoast SEO plugin. -->","yoast_head_json":{"title":"Console Microsoft Xbox Series S Blanc - Promo Electro France","robots":{"index":"index","follow":"follow","max-snippet":"max-snippet:-1","max-image-preview":"max-image-preview:large","max-video-preview":"max-video-preview:-1"},"canonical":"https:\/\/promoelectrofrance.com\/?product=console-microsoft-xbox-series-s-blanc","og_locale":"fr_FR","og_type":"article","og_title":"Console Microsoft Xbox Series S Blanc - Promo Electro France","og_description":"Jeux jusqu\u2019\u00e0 120 FPS  1440p + 4K upscal\u00e9e  SSD NVMe rapide (512 Go)  Format compact &amp; l\u00e9ger","og_url":"https:\/\/promoelectrofrance.com\/?product=console-microsoft-xbox-series-s-blanc","og_site_name":"Promo Electro France","article_modified_time":"2026-04-16T21:38:25+00:00","twitter_card":"summary_large_image","schema":{"@context":"https:\/\/schema.org","@graph":[{"@type":"WebPage","@id":"https:\/\/promoelectrofrance.com\/?product=console-microsoft-xbox-series-s-blanc","url":"https:\/\/promoelectrofrance.com\/?product=console-microsoft-xbox-series-s-blanc","name":"Console Microsoft Xbox Series S Blanc - Promo Electro France","isPartOf":{"@id":"https:\/\/promoelectrofrance.com\/#website"},"primaryImageOfPage":{"@id":"https:\/\/promoelectrofrance.com\/?product=console-microsoft-xbox-series-s-blanc#primaryimage"},"image":{"@id":"https:\/\/promoelectrofrance.com\/?product=console-microsoft-xbox-series-s-blanc#primaryimage"},"thumbnailUrl":"https:\/\/promoelectrofrance.com\/wp-content\/uploads\/2026\/04\/Console-Microsoft-Xbox-Series-S-Blanc-6.jpg","datePublished":"2026-04-16T21:37:11+00:00","dateModified":"2026-04-16T21:38:25+00:00","breadcrumb":{"@id":"https:\/\/promoelectrofrance.com\/?product=console-microsoft-xbox-series-s-blanc#breadcrumb"},"inLanguage":"fr-FR","potentialAction":[{"@type":"ReadAction","target":["https:\/\/promoelectrofrance.com\/?product=console-microsoft-xbox-series-s-blanc"]}]},{"@type":"ImageObject","inLanguage":"fr-FR","@id":"https:\/\/promoelectrofrance.com\/?product=console-microsoft-xbox-series-s-blanc#primaryimage","url":"https:\/\/promoelectrofrance.com\/wp-content\/uploads\/2026\/04\/Console-Microsoft-Xbox-Series-S-Blanc-6.jpg","contentUrl":"https:\/\/promoelectrofrance.com\/wp-content\/uploads\/2026\/04\/Console-Microsoft-Xbox-Series-S-Blanc-6.jpg","width":1000,"height":924},{"@type":"BreadcrumbList","@id":"https:\/\/promoelectrofrance.com\/?product=console-microsoft-xbox-series-s-blanc#breadcrumb","itemListElement":[{"@type":"ListItem","position":1,"name":"Accueil","item":"https:\/\/promoelectrofrance.com\/"},{"@type":"ListItem","position":2,"name":"Boutique","item":"https:\/\/promoelectrofrance.com\/?page_id=8"},{"@type":"ListItem","position":3,"name":"Console Microsoft Xbox Series S Blanc"}]},{"@type":"WebSite","@id":"https:\/\/promoelectrofrance.com\/#website","url":"https:\/\/promoelectrofrance.com\/","name":"Promo Electro France","description":"","potentialAction":[{"@type":"SearchAction","target":{"@type":"EntryPoint","urlTemplate":"https:\/\/promoelectrofrance.com\/?s={search_term_string}"},"query-input":{"@type":"PropertyValueSpecification","valueRequired":true,"valueName":"search_term_string"}}],"inLanguage":"fr-FR"}]}},"_links":{"self":[{"href":"https:\/\/promoelectrofrance.com\/index.php?rest_route=\/wp\/v2\/product\/21393","targetHints":{"allow":["GET"]}}],"collection":[{"href":"https:\/\/promoelectrofrance.com\/index.php?rest_route=\/wp\/v2\/product"}],"about":[{"href":"https:\/\/promoelectrofrance.com\/index.php?rest_route=\/wp\/v2\/types\/product"}],"replies":[{"embeddable":true,"href":"https:\/\/promoelectrofrance.com\/index.php?rest_route=%2Fwp%2Fv2%2Fcomments&post=21393"}],"version-history":[{"count":0,"href":"https:\/\/promoelectrofrance.com\/index.php?rest_route=\/wp\/v2\/product\/21393\/revisions"}],"wp:featuredmedia":[{"embeddable":true,"href":"https:\/\/promoelectrofrance.com\/index.php?rest_route=\/wp\/v2\/media\/21459"}],"wp:attachment":[{"href":"https:\/\/promoelectrofrance.com\/index.php?rest_route=%2Fwp%2Fv2%2Fmedia&parent=21393"}],"wp:term":[{"taxonomy":"product_brand","embeddable":true,"href":"https:\/\/promoelectrofrance.com\/index.php?rest_route=%2Fwp%2Fv2%2Fproduct_brand&post=21393"},{"taxonomy":"product_cat","embeddable":true,"href":"https:\/\/promoelectrofrance.com\/index.php?rest_route=%2Fwp%2Fv2%2Fproduct_cat&post=21393"},{"taxonomy":"product_tag","embeddable":true,"href":"https:\/\/promoelectrofrance.com\/index.php?rest_route=%2Fwp%2Fv2%2Fproduct_tag&post=21393"}],"curies":[{"name":"wp","href":"https:\/\/api.w.org\/{rel}","templated":true}]}}