{"id":21388,"date":"2026-04-16T23:37:09","date_gmt":"2026-04-16T21:37:09","guid":{"rendered":"https:\/\/promoelectrofrance.com\/?post_type=product&#038;p=21388"},"modified":"2026-04-16T23:37:44","modified_gmt":"2026-04-16T21:37:44","slug":"console-nintendo-switch-2-noir","status":"publish","type":"product","link":"https:\/\/promoelectrofrance.com\/?product=console-nintendo-switch-2-noir","title":{"rendered":"Console Nintendo Switch 2 Noir"},"content":{"rendered":"<h4>Console Nintendo Switch 2 Noir<\/h4>\n<table>\n<thead>\n<tr>\n<th><strong>Caract\u00e9ristiques<\/strong><\/th>\n<th><strong>D\u00e9tails<\/strong><\/th>\n<\/tr>\n<\/thead>\n<tbody>\n<tr>\n<td><strong>Plateforme<\/strong><\/td>\n<td>Nintendo Switch 2<\/td>\n<\/tr>\n<tr>\n<td><strong>Capacit\u00e9 de stockage<\/strong><\/td>\n<td>256 Go<\/td>\n<\/tr>\n<tr>\n<td><strong>Coloris<\/strong><\/td>\n<td>Noir<\/td>\n<\/tr>\n<tr>\n<td><strong>Couleur<\/strong><\/td>\n<td>Noir<\/td>\n<\/tr>\n<tr>\n<td><strong>D\u00e9finition<\/strong><\/td>\n<td>Full HD (1080p)<\/td>\n<\/tr>\n<tr>\n<td><strong>Taille d&#8217;\u00e9cran<\/strong><\/td>\n<td>7,9&#8243;<\/td>\n<\/tr>\n<tr>\n<td><strong>Communications sans fil<\/strong><\/td>\n<td>Wi-Fi<\/td>\n<\/tr>\n<tr>\n<td><strong>Connectique<\/strong><\/td>\n<td>2 USB Type C<\/td>\n<\/tr>\n<tr>\n<td><strong>Dimensions<\/strong><\/td>\n<td>\u00c9paisseur 13,9 mm<\/td>\n<\/tr>\n<tr>\n<td><strong>Caract\u00e9ristiques compl\u00e9mentaires<\/strong><\/td>\n<td>\u2013<\/td>\n<\/tr>\n<tr>\n<td><strong>Origine de fabrication<\/strong><\/td>\n<td>Fabriqu\u00e9 hors Europe<\/td>\n<\/tr>\n<tr>\n<td><strong>Disponibilit\u00e9 des pi\u00e8ces d\u00e9tach\u00e9es<\/strong><\/td>\n<td>Sans pi\u00e8ce d\u00e9tach\u00e9e<\/td>\n<\/tr>\n<tr>\n<td><\/td>\n<td><\/td>\n<\/tr>\n<tr>\n<td><strong>EAN<\/strong><\/td>\n<td>0045496321444<\/td>\n<\/tr>\n<\/tbody>\n<\/table>\n<p><img  \/ class=\"lws-optimize-lazyload\" data-src=\"https:\/\/best-electro-tech.com\/wp-content\/uploads\/2025\/09\/Console-Nintendo-Switch-2-Noir-600x600.jpg\"><\/p>\n","protected":false},"excerpt":{"rendered":"<ul>\n<li><strong>\u00c9cran 7,9&#8243; Full HD<\/strong><\/li>\n<li data-start=\"115\" data-end=\"136\"><strong data-start=\"115\" data-end=\"134\">Stockage 256 Go<\/strong><\/li>\n<li data-start=\"140\" data-end=\"166\"><strong data-start=\"140\" data-end=\"164\">Format fin (13,9 mm)<\/strong><\/li>\n<li data-start=\"170\" data-end=\"198\" data-is-last-node=\"\"><strong data-start=\"170\" data-end=\"196\">2 ports USB-C modernes<\/strong><\/li>\n<\/ul>\n","protected":false},"featured_media":21431,"comment_status":"open","ping_status":"closed","template":"","meta":[],"product_brand":[],"product_cat":[194,193,196],"product_tag":[],"class_list":{"0":"post-21388","1":"product","2":"type-product","3":"status-publish","4":"has-post-thumbnail","6":"product_cat-consoles","7":"product_cat-jeux","8":"product_cat-nintendo-consoles","11":"first","12":"instock","13":"sale","14":"shipping-taxable","15":"purchasable","16":"product-type-simple"},"yoast_head":"<!-- This site is optimized with the Yoast SEO plugin v27.3 - https:\/\/yoast.com\/product\/yoast-seo-wordpress\/ -->\n<title>Console Nintendo Switch 2 Noir - Promo Electro France<\/title>\n<meta name=\"robots\" content=\"index, follow, max-snippet:-1, max-image-preview:large, max-video-preview:-1\" \/>\n<link rel=\"canonical\" href=\"https:\/\/promoelectrofrance.com\/?product=console-nintendo-switch-2-noir\" \/>\n<meta property=\"og:locale\" content=\"fr_FR\" \/>\n<meta property=\"og:type\" content=\"article\" \/>\n<meta property=\"og:title\" content=\"Console Nintendo Switch 2 Noir - Promo Electro France\" \/>\n<meta property=\"og:description\" content=\"\u00c9cran 7,9&quot; Full HD  Stockage 256 Go  Format fin (13,9 mm)  2 ports USB-C modernes\" \/>\n<meta property=\"og:url\" content=\"https:\/\/promoelectrofrance.com\/?product=console-nintendo-switch-2-noir\" \/>\n<meta property=\"og:site_name\" content=\"Promo Electro France\" \/>\n<meta property=\"article:modified_time\" content=\"2026-04-16T21:37:44+00:00\" \/>\n<meta property=\"og:image\" content=\"https:\/\/best-electro-tech.com\/wp-content\/uploads\/2025\/09\/Console-Nintendo-Switch-2-Noir-600x600.jpg\" \/>\n<meta name=\"twitter:card\" content=\"summary_large_image\" \/>\n<script type=\"application\/ld+json\" class=\"yoast-schema-graph\">{\"@context\":\"https:\\\/\\\/schema.org\",\"@graph\":[{\"@type\":\"WebPage\",\"@id\":\"https:\\\/\\\/promoelectrofrance.com\\\/?product=console-nintendo-switch-2-noir\",\"url\":\"https:\\\/\\\/promoelectrofrance.com\\\/?product=console-nintendo-switch-2-noir\",\"name\":\"Console Nintendo Switch 2 Noir - Promo Electro France\",\"isPartOf\":{\"@id\":\"https:\\\/\\\/promoelectrofrance.com\\\/#website\"},\"primaryImageOfPage\":{\"@id\":\"https:\\\/\\\/promoelectrofrance.com\\\/?product=console-nintendo-switch-2-noir#primaryimage\"},\"image\":{\"@id\":\"https:\\\/\\\/promoelectrofrance.com\\\/?product=console-nintendo-switch-2-noir#primaryimage\"},\"thumbnailUrl\":\"https:\\\/\\\/promoelectrofrance.com\\\/wp-content\\\/uploads\\\/2026\\\/04\\\/Console-Nintendo-Switch-2-Noir-5.jpg\",\"datePublished\":\"2026-04-16T21:37:09+00:00\",\"dateModified\":\"2026-04-16T21:37:44+00:00\",\"breadcrumb\":{\"@id\":\"https:\\\/\\\/promoelectrofrance.com\\\/?product=console-nintendo-switch-2-noir#breadcrumb\"},\"inLanguage\":\"fr-FR\",\"potentialAction\":[{\"@type\":\"ReadAction\",\"target\":[\"https:\\\/\\\/promoelectrofrance.com\\\/?product=console-nintendo-switch-2-noir\"]}]},{\"@type\":\"ImageObject\",\"inLanguage\":\"fr-FR\",\"@id\":\"https:\\\/\\\/promoelectrofrance.com\\\/?product=console-nintendo-switch-2-noir#primaryimage\",\"url\":\"https:\\\/\\\/promoelectrofrance.com\\\/wp-content\\\/uploads\\\/2026\\\/04\\\/Console-Nintendo-Switch-2-Noir-5.jpg\",\"contentUrl\":\"https:\\\/\\\/promoelectrofrance.com\\\/wp-content\\\/uploads\\\/2026\\\/04\\\/Console-Nintendo-Switch-2-Noir-5.jpg\",\"width\":1000,\"height\":906},{\"@type\":\"BreadcrumbList\",\"@id\":\"https:\\\/\\\/promoelectrofrance.com\\\/?product=console-nintendo-switch-2-noir#breadcrumb\",\"itemListElement\":[{\"@type\":\"ListItem\",\"position\":1,\"name\":\"Accueil\",\"item\":\"https:\\\/\\\/promoelectrofrance.com\\\/\"},{\"@type\":\"ListItem\",\"position\":2,\"name\":\"Boutique\",\"item\":\"https:\\\/\\\/promoelectrofrance.com\\\/?page_id=8\"},{\"@type\":\"ListItem\",\"position\":3,\"name\":\"Console Nintendo Switch 2 Noir\"}]},{\"@type\":\"WebSite\",\"@id\":\"https:\\\/\\\/promoelectrofrance.com\\\/#website\",\"url\":\"https:\\\/\\\/promoelectrofrance.com\\\/\",\"name\":\"Promo Electro France\",\"description\":\"\",\"potentialAction\":[{\"@type\":\"SearchAction\",\"target\":{\"@type\":\"EntryPoint\",\"urlTemplate\":\"https:\\\/\\\/promoelectrofrance.com\\\/?s={search_term_string}\"},\"query-input\":{\"@type\":\"PropertyValueSpecification\",\"valueRequired\":true,\"valueName\":\"search_term_string\"}}],\"inLanguage\":\"fr-FR\"}]}<\/script>\n<!-- \/ Yoast SEO plugin. -->","yoast_head_json":{"title":"Console Nintendo Switch 2 Noir - Promo Electro France","robots":{"index":"index","follow":"follow","max-snippet":"max-snippet:-1","max-image-preview":"max-image-preview:large","max-video-preview":"max-video-preview:-1"},"canonical":"https:\/\/promoelectrofrance.com\/?product=console-nintendo-switch-2-noir","og_locale":"fr_FR","og_type":"article","og_title":"Console Nintendo Switch 2 Noir - Promo Electro France","og_description":"\u00c9cran 7,9\" Full HD  Stockage 256 Go  Format fin (13,9 mm)  2 ports USB-C modernes","og_url":"https:\/\/promoelectrofrance.com\/?product=console-nintendo-switch-2-noir","og_site_name":"Promo Electro France","article_modified_time":"2026-04-16T21:37:44+00:00","og_image":[{"url":"https:\/\/best-electro-tech.com\/wp-content\/uploads\/2025\/09\/Console-Nintendo-Switch-2-Noir-600x600.jpg","type":"","width":"","height":""}],"twitter_card":"summary_large_image","schema":{"@context":"https:\/\/schema.org","@graph":[{"@type":"WebPage","@id":"https:\/\/promoelectrofrance.com\/?product=console-nintendo-switch-2-noir","url":"https:\/\/promoelectrofrance.com\/?product=console-nintendo-switch-2-noir","name":"Console Nintendo Switch 2 Noir - Promo Electro France","isPartOf":{"@id":"https:\/\/promoelectrofrance.com\/#website"},"primaryImageOfPage":{"@id":"https:\/\/promoelectrofrance.com\/?product=console-nintendo-switch-2-noir#primaryimage"},"image":{"@id":"https:\/\/promoelectrofrance.com\/?product=console-nintendo-switch-2-noir#primaryimage"},"thumbnailUrl":"https:\/\/promoelectrofrance.com\/wp-content\/uploads\/2026\/04\/Console-Nintendo-Switch-2-Noir-5.jpg","datePublished":"2026-04-16T21:37:09+00:00","dateModified":"2026-04-16T21:37:44+00:00","breadcrumb":{"@id":"https:\/\/promoelectrofrance.com\/?product=console-nintendo-switch-2-noir#breadcrumb"},"inLanguage":"fr-FR","potentialAction":[{"@type":"ReadAction","target":["https:\/\/promoelectrofrance.com\/?product=console-nintendo-switch-2-noir"]}]},{"@type":"ImageObject","inLanguage":"fr-FR","@id":"https:\/\/promoelectrofrance.com\/?product=console-nintendo-switch-2-noir#primaryimage","url":"https:\/\/promoelectrofrance.com\/wp-content\/uploads\/2026\/04\/Console-Nintendo-Switch-2-Noir-5.jpg","contentUrl":"https:\/\/promoelectrofrance.com\/wp-content\/uploads\/2026\/04\/Console-Nintendo-Switch-2-Noir-5.jpg","width":1000,"height":906},{"@type":"BreadcrumbList","@id":"https:\/\/promoelectrofrance.com\/?product=console-nintendo-switch-2-noir#breadcrumb","itemListElement":[{"@type":"ListItem","position":1,"name":"Accueil","item":"https:\/\/promoelectrofrance.com\/"},{"@type":"ListItem","position":2,"name":"Boutique","item":"https:\/\/promoelectrofrance.com\/?page_id=8"},{"@type":"ListItem","position":3,"name":"Console Nintendo Switch 2 Noir"}]},{"@type":"WebSite","@id":"https:\/\/promoelectrofrance.com\/#website","url":"https:\/\/promoelectrofrance.com\/","name":"Promo Electro France","description":"","potentialAction":[{"@type":"SearchAction","target":{"@type":"EntryPoint","urlTemplate":"https:\/\/promoelectrofrance.com\/?s={search_term_string}"},"query-input":{"@type":"PropertyValueSpecification","valueRequired":true,"valueName":"search_term_string"}}],"inLanguage":"fr-FR"}]}},"_links":{"self":[{"href":"https:\/\/promoelectrofrance.com\/index.php?rest_route=\/wp\/v2\/product\/21388","targetHints":{"allow":["GET"]}}],"collection":[{"href":"https:\/\/promoelectrofrance.com\/index.php?rest_route=\/wp\/v2\/product"}],"about":[{"href":"https:\/\/promoelectrofrance.com\/index.php?rest_route=\/wp\/v2\/types\/product"}],"replies":[{"embeddable":true,"href":"https:\/\/promoelectrofrance.com\/index.php?rest_route=%2Fwp%2Fv2%2Fcomments&post=21388"}],"version-history":[{"count":0,"href":"https:\/\/promoelectrofrance.com\/index.php?rest_route=\/wp\/v2\/product\/21388\/revisions"}],"wp:featuredmedia":[{"embeddable":true,"href":"https:\/\/promoelectrofrance.com\/index.php?rest_route=\/wp\/v2\/media\/21431"}],"wp:attachment":[{"href":"https:\/\/promoelectrofrance.com\/index.php?rest_route=%2Fwp%2Fv2%2Fmedia&parent=21388"}],"wp:term":[{"taxonomy":"product_brand","embeddable":true,"href":"https:\/\/promoelectrofrance.com\/index.php?rest_route=%2Fwp%2Fv2%2Fproduct_brand&post=21388"},{"taxonomy":"product_cat","embeddable":true,"href":"https:\/\/promoelectrofrance.com\/index.php?rest_route=%2Fwp%2Fv2%2Fproduct_cat&post=21388"},{"taxonomy":"product_tag","embeddable":true,"href":"https:\/\/promoelectrofrance.com\/index.php?rest_route=%2Fwp%2Fv2%2Fproduct_tag&post=21388"}],"curies":[{"name":"wp","href":"https:\/\/api.w.org\/{rel}","templated":true}]}}