{"id":21386,"date":"2026-04-16T23:37:08","date_gmt":"2026-04-16T21:37:08","guid":{"rendered":"https:\/\/promoelectrofrance.com\/?post_type=product&#038;p=21386"},"modified":"2026-04-16T23:37:34","modified_gmt":"2026-04-16T21:37:34","slug":"console-sony-ps5-pro-blanc-et-noir","status":"publish","type":"product","link":"https:\/\/promoelectrofrance.com\/?product=console-sony-ps5-pro-blanc-et-noir","title":{"rendered":"Console Sony PS5 Pro Blanc et Noir"},"content":{"rendered":"<h4><strong>Console Sony PS5 Pro Blanc et Noir<\/strong><\/h4>\n<table>\n<thead>\n<tr>\n<th><strong>Caract\u00e9ristiques<\/strong><\/th>\n<th><strong>D\u00e9tails<\/strong><\/th>\n<\/tr>\n<\/thead>\n<tbody>\n<tr>\n<td><strong>Plateforme<\/strong><\/td>\n<td>Playstation 5 Pro (exclusivement num\u00e9rique)<\/td>\n<\/tr>\n<tr>\n<td><strong>Capacit\u00e9 de stockage<\/strong><\/td>\n<td>2048 Go<\/td>\n<\/tr>\n<tr>\n<td><strong>Coloris<\/strong><\/td>\n<td>Blanc et noir<\/td>\n<\/tr>\n<tr>\n<td><strong>Couleur<\/strong><\/td>\n<td>Blanc et noir<\/td>\n<\/tr>\n<tr>\n<td><strong>Type de lecteur<\/strong><\/td>\n<td>Aucun \u2013 console exclusivement num\u00e9rique (pas de lecteur de disques)<\/td>\n<\/tr>\n<tr>\n<td><strong>Communications sans fil<\/strong><\/td>\n<td>Wi-Fi (compatible Wi-Fi 6 et Wi-Fi 5)<\/td>\n<\/tr>\n<tr>\n<td><strong>Connectique<\/strong><\/td>\n<td>1 HDMI (Sortie vid\u00e9o 1440p)<\/td>\n<\/tr>\n<tr>\n<td><strong>Alimentation<\/strong><\/td>\n<td>Cordon d&#8217;alimentation<\/td>\n<\/tr>\n<tr>\n<td><strong>Dimensions<\/strong><\/td>\n<td>Environ 388 mm x 89 mm x 216 mm<\/td>\n<\/tr>\n<tr>\n<td><strong>Poids<\/strong><\/td>\n<td>3,1 kg<\/td>\n<\/tr>\n<tr>\n<td><strong>Choix durable<\/strong><\/td>\n<td>Oui<\/td>\n<\/tr>\n<tr>\n<td><strong>Disponibilit\u00e9 des pi\u00e8ces d\u00e9tach\u00e9es<\/strong><\/td>\n<td>NON DISPONIBLE<\/td>\n<\/tr>\n<tr>\n<td><\/td>\n<td><\/td>\n<\/tr>\n<tr>\n<td><strong>EAN<\/strong><\/td>\n<td>0711719024040<\/td>\n<\/tr>\n<\/tbody>\n<\/table>\n<p>&nbsp;<\/p>\n<header class=\"f-productLayer__header\">\n<div class=\"f-productLayer__container\">\n<h2 class=\"f-productLayer__title\" data-automation-id=\"title-included-accessories-label\">Accessoires inclus<\/h2>\n<\/div>\n<\/header>\n<div class=\"f-productLayer__body\">\n<div class=\"f-productLayer__container includedAccessoriesStrate\">\n<div class=\"includedAccessoriesStrate__lists\">\n<ul class=\"includedAccessoriesStrate__list\">\n<li class=\"includedAccessoriesStrate__item\">Console PS5\u00aePro<\/li>\n<li class=\"includedAccessoriesStrate__item\">manette sans fil DualSense\u00ae<\/li>\n<li class=\"includedAccessoriesStrate__item\">disque SSD de 2 To<\/li>\n<li class=\"includedAccessoriesStrate__item\">deux pieds de socle horizontaux<\/li>\n<\/ul>\n<ul class=\"includedAccessoriesStrate__list\">\n<li class=\"includedAccessoriesStrate__item\">c\u00e2ble HDMI\u00ae<\/li>\n<li class=\"includedAccessoriesStrate__item\">cordon d&#8217;alimentation<\/li>\n<li class=\"includedAccessoriesStrate__item\">mode d&#8217;emploi<\/li>\n<li class=\"includedAccessoriesStrate__item\">ASTRO&#8217;s PLAYROOM (jeu pr\u00e9-install\u00e9)<\/li>\n<\/ul>\n<p><img  \/ class=\"lws-optimize-lazyload\" data-src=\"https:\/\/best-electro-tech.com\/wp-content\/uploads\/2025\/09\/Console-Sony-PS5-Pro-Blanc-et-Noir.jpg\"><\/p>\n<\/div>\n<\/div>\n<\/div>\n","protected":false},"excerpt":{"rendered":"<ul>\n<li><strong>Stockage 2 To<\/strong><\/li>\n<li data-start=\"96\" data-end=\"122\"><strong data-start=\"96\" data-end=\"120\">Plus l\u00e9g\u00e8re (3,1 kg)<\/strong><\/li>\n<li data-start=\"126\" data-end=\"153\"><strong data-start=\"126\" data-end=\"151\">Compatibilit\u00e9 Wi-Fi 6<\/strong><\/li>\n<li data-start=\"157\" data-end=\"182\" data-is-last-node=\"\"><strong data-start=\"157\" data-end=\"180\">Format 100% digital<\/strong><\/li>\n<\/ul>\n","protected":false},"featured_media":21423,"comment_status":"open","ping_status":"closed","template":"","meta":[],"product_brand":[],"product_cat":[194,193,195],"product_tag":[],"class_list":{"0":"post-21386","1":"product","2":"type-product","3":"status-publish","4":"has-post-thumbnail","6":"product_cat-consoles","7":"product_cat-jeux","8":"product_cat-playstation-consoles","11":"first","12":"instock","13":"sale","14":"shipping-taxable","15":"purchasable","16":"product-type-simple"},"yoast_head":"<!-- This site is optimized with the Yoast SEO plugin v27.3 - https:\/\/yoast.com\/product\/yoast-seo-wordpress\/ -->\n<title>Console Sony PS5 Pro Blanc et Noir - Promo Electro France<\/title>\n<meta name=\"robots\" content=\"index, follow, max-snippet:-1, max-image-preview:large, max-video-preview:-1\" \/>\n<link rel=\"canonical\" href=\"https:\/\/promoelectrofrance.com\/?product=console-sony-ps5-pro-blanc-et-noir\" \/>\n<meta property=\"og:locale\" content=\"fr_FR\" \/>\n<meta property=\"og:type\" content=\"article\" \/>\n<meta property=\"og:title\" content=\"Console Sony PS5 Pro Blanc et Noir - Promo Electro France\" \/>\n<meta property=\"og:description\" content=\"Stockage 2 To  Plus l\u00e9g\u00e8re (3,1 kg)  Compatibilit\u00e9 Wi-Fi 6  Format 100% digital\" \/>\n<meta property=\"og:url\" content=\"https:\/\/promoelectrofrance.com\/?product=console-sony-ps5-pro-blanc-et-noir\" \/>\n<meta property=\"og:site_name\" content=\"Promo Electro France\" \/>\n<meta property=\"article:modified_time\" content=\"2026-04-16T21:37:34+00:00\" \/>\n<meta property=\"og:image\" content=\"https:\/\/best-electro-tech.com\/wp-content\/uploads\/2025\/09\/Console-Sony-PS5-Pro-Blanc-et-Noir.jpg\" \/>\n<meta name=\"twitter:card\" content=\"summary_large_image\" \/>\n<meta name=\"twitter:label1\" content=\"Dur\u00e9e de lecture estim\u00e9e\" \/>\n\t<meta name=\"twitter:data1\" content=\"1 minute\" \/>\n<script type=\"application\/ld+json\" class=\"yoast-schema-graph\">{\"@context\":\"https:\\\/\\\/schema.org\",\"@graph\":[{\"@type\":\"WebPage\",\"@id\":\"https:\\\/\\\/promoelectrofrance.com\\\/?product=console-sony-ps5-pro-blanc-et-noir\",\"url\":\"https:\\\/\\\/promoelectrofrance.com\\\/?product=console-sony-ps5-pro-blanc-et-noir\",\"name\":\"Console Sony PS5 Pro Blanc et Noir - Promo Electro France\",\"isPartOf\":{\"@id\":\"https:\\\/\\\/promoelectrofrance.com\\\/#website\"},\"primaryImageOfPage\":{\"@id\":\"https:\\\/\\\/promoelectrofrance.com\\\/?product=console-sony-ps5-pro-blanc-et-noir#primaryimage\"},\"image\":{\"@id\":\"https:\\\/\\\/promoelectrofrance.com\\\/?product=console-sony-ps5-pro-blanc-et-noir#primaryimage\"},\"thumbnailUrl\":\"https:\\\/\\\/promoelectrofrance.com\\\/wp-content\\\/uploads\\\/2026\\\/04\\\/Console-Sony-PS5-Pro-Blanc-et-Noir-4.jpg\",\"datePublished\":\"2026-04-16T21:37:08+00:00\",\"dateModified\":\"2026-04-16T21:37:34+00:00\",\"breadcrumb\":{\"@id\":\"https:\\\/\\\/promoelectrofrance.com\\\/?product=console-sony-ps5-pro-blanc-et-noir#breadcrumb\"},\"inLanguage\":\"fr-FR\",\"potentialAction\":[{\"@type\":\"ReadAction\",\"target\":[\"https:\\\/\\\/promoelectrofrance.com\\\/?product=console-sony-ps5-pro-blanc-et-noir\"]}]},{\"@type\":\"ImageObject\",\"inLanguage\":\"fr-FR\",\"@id\":\"https:\\\/\\\/promoelectrofrance.com\\\/?product=console-sony-ps5-pro-blanc-et-noir#primaryimage\",\"url\":\"https:\\\/\\\/promoelectrofrance.com\\\/wp-content\\\/uploads\\\/2026\\\/04\\\/Console-Sony-PS5-Pro-Blanc-et-Noir-4.jpg\",\"contentUrl\":\"https:\\\/\\\/promoelectrofrance.com\\\/wp-content\\\/uploads\\\/2026\\\/04\\\/Console-Sony-PS5-Pro-Blanc-et-Noir-4.jpg\",\"width\":500,\"height\":209},{\"@type\":\"BreadcrumbList\",\"@id\":\"https:\\\/\\\/promoelectrofrance.com\\\/?product=console-sony-ps5-pro-blanc-et-noir#breadcrumb\",\"itemListElement\":[{\"@type\":\"ListItem\",\"position\":1,\"name\":\"Accueil\",\"item\":\"https:\\\/\\\/promoelectrofrance.com\\\/\"},{\"@type\":\"ListItem\",\"position\":2,\"name\":\"Boutique\",\"item\":\"https:\\\/\\\/promoelectrofrance.com\\\/?page_id=8\"},{\"@type\":\"ListItem\",\"position\":3,\"name\":\"Console Sony PS5 Pro Blanc et Noir\"}]},{\"@type\":\"WebSite\",\"@id\":\"https:\\\/\\\/promoelectrofrance.com\\\/#website\",\"url\":\"https:\\\/\\\/promoelectrofrance.com\\\/\",\"name\":\"Promo Electro France\",\"description\":\"\",\"potentialAction\":[{\"@type\":\"SearchAction\",\"target\":{\"@type\":\"EntryPoint\",\"urlTemplate\":\"https:\\\/\\\/promoelectrofrance.com\\\/?s={search_term_string}\"},\"query-input\":{\"@type\":\"PropertyValueSpecification\",\"valueRequired\":true,\"valueName\":\"search_term_string\"}}],\"inLanguage\":\"fr-FR\"}]}<\/script>\n<!-- \/ Yoast SEO plugin. -->","yoast_head_json":{"title":"Console Sony PS5 Pro Blanc et Noir - Promo Electro France","robots":{"index":"index","follow":"follow","max-snippet":"max-snippet:-1","max-image-preview":"max-image-preview:large","max-video-preview":"max-video-preview:-1"},"canonical":"https:\/\/promoelectrofrance.com\/?product=console-sony-ps5-pro-blanc-et-noir","og_locale":"fr_FR","og_type":"article","og_title":"Console Sony PS5 Pro Blanc et Noir - Promo Electro France","og_description":"Stockage 2 To  Plus l\u00e9g\u00e8re (3,1 kg)  Compatibilit\u00e9 Wi-Fi 6  Format 100% digital","og_url":"https:\/\/promoelectrofrance.com\/?product=console-sony-ps5-pro-blanc-et-noir","og_site_name":"Promo Electro France","article_modified_time":"2026-04-16T21:37:34+00:00","og_image":[{"url":"https:\/\/best-electro-tech.com\/wp-content\/uploads\/2025\/09\/Console-Sony-PS5-Pro-Blanc-et-Noir.jpg","type":"","width":"","height":""}],"twitter_card":"summary_large_image","twitter_misc":{"Dur\u00e9e de lecture estim\u00e9e":"1 minute"},"schema":{"@context":"https:\/\/schema.org","@graph":[{"@type":"WebPage","@id":"https:\/\/promoelectrofrance.com\/?product=console-sony-ps5-pro-blanc-et-noir","url":"https:\/\/promoelectrofrance.com\/?product=console-sony-ps5-pro-blanc-et-noir","name":"Console Sony PS5 Pro Blanc et Noir - Promo Electro France","isPartOf":{"@id":"https:\/\/promoelectrofrance.com\/#website"},"primaryImageOfPage":{"@id":"https:\/\/promoelectrofrance.com\/?product=console-sony-ps5-pro-blanc-et-noir#primaryimage"},"image":{"@id":"https:\/\/promoelectrofrance.com\/?product=console-sony-ps5-pro-blanc-et-noir#primaryimage"},"thumbnailUrl":"https:\/\/promoelectrofrance.com\/wp-content\/uploads\/2026\/04\/Console-Sony-PS5-Pro-Blanc-et-Noir-4.jpg","datePublished":"2026-04-16T21:37:08+00:00","dateModified":"2026-04-16T21:37:34+00:00","breadcrumb":{"@id":"https:\/\/promoelectrofrance.com\/?product=console-sony-ps5-pro-blanc-et-noir#breadcrumb"},"inLanguage":"fr-FR","potentialAction":[{"@type":"ReadAction","target":["https:\/\/promoelectrofrance.com\/?product=console-sony-ps5-pro-blanc-et-noir"]}]},{"@type":"ImageObject","inLanguage":"fr-FR","@id":"https:\/\/promoelectrofrance.com\/?product=console-sony-ps5-pro-blanc-et-noir#primaryimage","url":"https:\/\/promoelectrofrance.com\/wp-content\/uploads\/2026\/04\/Console-Sony-PS5-Pro-Blanc-et-Noir-4.jpg","contentUrl":"https:\/\/promoelectrofrance.com\/wp-content\/uploads\/2026\/04\/Console-Sony-PS5-Pro-Blanc-et-Noir-4.jpg","width":500,"height":209},{"@type":"BreadcrumbList","@id":"https:\/\/promoelectrofrance.com\/?product=console-sony-ps5-pro-blanc-et-noir#breadcrumb","itemListElement":[{"@type":"ListItem","position":1,"name":"Accueil","item":"https:\/\/promoelectrofrance.com\/"},{"@type":"ListItem","position":2,"name":"Boutique","item":"https:\/\/promoelectrofrance.com\/?page_id=8"},{"@type":"ListItem","position":3,"name":"Console Sony PS5 Pro Blanc et Noir"}]},{"@type":"WebSite","@id":"https:\/\/promoelectrofrance.com\/#website","url":"https:\/\/promoelectrofrance.com\/","name":"Promo Electro France","description":"","potentialAction":[{"@type":"SearchAction","target":{"@type":"EntryPoint","urlTemplate":"https:\/\/promoelectrofrance.com\/?s={search_term_string}"},"query-input":{"@type":"PropertyValueSpecification","valueRequired":true,"valueName":"search_term_string"}}],"inLanguage":"fr-FR"}]}},"_links":{"self":[{"href":"https:\/\/promoelectrofrance.com\/index.php?rest_route=\/wp\/v2\/product\/21386","targetHints":{"allow":["GET"]}}],"collection":[{"href":"https:\/\/promoelectrofrance.com\/index.php?rest_route=\/wp\/v2\/product"}],"about":[{"href":"https:\/\/promoelectrofrance.com\/index.php?rest_route=\/wp\/v2\/types\/product"}],"replies":[{"embeddable":true,"href":"https:\/\/promoelectrofrance.com\/index.php?rest_route=%2Fwp%2Fv2%2Fcomments&post=21386"}],"version-history":[{"count":0,"href":"https:\/\/promoelectrofrance.com\/index.php?rest_route=\/wp\/v2\/product\/21386\/revisions"}],"wp:featuredmedia":[{"embeddable":true,"href":"https:\/\/promoelectrofrance.com\/index.php?rest_route=\/wp\/v2\/media\/21423"}],"wp:attachment":[{"href":"https:\/\/promoelectrofrance.com\/index.php?rest_route=%2Fwp%2Fv2%2Fmedia&parent=21386"}],"wp:term":[{"taxonomy":"product_brand","embeddable":true,"href":"https:\/\/promoelectrofrance.com\/index.php?rest_route=%2Fwp%2Fv2%2Fproduct_brand&post=21386"},{"taxonomy":"product_cat","embeddable":true,"href":"https:\/\/promoelectrofrance.com\/index.php?rest_route=%2Fwp%2Fv2%2Fproduct_cat&post=21386"},{"taxonomy":"product_tag","embeddable":true,"href":"https:\/\/promoelectrofrance.com\/index.php?rest_route=%2Fwp%2Fv2%2Fproduct_tag&post=21386"}],"curies":[{"name":"wp","href":"https:\/\/api.w.org\/{rel}","templated":true}]}}